{"id":104,"date":"2026-01-07T07:15:27","date_gmt":"2026-01-07T07:15:27","guid":{"rendered":"https:\/\/hoian-historic-hotel.ms2.decms.asia\/dining\/the-oaks-terrace\/"},"modified":"2026-01-19T07:41:50","modified_gmt":"2026-01-19T07:41:50","slug":"the-oaks-terrace","status":"publish","type":"page","link":"https:\/\/www.hoianhistorichotel.com.vn\/vi\/dining\/the-oaks-terrace\/","title":{"rendered":"The Oaks Terrace"},"content":{"rendered":"<p>The Oaks Terrace mang tinh th\u1ea7n \u1ea9m th\u1ef1c ch\u00e2u \u00c2u hi\u1ec7n \u0111\u1ea1i \u0111\u1ebfn m\u1ed9t g\u00f3c y\u00ean b\u00ecnh gi\u1eefa l\u00f2ng H\u1ed9i An. \u0110\u01b0\u1ee3c bao quanh b\u1edfi nh\u1eefng t\u00e1n s\u1ed3i duy\u00ean d\u00e1ng, nh\u00e0 h\u00e0ng mang \u0111\u1ebfn tr\u1ea3i nghi\u1ec7m \u1ea9m th\u1ef1c c\u1ea3 ng\u00e0y, n\u01a1i n\u00e9t th\u1ea9m m\u1ef9 c\u1ed5 \u0111i\u1ec3n h\u00f2a quy\u1ec7n c\u00f9ng b\u1ea7u kh\u00f4ng kh\u00ed nh\u1eb9 nh\u00e0ng v\u00e0 g\u1ea7n g\u0169i. Th\u1ef1c kh\u00e1ch c\u00f3 th\u1ec3 th\u01b0\u1edfng th\u1ee9c th\u1ef1c \u0111\u01a1n qu\u1ed1c t\u1ebf g\u1ecdi m\u00f3n \u0111\u01b0\u1ee3c tuy\u1ec3n ch\u1ecdn k\u1ef9 l\u01b0\u1ee1ng, ph\u00f9 h\u1ee3p cho b\u1eefa tr\u01b0a th\u01b0 th\u1ea3, b\u1eefa t\u1ed1i tinh t\u1ebf hay c\u00e1c bu\u1ed5i ti\u1ec7c theo ch\u1ee7 \u0111\u1ec1. V\u1edbi kh\u00f4ng gian trang nh\u00e3 v\u00e0 phong c\u00e1ch ph\u1ee5c v\u1ee5 chu \u0111\u00e1o, The Oaks Terrace l\u00e0 \u0111i\u1ec3m h\u1eb9n l\u00fd t\u01b0\u1edfng cho nh\u1eefng kho\u1ea3nh kh\u1eafc \u1ea9m th\u1ef1c \u0111\u00e1ng nh\u1edb t\u1eeb ng\u00e0y \u0111\u1ebfn \u0111\u00eam.<\/p>\n","protected":false},"excerpt":{"rendered":"<p>The Oaks Terrace mang tinh th\u1ea7n \u1ea9m th\u1ef1c ch\u00e2u \u00c2u hi\u1ec7n \u0111\u1ea1i \u0111\u1ebfn m\u1ed9t g\u00f3c y\u00ean b\u00ecnh gi\u1eefa l\u00f2ng H\u1ed9i An. \u0110\u01b0\u1ee3c bao quanh b\u1edfi nh\u1eefng t\u00e1n s\u1ed3i duy\u00ean d\u00e1ng, nh\u00e0 h\u00e0ng mang \u0111\u1ebfn tr\u1ea3i nghi\u1ec7m \u1ea9m th\u1ef1c c\u1ea3 ng\u00e0y, n\u01a1i n\u00e9t th\u1ea9m m\u1ef9 c\u1ed5 \u0111i\u1ec3n h\u00f2a quy\u1ec7n c\u00f9ng b\u1ea7u kh\u00f4ng kh\u00ed nh\u1eb9 nh\u00e0ng v\u00e0 [&hellip;]<\/p>\n","protected":false},"author":5,"featured_media":0,"parent":89,"menu_order":0,"comment_status":"closed","ping_status":"closed","template":"template-single-restaurant.php","meta":{"footnotes":""},"yoast_head":"<!-- This site is optimized with the Yoast SEO plugin v22.3 - https:\/\/yoast.com\/wordpress\/plugins\/seo\/ -->\n<title>Tr\u1ea3i nghi\u1ec7m \u1ea9m th\u1ef1c t\u1ea1i The Oaks Terrace | Hoi An Historic Hotel<\/title>\n<meta name=\"description\" content=\"Kh\u00e1m ph\u00e1 The Oaks Terrace t\u1ea1i Hoi An Historic Hotel v\u1edbi phong c\u00e1ch brasserie ch\u00e2u \u00c2u, ph\u1ee5c v\u1ee5 c\u1ea3 ng\u00e0y c\u00f9ng h\u01b0\u01a1ng v\u1ecb qu\u1ed1c t\u1ebf tinh t\u1ebf trong kh\u00f4ng gian thanh l\u1ecbch.\" \/>\n<meta name=\"robots\" content=\"index, follow, max-snippet:-1, max-image-preview:large, max-video-preview:-1\" \/>\n<link rel=\"canonical\" href=\"https:\/\/www.hoianhistorichotel.com.vn\/vi\/dining\/the-oaks-terrace\/\" \/>\n<meta property=\"og:locale\" content=\"vi_VN\" \/>\n<meta property=\"og:type\" content=\"article\" \/>\n<meta property=\"og:title\" content=\"Tr\u1ea3i nghi\u1ec7m \u1ea9m th\u1ef1c t\u1ea1i The Oaks Terrace | Hoi An Historic Hotel\" \/>\n<meta property=\"og:description\" content=\"Kh\u00e1m ph\u00e1 The Oaks Terrace t\u1ea1i Hoi An Historic Hotel v\u1edbi phong c\u00e1ch brasserie ch\u00e2u \u00c2u, ph\u1ee5c v\u1ee5 c\u1ea3 ng\u00e0y c\u00f9ng h\u01b0\u01a1ng v\u1ecb qu\u1ed1c t\u1ebf tinh t\u1ebf trong kh\u00f4ng gian thanh l\u1ecbch.\" \/>\n<meta property=\"og:url\" content=\"https:\/\/www.hoianhistorichotel.com.vn\/vi\/dining\/the-oaks-terrace\/\" \/>\n<meta property=\"og:site_name\" content=\"Hoi An Historic Hotel\" \/>\n<meta property=\"article:modified_time\" content=\"2026-01-19T07:41:50+00:00\" \/>\n<meta name=\"twitter:card\" content=\"summary_large_image\" \/>\n<meta name=\"twitter:label1\" content=\"Est. reading time\" \/>\n\t<meta name=\"twitter:data1\" content=\"1 minute\" \/>\n<script type=\"application\/ld+json\" class=\"yoast-schema-graph\">{\"@context\":\"https:\/\/schema.org\",\"@graph\":[{\"@type\":\"WebPage\",\"@id\":\"https:\/\/www.hoianhistorichotel.com.vn\/vi\/dining\/the-oaks-terrace\/\",\"url\":\"https:\/\/www.hoianhistorichotel.com.vn\/vi\/dining\/the-oaks-terrace\/\",\"name\":\"Tr\u1ea3i nghi\u1ec7m \u1ea9m th\u1ef1c t\u1ea1i The Oaks Terrace | Hoi An Historic Hotel\",\"isPartOf\":{\"@id\":\"https:\/\/www.hoianhistorichotel.com.vn\/vi\/#website\"},\"datePublished\":\"2026-01-07T07:15:27+00:00\",\"dateModified\":\"2026-01-19T07:41:50+00:00\",\"description\":\"Kh\u00e1m ph\u00e1 The Oaks Terrace t\u1ea1i Hoi An Historic Hotel v\u1edbi phong c\u00e1ch brasserie ch\u00e2u \u00c2u, ph\u1ee5c v\u1ee5 c\u1ea3 ng\u00e0y c\u00f9ng h\u01b0\u01a1ng v\u1ecb qu\u1ed1c t\u1ebf tinh t\u1ebf trong kh\u00f4ng gian thanh l\u1ecbch.\",\"breadcrumb\":{\"@id\":\"https:\/\/www.hoianhistorichotel.com.vn\/vi\/dining\/the-oaks-terrace\/#breadcrumb\"},\"inLanguage\":\"vi-VN\",\"potentialAction\":[{\"@type\":\"ReadAction\",\"target\":[\"https:\/\/www.hoianhistorichotel.com.vn\/vi\/dining\/the-oaks-terrace\/\"]}]},{\"@type\":\"BreadcrumbList\",\"@id\":\"https:\/\/www.hoianhistorichotel.com.vn\/vi\/dining\/the-oaks-terrace\/#breadcrumb\",\"itemListElement\":[{\"@type\":\"ListItem\",\"position\":1,\"name\":\"Home\",\"item\":\"https:\/\/www.hoianhistorichotel.com.vn\/vi\/\"},{\"@type\":\"ListItem\",\"position\":2,\"name\":\"\u1ea8m Th\u1ef1c &#038; Qu\u1ea7y Bar\",\"item\":\"https:\/\/www.hoianhistorichotel.com.vn\/vi\/dining\/\"},{\"@type\":\"ListItem\",\"position\":3,\"name\":\"The Oaks Terrace\"}]},{\"@type\":\"WebSite\",\"@id\":\"https:\/\/www.hoianhistorichotel.com.vn\/vi\/#website\",\"url\":\"https:\/\/www.hoianhistorichotel.com.vn\/vi\/\",\"name\":\"Hoi An Historic Hotel\",\"description\":\"\",\"potentialAction\":[{\"@type\":\"SearchAction\",\"target\":{\"@type\":\"EntryPoint\",\"urlTemplate\":\"https:\/\/www.hoianhistorichotel.com.vn\/vi\/?s={search_term_string}\"},\"query-input\":\"required name=search_term_string\"}],\"inLanguage\":\"vi-VN\"}]}<\/script>\n<!-- \/ Yoast SEO plugin. -->","yoast_head_json":{"title":"Tr\u1ea3i nghi\u1ec7m \u1ea9m th\u1ef1c t\u1ea1i The Oaks Terrace | Hoi An Historic Hotel","description":"Kh\u00e1m ph\u00e1 The Oaks Terrace t\u1ea1i Hoi An Historic Hotel v\u1edbi phong c\u00e1ch brasserie ch\u00e2u \u00c2u, ph\u1ee5c v\u1ee5 c\u1ea3 ng\u00e0y c\u00f9ng h\u01b0\u01a1ng v\u1ecb qu\u1ed1c t\u1ebf tinh t\u1ebf trong kh\u00f4ng gian thanh l\u1ecbch.","robots":{"index":"index","follow":"follow","max-snippet":"max-snippet:-1","max-image-preview":"max-image-preview:large","max-video-preview":"max-video-preview:-1"},"canonical":"https:\/\/www.hoianhistorichotel.com.vn\/vi\/dining\/the-oaks-terrace\/","og_locale":"vi_VN","og_type":"article","og_title":"Tr\u1ea3i nghi\u1ec7m \u1ea9m th\u1ef1c t\u1ea1i The Oaks Terrace | Hoi An Historic Hotel","og_description":"Kh\u00e1m ph\u00e1 The Oaks Terrace t\u1ea1i Hoi An Historic Hotel v\u1edbi phong c\u00e1ch brasserie ch\u00e2u \u00c2u, ph\u1ee5c v\u1ee5 c\u1ea3 ng\u00e0y c\u00f9ng h\u01b0\u01a1ng v\u1ecb qu\u1ed1c t\u1ebf tinh t\u1ebf trong kh\u00f4ng gian thanh l\u1ecbch.","og_url":"https:\/\/www.hoianhistorichotel.com.vn\/vi\/dining\/the-oaks-terrace\/","og_site_name":"Hoi An Historic Hotel","article_modified_time":"2026-01-19T07:41:50+00:00","twitter_card":"summary_large_image","twitter_misc":{"Est. reading time":"1 minute"},"schema":{"@context":"https:\/\/schema.org","@graph":[{"@type":"WebPage","@id":"https:\/\/www.hoianhistorichotel.com.vn\/vi\/dining\/the-oaks-terrace\/","url":"https:\/\/www.hoianhistorichotel.com.vn\/vi\/dining\/the-oaks-terrace\/","name":"Tr\u1ea3i nghi\u1ec7m \u1ea9m th\u1ef1c t\u1ea1i The Oaks Terrace | Hoi An Historic Hotel","isPartOf":{"@id":"https:\/\/www.hoianhistorichotel.com.vn\/vi\/#website"},"datePublished":"2026-01-07T07:15:27+00:00","dateModified":"2026-01-19T07:41:50+00:00","description":"Kh\u00e1m ph\u00e1 The Oaks Terrace t\u1ea1i Hoi An Historic Hotel v\u1edbi phong c\u00e1ch brasserie ch\u00e2u \u00c2u, ph\u1ee5c v\u1ee5 c\u1ea3 ng\u00e0y c\u00f9ng h\u01b0\u01a1ng v\u1ecb qu\u1ed1c t\u1ebf tinh t\u1ebf trong kh\u00f4ng gian thanh l\u1ecbch.","breadcrumb":{"@id":"https:\/\/www.hoianhistorichotel.com.vn\/vi\/dining\/the-oaks-terrace\/#breadcrumb"},"inLanguage":"vi-VN","potentialAction":[{"@type":"ReadAction","target":["https:\/\/www.hoianhistorichotel.com.vn\/vi\/dining\/the-oaks-terrace\/"]}]},{"@type":"BreadcrumbList","@id":"https:\/\/www.hoianhistorichotel.com.vn\/vi\/dining\/the-oaks-terrace\/#breadcrumb","itemListElement":[{"@type":"ListItem","position":1,"name":"Home","item":"https:\/\/www.hoianhistorichotel.com.vn\/vi\/"},{"@type":"ListItem","position":2,"name":"\u1ea8m Th\u1ef1c &#038; Qu\u1ea7y Bar","item":"https:\/\/www.hoianhistorichotel.com.vn\/vi\/dining\/"},{"@type":"ListItem","position":3,"name":"The Oaks Terrace"}]},{"@type":"WebSite","@id":"https:\/\/www.hoianhistorichotel.com.vn\/vi\/#website","url":"https:\/\/www.hoianhistorichotel.com.vn\/vi\/","name":"Hoi An Historic Hotel","description":"","potentialAction":[{"@type":"SearchAction","target":{"@type":"EntryPoint","urlTemplate":"https:\/\/www.hoianhistorichotel.com.vn\/vi\/?s={search_term_string}"},"query-input":"required name=search_term_string"}],"inLanguage":"vi-VN"}]}},"acf":[],"_links":{"self":[{"href":"https:\/\/www.hoianhistorichotel.com.vn\/vi\/wp-json\/wp\/v2\/pages\/104"}],"collection":[{"href":"https:\/\/www.hoianhistorichotel.com.vn\/vi\/wp-json\/wp\/v2\/pages"}],"about":[{"href":"https:\/\/www.hoianhistorichotel.com.vn\/vi\/wp-json\/wp\/v2\/types\/page"}],"author":[{"embeddable":true,"href":"https:\/\/www.hoianhistorichotel.com.vn\/vi\/wp-json\/wp\/v2\/users\/5"}],"replies":[{"embeddable":true,"href":"https:\/\/www.hoianhistorichotel.com.vn\/vi\/wp-json\/wp\/v2\/comments?post=104"}],"version-history":[{"count":0,"href":"https:\/\/www.hoianhistorichotel.com.vn\/vi\/wp-json\/wp\/v2\/pages\/104\/revisions"}],"up":[{"embeddable":true,"href":"https:\/\/www.hoianhistorichotel.com.vn\/vi\/wp-json\/wp\/v2\/pages\/89"}],"wp:attachment":[{"href":"https:\/\/www.hoianhistorichotel.com.vn\/vi\/wp-json\/wp\/v2\/media?parent=104"}],"curies":[{"name":"wp","href":"https:\/\/api.w.org\/{rel}","templated":true}]}}