{"id":114,"date":"2026-01-19T07:46:08","date_gmt":"2026-01-19T07:46:08","guid":{"rendered":"https:\/\/hoian-historic-hotel.ms2.decms.asia\/dining\/indochine-corner\/"},"modified":"2026-01-19T07:47:55","modified_gmt":"2026-01-19T07:47:55","slug":"indochine-corner","status":"publish","type":"page","link":"https:\/\/www.hoianhistorichotel.com.vn\/vi\/dining\/indochine-corner\/","title":{"rendered":"Indochine Corner"},"content":{"rendered":"<p>Indochine Corner mang \u0111\u1eadm phong c\u00e1ch thi\u1ebft k\u1ebf truy\u1ec1n th\u1ed1ng, t\u1ea1o n\u00ean b\u1ea7u kh\u00f4ng kh\u00ed \u1ea5m c\u00fang v\u00e0 th\u00e2n thi\u1ec7n cho nh\u1eefng v\u1ecb kh\u00e1ch y\u00eau th\u00edch \u1ea9m th\u1ef1c \u0111\u1ecba ph\u01b0\u01a1ng \u0111\u00edch th\u1ef1c. Nh\u00e0 h\u00e0ng duy\u00ean d\u00e1ng n\u00e0y l\u00e0m n\u1ed5i b\u1eadt h\u01b0\u01a1ng v\u1ecb Vi\u1ec7t Nam qua c\u00e1c m\u00f3n \u0103n \u0111\u01b0\u1ee3c ch\u1ebf bi\u1ebfn t\u1eeb nguy\u00ean li\u1ec7u \u0111\u01b0\u1ee3c tuy\u1ec3n ch\u1ecdn k\u1ef9 l\u01b0\u1ee1ng. M\u1ed7i bu\u1ed5i s\u00e1ng, du kh\u00e1ch s\u1ebd \u0111\u01b0\u1ee3c th\u01b0\u1edfng th\u1ee9c b\u1eefa s\u00e1ng t\u1ef1 ch\u1ecdn th\u1ecbnh so\u1ea1n v\u1edbi th\u1ef1c \u0111\u01a1n \u0111a d\u1ea1ng t\u1eeb \u1ea9m th\u1ef1c \u0111\u1ecba ph\u01b0\u01a1ng \u0111\u1ebfn qu\u1ed1c t\u1ebf, \u0111\u01b0\u1ee3c ch\u1ebf bi\u1ebfn t\u1ec9 m\u1ec9 \u0111\u1ec3 mang \u0111\u1ebfn m\u1ed9t kh\u1edfi \u0111\u1ea7u t\u01b0\u01a1i m\u1edbi v\u00e0 tr\u1ecdn v\u1eb9n cho ng\u00e0y m\u1edbi.<\/p>\n","protected":false},"excerpt":{"rendered":"<p>Indochine Corner mang \u0111\u1eadm phong c\u00e1ch thi\u1ebft k\u1ebf truy\u1ec1n th\u1ed1ng, t\u1ea1o n\u00ean b\u1ea7u kh\u00f4ng kh\u00ed \u1ea5m c\u00fang v\u00e0 th\u00e2n thi\u1ec7n cho nh\u1eefng v\u1ecb kh\u00e1ch y\u00eau th\u00edch \u1ea9m th\u1ef1c \u0111\u1ecba ph\u01b0\u01a1ng \u0111\u00edch th\u1ef1c. Nh\u00e0 h\u00e0ng duy\u00ean d\u00e1ng n\u00e0y l\u00e0m n\u1ed5i b\u1eadt h\u01b0\u01a1ng v\u1ecb Vi\u1ec7t Nam qua c\u00e1c m\u00f3n \u0103n \u0111\u01b0\u1ee3c ch\u1ebf bi\u1ebfn t\u1eeb nguy\u00ean li\u1ec7u \u0111\u01b0\u1ee3c [&hellip;]<\/p>\n","protected":false},"author":8,"featured_media":0,"parent":89,"menu_order":0,"comment_status":"closed","ping_status":"closed","template":"template-single-restaurant.php","meta":{"footnotes":""},"yoast_head":"<!-- This site is optimized with the Yoast SEO plugin v22.3 - https:\/\/yoast.com\/wordpress\/plugins\/seo\/ -->\n<title>Nh\u00e0 h\u00e0ng Indochine Corner | Hoi An Historic Hotel<\/title>\n<meta name=\"description\" content=\"Kh\u00e1m ph\u00e1 Indochine Corner t\u1ea1i Kh\u00e1ch s\u1ea1n H\u1ed9i An Historic, n\u01a1i cung c\u1ea5p \u1ea9m th\u1ef1c Vi\u1ec7t Nam ch\u00ednh th\u1ed1ng v\u00e0 b\u1eefa s\u00e1ng t\u1ef1 ch\u1ecdn t\u01b0\u01a1i ngon, \u0111a d\u1ea1ng trong khung c\u1ea3nh truy\u1ec1n th\u1ed1ng \u1ea5m c\u00fang.\" \/>\n<meta name=\"robots\" content=\"index, follow, max-snippet:-1, max-image-preview:large, max-video-preview:-1\" \/>\n<link rel=\"canonical\" href=\"https:\/\/www.hoianhistorichotel.com.vn\/vi\/dining\/indochine-corner\/\" \/>\n<meta property=\"og:locale\" content=\"vi_VN\" \/>\n<meta property=\"og:type\" content=\"article\" \/>\n<meta property=\"og:title\" content=\"Nh\u00e0 h\u00e0ng Indochine Corner | Hoi An Historic Hotel\" \/>\n<meta property=\"og:description\" content=\"Kh\u00e1m ph\u00e1 Indochine Corner t\u1ea1i Kh\u00e1ch s\u1ea1n H\u1ed9i An Historic, n\u01a1i cung c\u1ea5p \u1ea9m th\u1ef1c Vi\u1ec7t Nam ch\u00ednh th\u1ed1ng v\u00e0 b\u1eefa s\u00e1ng t\u1ef1 ch\u1ecdn t\u01b0\u01a1i ngon, \u0111a d\u1ea1ng trong khung c\u1ea3nh truy\u1ec1n th\u1ed1ng \u1ea5m c\u00fang.\" \/>\n<meta property=\"og:url\" content=\"https:\/\/www.hoianhistorichotel.com.vn\/vi\/dining\/indochine-corner\/\" \/>\n<meta property=\"og:site_name\" content=\"Hoi An Historic Hotel\" \/>\n<meta property=\"article:modified_time\" content=\"2026-01-19T07:47:55+00:00\" \/>\n<meta name=\"twitter:card\" content=\"summary_large_image\" \/>\n<meta name=\"twitter:label1\" content=\"Est. reading time\" \/>\n\t<meta name=\"twitter:data1\" content=\"1 minute\" \/>\n<script type=\"application\/ld+json\" class=\"yoast-schema-graph\">{\"@context\":\"https:\/\/schema.org\",\"@graph\":[{\"@type\":\"WebPage\",\"@id\":\"https:\/\/www.hoianhistorichotel.com.vn\/vi\/dining\/indochine-corner\/\",\"url\":\"https:\/\/www.hoianhistorichotel.com.vn\/vi\/dining\/indochine-corner\/\",\"name\":\"Nh\u00e0 h\u00e0ng Indochine Corner | Hoi An Historic Hotel\",\"isPartOf\":{\"@id\":\"https:\/\/www.hoianhistorichotel.com.vn\/vi\/#website\"},\"datePublished\":\"2026-01-19T07:46:08+00:00\",\"dateModified\":\"2026-01-19T07:47:55+00:00\",\"description\":\"Kh\u00e1m ph\u00e1 Indochine Corner t\u1ea1i Kh\u00e1ch s\u1ea1n H\u1ed9i An Historic, n\u01a1i cung c\u1ea5p \u1ea9m th\u1ef1c Vi\u1ec7t Nam ch\u00ednh th\u1ed1ng v\u00e0 b\u1eefa s\u00e1ng t\u1ef1 ch\u1ecdn t\u01b0\u01a1i ngon, \u0111a d\u1ea1ng trong khung c\u1ea3nh truy\u1ec1n th\u1ed1ng \u1ea5m c\u00fang.\",\"breadcrumb\":{\"@id\":\"https:\/\/www.hoianhistorichotel.com.vn\/vi\/dining\/indochine-corner\/#breadcrumb\"},\"inLanguage\":\"vi-VN\",\"potentialAction\":[{\"@type\":\"ReadAction\",\"target\":[\"https:\/\/www.hoianhistorichotel.com.vn\/vi\/dining\/indochine-corner\/\"]}]},{\"@type\":\"BreadcrumbList\",\"@id\":\"https:\/\/www.hoianhistorichotel.com.vn\/vi\/dining\/indochine-corner\/#breadcrumb\",\"itemListElement\":[{\"@type\":\"ListItem\",\"position\":1,\"name\":\"Home\",\"item\":\"https:\/\/www.hoianhistorichotel.com.vn\/vi\/\"},{\"@type\":\"ListItem\",\"position\":2,\"name\":\"\u1ea8m Th\u1ef1c &#038; Qu\u1ea7y Bar\",\"item\":\"https:\/\/www.hoianhistorichotel.com.vn\/vi\/dining\/\"},{\"@type\":\"ListItem\",\"position\":3,\"name\":\"Indochine Corner\"}]},{\"@type\":\"WebSite\",\"@id\":\"https:\/\/www.hoianhistorichotel.com.vn\/vi\/#website\",\"url\":\"https:\/\/www.hoianhistorichotel.com.vn\/vi\/\",\"name\":\"Hoi An Historic Hotel\",\"description\":\"\",\"potentialAction\":[{\"@type\":\"SearchAction\",\"target\":{\"@type\":\"EntryPoint\",\"urlTemplate\":\"https:\/\/www.hoianhistorichotel.com.vn\/vi\/?s={search_term_string}\"},\"query-input\":\"required name=search_term_string\"}],\"inLanguage\":\"vi-VN\"}]}<\/script>\n<!-- \/ Yoast SEO plugin. -->","yoast_head_json":{"title":"Nh\u00e0 h\u00e0ng Indochine Corner | Hoi An Historic Hotel","description":"Kh\u00e1m ph\u00e1 Indochine Corner t\u1ea1i Kh\u00e1ch s\u1ea1n H\u1ed9i An Historic, n\u01a1i cung c\u1ea5p \u1ea9m th\u1ef1c Vi\u1ec7t Nam ch\u00ednh th\u1ed1ng v\u00e0 b\u1eefa s\u00e1ng t\u1ef1 ch\u1ecdn t\u01b0\u01a1i ngon, \u0111a d\u1ea1ng trong khung c\u1ea3nh truy\u1ec1n th\u1ed1ng \u1ea5m c\u00fang.","robots":{"index":"index","follow":"follow","max-snippet":"max-snippet:-1","max-image-preview":"max-image-preview:large","max-video-preview":"max-video-preview:-1"},"canonical":"https:\/\/www.hoianhistorichotel.com.vn\/vi\/dining\/indochine-corner\/","og_locale":"vi_VN","og_type":"article","og_title":"Nh\u00e0 h\u00e0ng Indochine Corner | Hoi An Historic Hotel","og_description":"Kh\u00e1m ph\u00e1 Indochine Corner t\u1ea1i Kh\u00e1ch s\u1ea1n H\u1ed9i An Historic, n\u01a1i cung c\u1ea5p \u1ea9m th\u1ef1c Vi\u1ec7t Nam ch\u00ednh th\u1ed1ng v\u00e0 b\u1eefa s\u00e1ng t\u1ef1 ch\u1ecdn t\u01b0\u01a1i ngon, \u0111a d\u1ea1ng trong khung c\u1ea3nh truy\u1ec1n th\u1ed1ng \u1ea5m c\u00fang.","og_url":"https:\/\/www.hoianhistorichotel.com.vn\/vi\/dining\/indochine-corner\/","og_site_name":"Hoi An Historic Hotel","article_modified_time":"2026-01-19T07:47:55+00:00","twitter_card":"summary_large_image","twitter_misc":{"Est. reading time":"1 minute"},"schema":{"@context":"https:\/\/schema.org","@graph":[{"@type":"WebPage","@id":"https:\/\/www.hoianhistorichotel.com.vn\/vi\/dining\/indochine-corner\/","url":"https:\/\/www.hoianhistorichotel.com.vn\/vi\/dining\/indochine-corner\/","name":"Nh\u00e0 h\u00e0ng Indochine Corner | Hoi An Historic Hotel","isPartOf":{"@id":"https:\/\/www.hoianhistorichotel.com.vn\/vi\/#website"},"datePublished":"2026-01-19T07:46:08+00:00","dateModified":"2026-01-19T07:47:55+00:00","description":"Kh\u00e1m ph\u00e1 Indochine Corner t\u1ea1i Kh\u00e1ch s\u1ea1n H\u1ed9i An Historic, n\u01a1i cung c\u1ea5p \u1ea9m th\u1ef1c Vi\u1ec7t Nam ch\u00ednh th\u1ed1ng v\u00e0 b\u1eefa s\u00e1ng t\u1ef1 ch\u1ecdn t\u01b0\u01a1i ngon, \u0111a d\u1ea1ng trong khung c\u1ea3nh truy\u1ec1n th\u1ed1ng \u1ea5m c\u00fang.","breadcrumb":{"@id":"https:\/\/www.hoianhistorichotel.com.vn\/vi\/dining\/indochine-corner\/#breadcrumb"},"inLanguage":"vi-VN","potentialAction":[{"@type":"ReadAction","target":["https:\/\/www.hoianhistorichotel.com.vn\/vi\/dining\/indochine-corner\/"]}]},{"@type":"BreadcrumbList","@id":"https:\/\/www.hoianhistorichotel.com.vn\/vi\/dining\/indochine-corner\/#breadcrumb","itemListElement":[{"@type":"ListItem","position":1,"name":"Home","item":"https:\/\/www.hoianhistorichotel.com.vn\/vi\/"},{"@type":"ListItem","position":2,"name":"\u1ea8m Th\u1ef1c &#038; Qu\u1ea7y Bar","item":"https:\/\/www.hoianhistorichotel.com.vn\/vi\/dining\/"},{"@type":"ListItem","position":3,"name":"Indochine Corner"}]},{"@type":"WebSite","@id":"https:\/\/www.hoianhistorichotel.com.vn\/vi\/#website","url":"https:\/\/www.hoianhistorichotel.com.vn\/vi\/","name":"Hoi An Historic Hotel","description":"","potentialAction":[{"@type":"SearchAction","target":{"@type":"EntryPoint","urlTemplate":"https:\/\/www.hoianhistorichotel.com.vn\/vi\/?s={search_term_string}"},"query-input":"required name=search_term_string"}],"inLanguage":"vi-VN"}]}},"acf":[],"_links":{"self":[{"href":"https:\/\/www.hoianhistorichotel.com.vn\/vi\/wp-json\/wp\/v2\/pages\/114"}],"collection":[{"href":"https:\/\/www.hoianhistorichotel.com.vn\/vi\/wp-json\/wp\/v2\/pages"}],"about":[{"href":"https:\/\/www.hoianhistorichotel.com.vn\/vi\/wp-json\/wp\/v2\/types\/page"}],"author":[{"embeddable":true,"href":"https:\/\/www.hoianhistorichotel.com.vn\/vi\/wp-json\/wp\/v2\/users\/8"}],"replies":[{"embeddable":true,"href":"https:\/\/www.hoianhistorichotel.com.vn\/vi\/wp-json\/wp\/v2\/comments?post=114"}],"version-history":[{"count":0,"href":"https:\/\/www.hoianhistorichotel.com.vn\/vi\/wp-json\/wp\/v2\/pages\/114\/revisions"}],"up":[{"embeddable":true,"href":"https:\/\/www.hoianhistorichotel.com.vn\/vi\/wp-json\/wp\/v2\/pages\/89"}],"wp:attachment":[{"href":"https:\/\/www.hoianhistorichotel.com.vn\/vi\/wp-json\/wp\/v2\/media?parent=114"}],"curies":[{"name":"wp","href":"https:\/\/api.w.org\/{rel}","templated":true}]}}