{"id":120,"date":"2026-01-19T07:53:27","date_gmt":"2026-01-19T07:53:27","guid":{"rendered":"https:\/\/hoian-historic-hotel.ms2.decms.asia\/dining\/western-bar\/"},"modified":"2026-01-19T07:54:47","modified_gmt":"2026-01-19T07:54:47","slug":"western-bar","status":"publish","type":"page","link":"https:\/\/www.hoianhistorichotel.com.vn\/vi\/dining\/western-bar\/","title":{"rendered":"Western Bar"},"content":{"rendered":"<p>Western Bar l\u00e0 \u0111i\u1ec3m h\u1eb9n l\u00fd t\u01b0\u1edfng \u0111\u1ec3 qu\u00fd kh\u00e1ch t\u1eadn h\u01b0\u1edfng nh\u1eefng gi\u00e2y ph\u00fat th\u01b0 th\u00e1i trong kh\u00f4ng gian \u1ea5m c\u00fang, t\u01b0\u01a1i s\u00e1ng v\u00e0 hi\u1ec7n \u0111\u1ea1i.<br \/>\n\u0110i\u1ec1u l\u00e0m n\u00ean s\u1ef1 kh\u00e1c bi\u1ec7t ch\u00ednh l\u00e0 t\u1ea7m nh\u00ecn kho\u00e1ng \u0111\u1ea1t ra khu v\u01b0\u1eddn xanh m\u01b0\u1edbt v\u00e0 h\u1ed3 b\u01a1i l\u1ea5p l\u00e1nh c\u1ee7a kh\u00e1ch s\u1ea1n. \u0110\u00e2y l\u00e0 n\u01a1i ho\u00e0n h\u1ea3o \u0111\u1ec3 qu\u00fd kh\u00e1ch v\u1eeba th\u01b0\u1edfng th\u1ee9c \u1ea9m th\u1ef1c, v\u1eeba ng\u1eafm nh\u00ecn khung c\u1ea3nh ngo\u00e0i tr\u1eddi y\u00ean b\u00ecnh.<br \/>\nD\u00f9 b\u1ea1n \u0111ang t\u00ecm ki\u1ebfm m\u1ed9t b\u1eefa \u0103n nh\u1eb9, nh\u00e2m nhi ly \u0111\u1ed3 u\u1ed1ng m\u00e1t l\u1ea1nh hay ch\u1ec9 \u0111\u01a1n thu\u1ea7n l\u00e0 mu\u1ed1n t\u00ecm m\u1ed9t g\u00f3c y\u00ean t\u0129nh \u0111\u1ec3 th\u01b0 gi\u00e3n su\u1ed1t c\u1ea3 ng\u00e0y, Western Bar lu\u00f4n ch\u00e0o \u0111\u00f3n v\u00e0 mang \u0111\u1ebfn nh\u1eefng h\u01b0\u01a1ng v\u1ecb d\u1ec5 ch\u1ecbu, tho\u1ea3i m\u00e1i trong m\u1ed9t b\u1ea7u kh\u00f4ng kh\u00ed th\u00e2n thi\u1ec7n.<\/p>\n","protected":false},"excerpt":{"rendered":"<p>Western Bar l\u00e0 \u0111i\u1ec3m h\u1eb9n l\u00fd t\u01b0\u1edfng \u0111\u1ec3 qu\u00fd kh\u00e1ch t\u1eadn h\u01b0\u1edfng nh\u1eefng gi\u00e2y ph\u00fat th\u01b0 th\u00e1i trong kh\u00f4ng gian \u1ea5m c\u00fang, t\u01b0\u01a1i s\u00e1ng v\u00e0 hi\u1ec7n \u0111\u1ea1i. \u0110i\u1ec1u l\u00e0m n\u00ean s\u1ef1 kh\u00e1c bi\u1ec7t ch\u00ednh l\u00e0 t\u1ea7m nh\u00ecn kho\u00e1ng \u0111\u1ea1t ra khu v\u01b0\u1eddn xanh m\u01b0\u1edbt v\u00e0 h\u1ed3 b\u01a1i l\u1ea5p l\u00e1nh c\u1ee7a kh\u00e1ch s\u1ea1n. \u0110\u00e2y l\u00e0 n\u01a1i [&hellip;]<\/p>\n","protected":false},"author":8,"featured_media":0,"parent":89,"menu_order":0,"comment_status":"closed","ping_status":"closed","template":"template-single-restaurant.php","meta":{"footnotes":""},"yoast_head":"<!-- This site is optimized with the Yoast SEO plugin v22.3 - https:\/\/yoast.com\/wordpress\/plugins\/seo\/ -->\n<title>Western Bar \u2013 Kh\u00f4ng gian th\u01b0 gi\u00e3n l\u00fd t\u01b0\u1edfng b\u00ean h\u1ed3 b\u01a1i | Hoi An Historic Hotel<\/title>\n<meta name=\"description\" content=\"Th\u01b0\u1edfng th\u1ee9c c\u00e1c m\u00f3n \u0103n phong c\u00e1ch ph\u01b0\u01a1ng T\u00e2y v\u1edbi t\u1ea7m nh\u00ecn ra khu v\u01b0\u1eddn v\u00e0 h\u1ed3 b\u01a1i t\u01b0\u01a1i m\u00e1t t\u1ea1i Western Bar, n\u01a1i c\u00f3 kh\u00f4ng gian \u1ea5m c\u00fang v\u00e0 pizza n\u01b0\u1edbng b\u1eb1ng l\u00f2 \u0111\u1ed1t c\u1ee7i.\" \/>\n<meta name=\"robots\" content=\"index, follow, max-snippet:-1, max-image-preview:large, max-video-preview:-1\" \/>\n<link rel=\"canonical\" href=\"https:\/\/www.hoianhistorichotel.com.vn\/vi\/dining\/western-bar\/\" \/>\n<meta property=\"og:locale\" content=\"vi_VN\" \/>\n<meta property=\"og:type\" content=\"article\" \/>\n<meta property=\"og:title\" content=\"Western Bar \u2013 Kh\u00f4ng gian th\u01b0 gi\u00e3n l\u00fd t\u01b0\u1edfng b\u00ean h\u1ed3 b\u01a1i | Hoi An Historic Hotel\" \/>\n<meta property=\"og:description\" content=\"Th\u01b0\u1edfng th\u1ee9c c\u00e1c m\u00f3n \u0103n phong c\u00e1ch ph\u01b0\u01a1ng T\u00e2y v\u1edbi t\u1ea7m nh\u00ecn ra khu v\u01b0\u1eddn v\u00e0 h\u1ed3 b\u01a1i t\u01b0\u01a1i m\u00e1t t\u1ea1i Western Bar, n\u01a1i c\u00f3 kh\u00f4ng gian \u1ea5m c\u00fang v\u00e0 pizza n\u01b0\u1edbng b\u1eb1ng l\u00f2 \u0111\u1ed1t c\u1ee7i.\" \/>\n<meta property=\"og:url\" content=\"https:\/\/www.hoianhistorichotel.com.vn\/vi\/dining\/western-bar\/\" \/>\n<meta property=\"og:site_name\" content=\"Hoi An Historic Hotel\" \/>\n<meta property=\"article:modified_time\" content=\"2026-01-19T07:54:47+00:00\" \/>\n<meta name=\"twitter:card\" content=\"summary_large_image\" \/>\n<meta name=\"twitter:label1\" content=\"Est. reading time\" \/>\n\t<meta name=\"twitter:data1\" content=\"1 minute\" \/>\n<script type=\"application\/ld+json\" class=\"yoast-schema-graph\">{\"@context\":\"https:\/\/schema.org\",\"@graph\":[{\"@type\":\"WebPage\",\"@id\":\"https:\/\/www.hoianhistorichotel.com.vn\/vi\/dining\/western-bar\/\",\"url\":\"https:\/\/www.hoianhistorichotel.com.vn\/vi\/dining\/western-bar\/\",\"name\":\"Western Bar \u2013 Kh\u00f4ng gian th\u01b0 gi\u00e3n l\u00fd t\u01b0\u1edfng b\u00ean h\u1ed3 b\u01a1i | Hoi An Historic Hotel\",\"isPartOf\":{\"@id\":\"https:\/\/www.hoianhistorichotel.com.vn\/vi\/#website\"},\"datePublished\":\"2026-01-19T07:53:27+00:00\",\"dateModified\":\"2026-01-19T07:54:47+00:00\",\"description\":\"Th\u01b0\u1edfng th\u1ee9c c\u00e1c m\u00f3n \u0103n phong c\u00e1ch ph\u01b0\u01a1ng T\u00e2y v\u1edbi t\u1ea7m nh\u00ecn ra khu v\u01b0\u1eddn v\u00e0 h\u1ed3 b\u01a1i t\u01b0\u01a1i m\u00e1t t\u1ea1i Western Bar, n\u01a1i c\u00f3 kh\u00f4ng gian \u1ea5m c\u00fang v\u00e0 pizza n\u01b0\u1edbng b\u1eb1ng l\u00f2 \u0111\u1ed1t c\u1ee7i.\",\"breadcrumb\":{\"@id\":\"https:\/\/www.hoianhistorichotel.com.vn\/vi\/dining\/western-bar\/#breadcrumb\"},\"inLanguage\":\"vi-VN\",\"potentialAction\":[{\"@type\":\"ReadAction\",\"target\":[\"https:\/\/www.hoianhistorichotel.com.vn\/vi\/dining\/western-bar\/\"]}]},{\"@type\":\"BreadcrumbList\",\"@id\":\"https:\/\/www.hoianhistorichotel.com.vn\/vi\/dining\/western-bar\/#breadcrumb\",\"itemListElement\":[{\"@type\":\"ListItem\",\"position\":1,\"name\":\"Home\",\"item\":\"https:\/\/www.hoianhistorichotel.com.vn\/vi\/\"},{\"@type\":\"ListItem\",\"position\":2,\"name\":\"\u1ea8m Th\u1ef1c &#038; Qu\u1ea7y Bar\",\"item\":\"https:\/\/www.hoianhistorichotel.com.vn\/vi\/dining\/\"},{\"@type\":\"ListItem\",\"position\":3,\"name\":\"Western Bar\"}]},{\"@type\":\"WebSite\",\"@id\":\"https:\/\/www.hoianhistorichotel.com.vn\/vi\/#website\",\"url\":\"https:\/\/www.hoianhistorichotel.com.vn\/vi\/\",\"name\":\"Hoi An Historic Hotel\",\"description\":\"\",\"potentialAction\":[{\"@type\":\"SearchAction\",\"target\":{\"@type\":\"EntryPoint\",\"urlTemplate\":\"https:\/\/www.hoianhistorichotel.com.vn\/vi\/?s={search_term_string}\"},\"query-input\":\"required name=search_term_string\"}],\"inLanguage\":\"vi-VN\"}]}<\/script>\n<!-- \/ Yoast SEO plugin. -->","yoast_head_json":{"title":"Western Bar \u2013 Kh\u00f4ng gian th\u01b0 gi\u00e3n l\u00fd t\u01b0\u1edfng b\u00ean h\u1ed3 b\u01a1i | Hoi An Historic Hotel","description":"Th\u01b0\u1edfng th\u1ee9c c\u00e1c m\u00f3n \u0103n phong c\u00e1ch ph\u01b0\u01a1ng T\u00e2y v\u1edbi t\u1ea7m nh\u00ecn ra khu v\u01b0\u1eddn v\u00e0 h\u1ed3 b\u01a1i t\u01b0\u01a1i m\u00e1t t\u1ea1i Western Bar, n\u01a1i c\u00f3 kh\u00f4ng gian \u1ea5m c\u00fang v\u00e0 pizza n\u01b0\u1edbng b\u1eb1ng l\u00f2 \u0111\u1ed1t c\u1ee7i.","robots":{"index":"index","follow":"follow","max-snippet":"max-snippet:-1","max-image-preview":"max-image-preview:large","max-video-preview":"max-video-preview:-1"},"canonical":"https:\/\/www.hoianhistorichotel.com.vn\/vi\/dining\/western-bar\/","og_locale":"vi_VN","og_type":"article","og_title":"Western Bar \u2013 Kh\u00f4ng gian th\u01b0 gi\u00e3n l\u00fd t\u01b0\u1edfng b\u00ean h\u1ed3 b\u01a1i | Hoi An Historic Hotel","og_description":"Th\u01b0\u1edfng th\u1ee9c c\u00e1c m\u00f3n \u0103n phong c\u00e1ch ph\u01b0\u01a1ng T\u00e2y v\u1edbi t\u1ea7m nh\u00ecn ra khu v\u01b0\u1eddn v\u00e0 h\u1ed3 b\u01a1i t\u01b0\u01a1i m\u00e1t t\u1ea1i Western Bar, n\u01a1i c\u00f3 kh\u00f4ng gian \u1ea5m c\u00fang v\u00e0 pizza n\u01b0\u1edbng b\u1eb1ng l\u00f2 \u0111\u1ed1t c\u1ee7i.","og_url":"https:\/\/www.hoianhistorichotel.com.vn\/vi\/dining\/western-bar\/","og_site_name":"Hoi An Historic Hotel","article_modified_time":"2026-01-19T07:54:47+00:00","twitter_card":"summary_large_image","twitter_misc":{"Est. reading time":"1 minute"},"schema":{"@context":"https:\/\/schema.org","@graph":[{"@type":"WebPage","@id":"https:\/\/www.hoianhistorichotel.com.vn\/vi\/dining\/western-bar\/","url":"https:\/\/www.hoianhistorichotel.com.vn\/vi\/dining\/western-bar\/","name":"Western Bar \u2013 Kh\u00f4ng gian th\u01b0 gi\u00e3n l\u00fd t\u01b0\u1edfng b\u00ean h\u1ed3 b\u01a1i | Hoi An Historic Hotel","isPartOf":{"@id":"https:\/\/www.hoianhistorichotel.com.vn\/vi\/#website"},"datePublished":"2026-01-19T07:53:27+00:00","dateModified":"2026-01-19T07:54:47+00:00","description":"Th\u01b0\u1edfng th\u1ee9c c\u00e1c m\u00f3n \u0103n phong c\u00e1ch ph\u01b0\u01a1ng T\u00e2y v\u1edbi t\u1ea7m nh\u00ecn ra khu v\u01b0\u1eddn v\u00e0 h\u1ed3 b\u01a1i t\u01b0\u01a1i m\u00e1t t\u1ea1i Western Bar, n\u01a1i c\u00f3 kh\u00f4ng gian \u1ea5m c\u00fang v\u00e0 pizza n\u01b0\u1edbng b\u1eb1ng l\u00f2 \u0111\u1ed1t c\u1ee7i.","breadcrumb":{"@id":"https:\/\/www.hoianhistorichotel.com.vn\/vi\/dining\/western-bar\/#breadcrumb"},"inLanguage":"vi-VN","potentialAction":[{"@type":"ReadAction","target":["https:\/\/www.hoianhistorichotel.com.vn\/vi\/dining\/western-bar\/"]}]},{"@type":"BreadcrumbList","@id":"https:\/\/www.hoianhistorichotel.com.vn\/vi\/dining\/western-bar\/#breadcrumb","itemListElement":[{"@type":"ListItem","position":1,"name":"Home","item":"https:\/\/www.hoianhistorichotel.com.vn\/vi\/"},{"@type":"ListItem","position":2,"name":"\u1ea8m Th\u1ef1c &#038; Qu\u1ea7y Bar","item":"https:\/\/www.hoianhistorichotel.com.vn\/vi\/dining\/"},{"@type":"ListItem","position":3,"name":"Western Bar"}]},{"@type":"WebSite","@id":"https:\/\/www.hoianhistorichotel.com.vn\/vi\/#website","url":"https:\/\/www.hoianhistorichotel.com.vn\/vi\/","name":"Hoi An Historic Hotel","description":"","potentialAction":[{"@type":"SearchAction","target":{"@type":"EntryPoint","urlTemplate":"https:\/\/www.hoianhistorichotel.com.vn\/vi\/?s={search_term_string}"},"query-input":"required name=search_term_string"}],"inLanguage":"vi-VN"}]}},"acf":[],"_links":{"self":[{"href":"https:\/\/www.hoianhistorichotel.com.vn\/vi\/wp-json\/wp\/v2\/pages\/120"}],"collection":[{"href":"https:\/\/www.hoianhistorichotel.com.vn\/vi\/wp-json\/wp\/v2\/pages"}],"about":[{"href":"https:\/\/www.hoianhistorichotel.com.vn\/vi\/wp-json\/wp\/v2\/types\/page"}],"author":[{"embeddable":true,"href":"https:\/\/www.hoianhistorichotel.com.vn\/vi\/wp-json\/wp\/v2\/users\/8"}],"replies":[{"embeddable":true,"href":"https:\/\/www.hoianhistorichotel.com.vn\/vi\/wp-json\/wp\/v2\/comments?post=120"}],"version-history":[{"count":0,"href":"https:\/\/www.hoianhistorichotel.com.vn\/vi\/wp-json\/wp\/v2\/pages\/120\/revisions"}],"up":[{"embeddable":true,"href":"https:\/\/www.hoianhistorichotel.com.vn\/vi\/wp-json\/wp\/v2\/pages\/89"}],"wp:attachment":[{"href":"https:\/\/www.hoianhistorichotel.com.vn\/vi\/wp-json\/wp\/v2\/media?parent=120"}],"curies":[{"name":"wp","href":"https:\/\/api.w.org\/{rel}","templated":true}]}}