{"id":121,"date":"2026-01-07T06:59:07","date_gmt":"2026-01-07T06:59:07","guid":{"rendered":"https:\/\/hoian-historic-hotel.ms2.decms.asia\/special-offers\/"},"modified":"2026-01-19T07:56:18","modified_gmt":"2026-01-19T07:56:18","slug":"special-offers","status":"publish","type":"page","link":"https:\/\/www.hoianhistorichotel.com.vn\/vi\/special-offers\/","title":{"rendered":"\u01afu \u0110\u00e3i"},"content":{"rendered":"<p>T\u1eadn h\u01b0\u1edfng k\u1ef3 ngh\u1ec9 tr\u1ecdn v\u1eb9n t\u1ea1i Hoi An Historic Hotel v\u1edbi h\u00e0ng lo\u1ea1t \u01b0u \u0111\u00e3i \u0111\u1eb7c bi\u1ec7t ch\u1ec9 c\u00f3 tr\u00ean website ch\u00ednh th\u1ee9c c\u1ee7a kh\u00e1ch s\u1ea1n. \u0110\u1eb7t ph\u00f2ng tr\u1ef1c ti\u1ebfp ngay h\u00f4m nay \u0111\u1ec3 nh\u1eadn m\u1ee9c gi\u00e1 t\u1ed1t nh\u1ea5t v\u00e0 n\u00e2ng t\u1ea7m tr\u1ea3i nghi\u1ec7m c\u1ee7a b\u1ea1n t\u1ea1i ph\u1ed1 c\u1ed5 H\u1ed9i An. <\/p>\n","protected":false},"excerpt":{"rendered":"<p>T\u1eadn h\u01b0\u1edfng k\u1ef3 ngh\u1ec9 tr\u1ecdn v\u1eb9n t\u1ea1i Hoi An Historic Hotel v\u1edbi h\u00e0ng lo\u1ea1t \u01b0u \u0111\u00e3i \u0111\u1eb7c bi\u1ec7t ch\u1ec9 c\u00f3 tr\u00ean website ch\u00ednh th\u1ee9c c\u1ee7a kh\u00e1ch s\u1ea1n. \u0110\u1eb7t ph\u00f2ng tr\u1ef1c ti\u1ebfp ngay h\u00f4m nay \u0111\u1ec3 nh\u1eadn m\u1ee9c gi\u00e1 t\u1ed1t nh\u1ea5t v\u00e0 n\u00e2ng t\u1ea7m tr\u1ea3i nghi\u1ec7m c\u1ee7a b\u1ea1n t\u1ea1i ph\u1ed1 c\u1ed5 H\u1ed9i An.<\/p>\n","protected":false},"author":5,"featured_media":0,"parent":0,"menu_order":0,"comment_status":"closed","ping_status":"closed","template":"template-offers.php","meta":{"footnotes":""},"yoast_head":"<!-- This site is optimized with the Yoast SEO plugin v22.3 - https:\/\/yoast.com\/wordpress\/plugins\/seo\/ -->\n<title>T\u1ed5ng h\u1ee3p c\u00e1c \u01b0u \u0111\u00e3i t\u1ed1t nh\u1ea5t | Hoi An Historic Hotel<\/title>\n<meta name=\"description\" content=\"S\u0103n \u01b0u \u0111\u00e3i t\u1ea1i Hoi An Historic Hotel: Gi\u1ea3m t\u1edbi 40%, mi\u1ec5n ph\u00ed xe \u0111\u00f3n s\u00e2n bay cho k\u1ef3 ngh\u1ec9 5 \u0111\u00eam v\u00e0 nhi\u1ec1u g\u00f3i h\u1ea5p d\u1eabn kh\u00e1c. \u0110\u1eb7t ngay \u0111\u1ec3 c\u00f3 gi\u00e1 t\u1ed1t nh\u1ea5t!\" \/>\n<meta name=\"robots\" content=\"index, follow, max-snippet:-1, max-image-preview:large, max-video-preview:-1\" \/>\n<link rel=\"canonical\" href=\"https:\/\/www.hoianhistorichotel.com.vn\/vi\/special-offers\/\" \/>\n<meta property=\"og:locale\" content=\"vi_VN\" \/>\n<meta property=\"og:type\" content=\"article\" \/>\n<meta property=\"og:title\" content=\"T\u1ed5ng h\u1ee3p c\u00e1c \u01b0u \u0111\u00e3i t\u1ed1t nh\u1ea5t | Hoi An Historic Hotel\" \/>\n<meta property=\"og:description\" content=\"S\u0103n \u01b0u \u0111\u00e3i t\u1ea1i Hoi An Historic Hotel: Gi\u1ea3m t\u1edbi 40%, mi\u1ec5n ph\u00ed xe \u0111\u00f3n s\u00e2n bay cho k\u1ef3 ngh\u1ec9 5 \u0111\u00eam v\u00e0 nhi\u1ec1u g\u00f3i h\u1ea5p d\u1eabn kh\u00e1c. \u0110\u1eb7t ngay \u0111\u1ec3 c\u00f3 gi\u00e1 t\u1ed1t nh\u1ea5t!\" \/>\n<meta property=\"og:url\" content=\"https:\/\/www.hoianhistorichotel.com.vn\/vi\/special-offers\/\" \/>\n<meta property=\"og:site_name\" content=\"Hoi An Historic Hotel\" \/>\n<meta property=\"article:modified_time\" content=\"2026-01-19T07:56:18+00:00\" \/>\n<meta name=\"twitter:card\" content=\"summary_large_image\" \/>\n<meta name=\"twitter:label1\" content=\"Est. reading time\" \/>\n\t<meta name=\"twitter:data1\" content=\"1 minute\" \/>\n<script type=\"application\/ld+json\" class=\"yoast-schema-graph\">{\"@context\":\"https:\/\/schema.org\",\"@graph\":[{\"@type\":\"WebPage\",\"@id\":\"https:\/\/www.hoianhistorichotel.com.vn\/vi\/special-offers\/\",\"url\":\"https:\/\/www.hoianhistorichotel.com.vn\/vi\/special-offers\/\",\"name\":\"T\u1ed5ng h\u1ee3p c\u00e1c \u01b0u \u0111\u00e3i t\u1ed1t nh\u1ea5t | Hoi An Historic Hotel\",\"isPartOf\":{\"@id\":\"https:\/\/www.hoianhistorichotel.com.vn\/vi\/#website\"},\"datePublished\":\"2026-01-07T06:59:07+00:00\",\"dateModified\":\"2026-01-19T07:56:18+00:00\",\"description\":\"S\u0103n \u01b0u \u0111\u00e3i t\u1ea1i Hoi An Historic Hotel: Gi\u1ea3m t\u1edbi 40%, mi\u1ec5n ph\u00ed xe \u0111\u00f3n s\u00e2n bay cho k\u1ef3 ngh\u1ec9 5 \u0111\u00eam v\u00e0 nhi\u1ec1u g\u00f3i h\u1ea5p d\u1eabn kh\u00e1c. \u0110\u1eb7t ngay \u0111\u1ec3 c\u00f3 gi\u00e1 t\u1ed1t nh\u1ea5t!\",\"breadcrumb\":{\"@id\":\"https:\/\/www.hoianhistorichotel.com.vn\/vi\/special-offers\/#breadcrumb\"},\"inLanguage\":\"vi-VN\",\"potentialAction\":[{\"@type\":\"ReadAction\",\"target\":[\"https:\/\/www.hoianhistorichotel.com.vn\/vi\/special-offers\/\"]}]},{\"@type\":\"BreadcrumbList\",\"@id\":\"https:\/\/www.hoianhistorichotel.com.vn\/vi\/special-offers\/#breadcrumb\",\"itemListElement\":[{\"@type\":\"ListItem\",\"position\":1,\"name\":\"Home\",\"item\":\"https:\/\/www.hoianhistorichotel.com.vn\/vi\/\"},{\"@type\":\"ListItem\",\"position\":2,\"name\":\"\u01afu \u0110\u00e3i\"}]},{\"@type\":\"WebSite\",\"@id\":\"https:\/\/www.hoianhistorichotel.com.vn\/vi\/#website\",\"url\":\"https:\/\/www.hoianhistorichotel.com.vn\/vi\/\",\"name\":\"Hoi An Historic Hotel\",\"description\":\"\",\"potentialAction\":[{\"@type\":\"SearchAction\",\"target\":{\"@type\":\"EntryPoint\",\"urlTemplate\":\"https:\/\/www.hoianhistorichotel.com.vn\/vi\/?s={search_term_string}\"},\"query-input\":\"required name=search_term_string\"}],\"inLanguage\":\"vi-VN\"}]}<\/script>\n<!-- \/ Yoast SEO plugin. -->","yoast_head_json":{"title":"T\u1ed5ng h\u1ee3p c\u00e1c \u01b0u \u0111\u00e3i t\u1ed1t nh\u1ea5t | Hoi An Historic Hotel","description":"S\u0103n \u01b0u \u0111\u00e3i t\u1ea1i Hoi An Historic Hotel: Gi\u1ea3m t\u1edbi 40%, mi\u1ec5n ph\u00ed xe \u0111\u00f3n s\u00e2n bay cho k\u1ef3 ngh\u1ec9 5 \u0111\u00eam v\u00e0 nhi\u1ec1u g\u00f3i h\u1ea5p d\u1eabn kh\u00e1c. \u0110\u1eb7t ngay \u0111\u1ec3 c\u00f3 gi\u00e1 t\u1ed1t nh\u1ea5t!","robots":{"index":"index","follow":"follow","max-snippet":"max-snippet:-1","max-image-preview":"max-image-preview:large","max-video-preview":"max-video-preview:-1"},"canonical":"https:\/\/www.hoianhistorichotel.com.vn\/vi\/special-offers\/","og_locale":"vi_VN","og_type":"article","og_title":"T\u1ed5ng h\u1ee3p c\u00e1c \u01b0u \u0111\u00e3i t\u1ed1t nh\u1ea5t | Hoi An Historic Hotel","og_description":"S\u0103n \u01b0u \u0111\u00e3i t\u1ea1i Hoi An Historic Hotel: Gi\u1ea3m t\u1edbi 40%, mi\u1ec5n ph\u00ed xe \u0111\u00f3n s\u00e2n bay cho k\u1ef3 ngh\u1ec9 5 \u0111\u00eam v\u00e0 nhi\u1ec1u g\u00f3i h\u1ea5p d\u1eabn kh\u00e1c. \u0110\u1eb7t ngay \u0111\u1ec3 c\u00f3 gi\u00e1 t\u1ed1t nh\u1ea5t!","og_url":"https:\/\/www.hoianhistorichotel.com.vn\/vi\/special-offers\/","og_site_name":"Hoi An Historic Hotel","article_modified_time":"2026-01-19T07:56:18+00:00","twitter_card":"summary_large_image","twitter_misc":{"Est. reading time":"1 minute"},"schema":{"@context":"https:\/\/schema.org","@graph":[{"@type":"WebPage","@id":"https:\/\/www.hoianhistorichotel.com.vn\/vi\/special-offers\/","url":"https:\/\/www.hoianhistorichotel.com.vn\/vi\/special-offers\/","name":"T\u1ed5ng h\u1ee3p c\u00e1c \u01b0u \u0111\u00e3i t\u1ed1t nh\u1ea5t | Hoi An Historic Hotel","isPartOf":{"@id":"https:\/\/www.hoianhistorichotel.com.vn\/vi\/#website"},"datePublished":"2026-01-07T06:59:07+00:00","dateModified":"2026-01-19T07:56:18+00:00","description":"S\u0103n \u01b0u \u0111\u00e3i t\u1ea1i Hoi An Historic Hotel: Gi\u1ea3m t\u1edbi 40%, mi\u1ec5n ph\u00ed xe \u0111\u00f3n s\u00e2n bay cho k\u1ef3 ngh\u1ec9 5 \u0111\u00eam v\u00e0 nhi\u1ec1u g\u00f3i h\u1ea5p d\u1eabn kh\u00e1c. \u0110\u1eb7t ngay \u0111\u1ec3 c\u00f3 gi\u00e1 t\u1ed1t nh\u1ea5t!","breadcrumb":{"@id":"https:\/\/www.hoianhistorichotel.com.vn\/vi\/special-offers\/#breadcrumb"},"inLanguage":"vi-VN","potentialAction":[{"@type":"ReadAction","target":["https:\/\/www.hoianhistorichotel.com.vn\/vi\/special-offers\/"]}]},{"@type":"BreadcrumbList","@id":"https:\/\/www.hoianhistorichotel.com.vn\/vi\/special-offers\/#breadcrumb","itemListElement":[{"@type":"ListItem","position":1,"name":"Home","item":"https:\/\/www.hoianhistorichotel.com.vn\/vi\/"},{"@type":"ListItem","position":2,"name":"\u01afu \u0110\u00e3i"}]},{"@type":"WebSite","@id":"https:\/\/www.hoianhistorichotel.com.vn\/vi\/#website","url":"https:\/\/www.hoianhistorichotel.com.vn\/vi\/","name":"Hoi An Historic Hotel","description":"","potentialAction":[{"@type":"SearchAction","target":{"@type":"EntryPoint","urlTemplate":"https:\/\/www.hoianhistorichotel.com.vn\/vi\/?s={search_term_string}"},"query-input":"required name=search_term_string"}],"inLanguage":"vi-VN"}]}},"acf":[],"_links":{"self":[{"href":"https:\/\/www.hoianhistorichotel.com.vn\/vi\/wp-json\/wp\/v2\/pages\/121"}],"collection":[{"href":"https:\/\/www.hoianhistorichotel.com.vn\/vi\/wp-json\/wp\/v2\/pages"}],"about":[{"href":"https:\/\/www.hoianhistorichotel.com.vn\/vi\/wp-json\/wp\/v2\/types\/page"}],"author":[{"embeddable":true,"href":"https:\/\/www.hoianhistorichotel.com.vn\/vi\/wp-json\/wp\/v2\/users\/5"}],"replies":[{"embeddable":true,"href":"https:\/\/www.hoianhistorichotel.com.vn\/vi\/wp-json\/wp\/v2\/comments?post=121"}],"version-history":[{"count":0,"href":"https:\/\/www.hoianhistorichotel.com.vn\/vi\/wp-json\/wp\/v2\/pages\/121\/revisions"}],"wp:attachment":[{"href":"https:\/\/www.hoianhistorichotel.com.vn\/vi\/wp-json\/wp\/v2\/media?parent=121"}],"curies":[{"name":"wp","href":"https:\/\/api.w.org\/{rel}","templated":true}]}}