{"id":133,"date":"2026-01-07T07:04:25","date_gmt":"2026-01-07T07:04:25","guid":{"rendered":"https:\/\/hoian-historic-hotel.ms2.decms.asia\/white-lotus-spa-beauty-salon\/"},"modified":"2026-01-19T08:05:13","modified_gmt":"2026-01-19T08:05:13","slug":"white-lotus-spa-beauty-salon","status":"publish","type":"page","link":"https:\/\/www.hoianhistorichotel.com.vn\/vi\/white-lotus-spa-beauty-salon\/","title":{"rendered":"White Lotus Spa &#038; Beauty Salon"},"content":{"rendered":"<p>&#8220;White Lotus Spa &#038; Beauty Salon l\u00e0 ch\u1ed1n an y\u00ean, n\u01a1i qu\u00fd kh\u00e1ch \u0111\u01b0\u1ee3c ch\u00e0o \u0111\u00f3n b\u1eb1ng s\u1ef1 ch\u0103m s\u00f3c t\u1eadn t\u00e2m v\u00e0 c\u00e1 nh\u00e2n h\u00f3a trong m\u1ed9t kh\u00f4ng gian t\u0129nh l\u1eb7ng, th\u01b0 th\u00e1i. Ch\u00fang t\u00f4i t\u1ef1 h\u00e0o k\u1ebft h\u1ee3p tinh hoa v\u0103n h\u00f3a tr\u1ecb li\u1ec7u truy\u1ec1n th\u1ed1ng c\u1ee7a \u0111\u1ecba ph\u01b0\u01a1ng v\u1edbi c\u00e1c th\u1ea3o m\u1ed9c v\u00e0 nguy\u00ean li\u1ec7u t\u1ef1 nhi\u00ean \u0111\u01b0\u1ee3c tuy\u1ec3n ch\u1ecdn k\u1ef9 l\u01b0\u1ee1ng. T\u1eeb c\u00e1c li\u1ec7u ph\u00e1p m\u00e1t-xa to\u00e0n th\u00e2n th\u01b0 gi\u00e3n s\u00e2u cho \u0111\u1ebfn d\u1ecbch v\u1ee5 l\u00e0m \u0111\u1eb9p chuy\u00ean nghi\u1ec7p, m\u1ed7i tr\u1ea3i nghi\u1ec7m \u0111\u1ec1u \u0111\u01b0\u1ee3c ch\u0103m ch\u00fat t\u1ec9 m\u1ec9.<br \/>\nH\u00e3y \u0111\u1ec3 White Lotus Spa gi\u00fap b\u1ea1n th\u1ea3 l\u1ecfng, t\u00e1i t\u1ea1o n\u0103ng l\u01b0\u1ee3ng v\u00e0 t\u1eadn h\u01b0\u1edfng c\u1ea3m gi\u00e1c h\u00e0i h\u00f2a, t\u01b0\u01a1i m\u1edbi trong su\u1ed1t k\u1ef3 ngh\u1ec9 t\u1ea1i H\u1ed9i An.&#8221;<\/p>\n","protected":false},"excerpt":{"rendered":"<p>&#8220;White Lotus Spa &#038; Beauty Salon l\u00e0 ch\u1ed1n an y\u00ean, n\u01a1i qu\u00fd kh\u00e1ch \u0111\u01b0\u1ee3c ch\u00e0o \u0111\u00f3n b\u1eb1ng s\u1ef1 ch\u0103m s\u00f3c t\u1eadn t\u00e2m v\u00e0 c\u00e1 nh\u00e2n h\u00f3a trong m\u1ed9t kh\u00f4ng gian t\u0129nh l\u1eb7ng, th\u01b0 th\u00e1i. Ch\u00fang t\u00f4i t\u1ef1 h\u00e0o k\u1ebft h\u1ee3p tinh hoa v\u0103n h\u00f3a tr\u1ecb li\u1ec7u truy\u1ec1n th\u1ed1ng c\u1ee7a \u0111\u1ecba ph\u01b0\u01a1ng v\u1edbi c\u00e1c th\u1ea3o m\u1ed9c [&hellip;]<\/p>\n","protected":false},"author":5,"featured_media":0,"parent":0,"menu_order":0,"comment_status":"closed","ping_status":"closed","template":"template-spa.php","meta":{"footnotes":""},"yoast_head":"<!-- This site is optimized with the Yoast SEO plugin v22.3 - https:\/\/yoast.com\/wordpress\/plugins\/seo\/ -->\n<title>White Lotus Spa \u2013 Kh\u00f4ng gian tr\u1ecb li\u1ec7u th\u01b0 th\u00e1i | Hoi An Historic Hotel<\/title>\n<meta name=\"description\" content=\"Tr\u1ea3i nghi\u1ec7m li\u1ec7u tr\u00ecnh th\u01b0 gi\u00e3n v\u00e0 ch\u0103m s\u00f3c c\u00e1 nh\u00e2n h\u00f3a t\u1ea1i White Lotus Spa, kh\u00f4ng gian y\u00ean b\u00ecnh gi\u00fap b\u1ea1n t\u00e1i t\u1ea1o n\u0103ng l\u01b0\u1ee3ng khi l\u01b0u tr\u00fa t\u1ea1i H\u1ed9i An.\" \/>\n<meta name=\"robots\" content=\"index, follow, max-snippet:-1, max-image-preview:large, max-video-preview:-1\" \/>\n<link rel=\"canonical\" href=\"https:\/\/www.hoianhistorichotel.com.vn\/vi\/white-lotus-spa-beauty-salon\/\" \/>\n<meta property=\"og:locale\" content=\"vi_VN\" \/>\n<meta property=\"og:type\" content=\"article\" \/>\n<meta property=\"og:title\" content=\"White Lotus Spa \u2013 Kh\u00f4ng gian tr\u1ecb li\u1ec7u th\u01b0 th\u00e1i | Hoi An Historic Hotel\" \/>\n<meta property=\"og:description\" content=\"Tr\u1ea3i nghi\u1ec7m li\u1ec7u tr\u00ecnh th\u01b0 gi\u00e3n v\u00e0 ch\u0103m s\u00f3c c\u00e1 nh\u00e2n h\u00f3a t\u1ea1i White Lotus Spa, kh\u00f4ng gian y\u00ean b\u00ecnh gi\u00fap b\u1ea1n t\u00e1i t\u1ea1o n\u0103ng l\u01b0\u1ee3ng khi l\u01b0u tr\u00fa t\u1ea1i H\u1ed9i An.\" \/>\n<meta property=\"og:url\" content=\"https:\/\/www.hoianhistorichotel.com.vn\/vi\/white-lotus-spa-beauty-salon\/\" \/>\n<meta property=\"og:site_name\" content=\"Hoi An Historic Hotel\" \/>\n<meta property=\"article:modified_time\" content=\"2026-01-19T08:05:13+00:00\" \/>\n<meta name=\"twitter:card\" content=\"summary_large_image\" \/>\n<meta name=\"twitter:label1\" content=\"Est. reading time\" \/>\n\t<meta name=\"twitter:data1\" content=\"1 minute\" \/>\n<script type=\"application\/ld+json\" class=\"yoast-schema-graph\">{\"@context\":\"https:\/\/schema.org\",\"@graph\":[{\"@type\":\"WebPage\",\"@id\":\"https:\/\/www.hoianhistorichotel.com.vn\/vi\/white-lotus-spa-beauty-salon\/\",\"url\":\"https:\/\/www.hoianhistorichotel.com.vn\/vi\/white-lotus-spa-beauty-salon\/\",\"name\":\"White Lotus Spa \u2013 Kh\u00f4ng gian tr\u1ecb li\u1ec7u th\u01b0 th\u00e1i | Hoi An Historic Hotel\",\"isPartOf\":{\"@id\":\"https:\/\/www.hoianhistorichotel.com.vn\/vi\/#website\"},\"datePublished\":\"2026-01-07T07:04:25+00:00\",\"dateModified\":\"2026-01-19T08:05:13+00:00\",\"description\":\"Tr\u1ea3i nghi\u1ec7m li\u1ec7u tr\u00ecnh th\u01b0 gi\u00e3n v\u00e0 ch\u0103m s\u00f3c c\u00e1 nh\u00e2n h\u00f3a t\u1ea1i White Lotus Spa, kh\u00f4ng gian y\u00ean b\u00ecnh gi\u00fap b\u1ea1n t\u00e1i t\u1ea1o n\u0103ng l\u01b0\u1ee3ng khi l\u01b0u tr\u00fa t\u1ea1i H\u1ed9i An.\",\"breadcrumb\":{\"@id\":\"https:\/\/www.hoianhistorichotel.com.vn\/vi\/white-lotus-spa-beauty-salon\/#breadcrumb\"},\"inLanguage\":\"vi-VN\",\"potentialAction\":[{\"@type\":\"ReadAction\",\"target\":[\"https:\/\/www.hoianhistorichotel.com.vn\/vi\/white-lotus-spa-beauty-salon\/\"]}]},{\"@type\":\"BreadcrumbList\",\"@id\":\"https:\/\/www.hoianhistorichotel.com.vn\/vi\/white-lotus-spa-beauty-salon\/#breadcrumb\",\"itemListElement\":[{\"@type\":\"ListItem\",\"position\":1,\"name\":\"Home\",\"item\":\"https:\/\/www.hoianhistorichotel.com.vn\/vi\/\"},{\"@type\":\"ListItem\",\"position\":2,\"name\":\"White Lotus Spa &#038; Beauty Salon\"}]},{\"@type\":\"WebSite\",\"@id\":\"https:\/\/www.hoianhistorichotel.com.vn\/vi\/#website\",\"url\":\"https:\/\/www.hoianhistorichotel.com.vn\/vi\/\",\"name\":\"Hoi An Historic Hotel\",\"description\":\"\",\"potentialAction\":[{\"@type\":\"SearchAction\",\"target\":{\"@type\":\"EntryPoint\",\"urlTemplate\":\"https:\/\/www.hoianhistorichotel.com.vn\/vi\/?s={search_term_string}\"},\"query-input\":\"required name=search_term_string\"}],\"inLanguage\":\"vi-VN\"}]}<\/script>\n<!-- \/ Yoast SEO plugin. -->","yoast_head_json":{"title":"White Lotus Spa \u2013 Kh\u00f4ng gian tr\u1ecb li\u1ec7u th\u01b0 th\u00e1i | Hoi An Historic Hotel","description":"Tr\u1ea3i nghi\u1ec7m li\u1ec7u tr\u00ecnh th\u01b0 gi\u00e3n v\u00e0 ch\u0103m s\u00f3c c\u00e1 nh\u00e2n h\u00f3a t\u1ea1i White Lotus Spa, kh\u00f4ng gian y\u00ean b\u00ecnh gi\u00fap b\u1ea1n t\u00e1i t\u1ea1o n\u0103ng l\u01b0\u1ee3ng khi l\u01b0u tr\u00fa t\u1ea1i H\u1ed9i An.","robots":{"index":"index","follow":"follow","max-snippet":"max-snippet:-1","max-image-preview":"max-image-preview:large","max-video-preview":"max-video-preview:-1"},"canonical":"https:\/\/www.hoianhistorichotel.com.vn\/vi\/white-lotus-spa-beauty-salon\/","og_locale":"vi_VN","og_type":"article","og_title":"White Lotus Spa \u2013 Kh\u00f4ng gian tr\u1ecb li\u1ec7u th\u01b0 th\u00e1i | Hoi An Historic Hotel","og_description":"Tr\u1ea3i nghi\u1ec7m li\u1ec7u tr\u00ecnh th\u01b0 gi\u00e3n v\u00e0 ch\u0103m s\u00f3c c\u00e1 nh\u00e2n h\u00f3a t\u1ea1i White Lotus Spa, kh\u00f4ng gian y\u00ean b\u00ecnh gi\u00fap b\u1ea1n t\u00e1i t\u1ea1o n\u0103ng l\u01b0\u1ee3ng khi l\u01b0u tr\u00fa t\u1ea1i H\u1ed9i An.","og_url":"https:\/\/www.hoianhistorichotel.com.vn\/vi\/white-lotus-spa-beauty-salon\/","og_site_name":"Hoi An Historic Hotel","article_modified_time":"2026-01-19T08:05:13+00:00","twitter_card":"summary_large_image","twitter_misc":{"Est. reading time":"1 minute"},"schema":{"@context":"https:\/\/schema.org","@graph":[{"@type":"WebPage","@id":"https:\/\/www.hoianhistorichotel.com.vn\/vi\/white-lotus-spa-beauty-salon\/","url":"https:\/\/www.hoianhistorichotel.com.vn\/vi\/white-lotus-spa-beauty-salon\/","name":"White Lotus Spa \u2013 Kh\u00f4ng gian tr\u1ecb li\u1ec7u th\u01b0 th\u00e1i | Hoi An Historic Hotel","isPartOf":{"@id":"https:\/\/www.hoianhistorichotel.com.vn\/vi\/#website"},"datePublished":"2026-01-07T07:04:25+00:00","dateModified":"2026-01-19T08:05:13+00:00","description":"Tr\u1ea3i nghi\u1ec7m li\u1ec7u tr\u00ecnh th\u01b0 gi\u00e3n v\u00e0 ch\u0103m s\u00f3c c\u00e1 nh\u00e2n h\u00f3a t\u1ea1i White Lotus Spa, kh\u00f4ng gian y\u00ean b\u00ecnh gi\u00fap b\u1ea1n t\u00e1i t\u1ea1o n\u0103ng l\u01b0\u1ee3ng khi l\u01b0u tr\u00fa t\u1ea1i H\u1ed9i An.","breadcrumb":{"@id":"https:\/\/www.hoianhistorichotel.com.vn\/vi\/white-lotus-spa-beauty-salon\/#breadcrumb"},"inLanguage":"vi-VN","potentialAction":[{"@type":"ReadAction","target":["https:\/\/www.hoianhistorichotel.com.vn\/vi\/white-lotus-spa-beauty-salon\/"]}]},{"@type":"BreadcrumbList","@id":"https:\/\/www.hoianhistorichotel.com.vn\/vi\/white-lotus-spa-beauty-salon\/#breadcrumb","itemListElement":[{"@type":"ListItem","position":1,"name":"Home","item":"https:\/\/www.hoianhistorichotel.com.vn\/vi\/"},{"@type":"ListItem","position":2,"name":"White Lotus Spa &#038; Beauty Salon"}]},{"@type":"WebSite","@id":"https:\/\/www.hoianhistorichotel.com.vn\/vi\/#website","url":"https:\/\/www.hoianhistorichotel.com.vn\/vi\/","name":"Hoi An Historic Hotel","description":"","potentialAction":[{"@type":"SearchAction","target":{"@type":"EntryPoint","urlTemplate":"https:\/\/www.hoianhistorichotel.com.vn\/vi\/?s={search_term_string}"},"query-input":"required name=search_term_string"}],"inLanguage":"vi-VN"}]}},"acf":[],"_links":{"self":[{"href":"https:\/\/www.hoianhistorichotel.com.vn\/vi\/wp-json\/wp\/v2\/pages\/133"}],"collection":[{"href":"https:\/\/www.hoianhistorichotel.com.vn\/vi\/wp-json\/wp\/v2\/pages"}],"about":[{"href":"https:\/\/www.hoianhistorichotel.com.vn\/vi\/wp-json\/wp\/v2\/types\/page"}],"author":[{"embeddable":true,"href":"https:\/\/www.hoianhistorichotel.com.vn\/vi\/wp-json\/wp\/v2\/users\/5"}],"replies":[{"embeddable":true,"href":"https:\/\/www.hoianhistorichotel.com.vn\/vi\/wp-json\/wp\/v2\/comments?post=133"}],"version-history":[{"count":0,"href":"https:\/\/www.hoianhistorichotel.com.vn\/vi\/wp-json\/wp\/v2\/pages\/133\/revisions"}],"wp:attachment":[{"href":"https:\/\/www.hoianhistorichotel.com.vn\/vi\/wp-json\/wp\/v2\/media?parent=133"}],"curies":[{"name":"wp","href":"https:\/\/api.w.org\/{rel}","templated":true}]}}