{"id":146,"date":"2026-01-07T07:03:21","date_gmt":"2026-01-07T07:03:21","guid":{"rendered":"https:\/\/hoian-historic-hotel.ms2.decms.asia\/meeting-wedding\/"},"modified":"2026-01-21T08:10:30","modified_gmt":"2026-01-21T08:10:30","slug":"meeting-wedding","status":"publish","type":"page","link":"https:\/\/www.hoianhistorichotel.com.vn\/vi\/meeting-wedding\/","title":{"rendered":"H\u1ed9i Ngh\u1ecb &#8211; S\u1ef1 ki\u1ec7n v\u00e0 Ti\u1ec7c c\u01b0\u1edbi"},"content":{"rendered":"<p>S\u1edf h\u1eefu t\u1ed5ng di\u1ec7n t\u00edch m\u1eb7t b\u1eb1ng g\u1ea7n 400m\u00b2, Hoi An Historic Hotel mang \u0111\u1ebfn gi\u1ea3i ph\u00e1p kh\u00f4ng gian linh ho\u1ea1t, \u0111\u00e1p \u1ee9ng \u0111a d\u1ea1ng nhu c\u1ea7u t\u1ed5 ch\u1ee9c s\u1ef1 ki\u1ec7n v\u1edbi s\u1ee9c ch\u1ee9a t\u1eeb 70 \u0111\u1ebfn 380 kh\u00e1ch. T\u1ea5t c\u1ea3 c\u00e1c ph\u00f2ng h\u1ecdp \u0111\u1ec1u \u0111\u01b0\u1ee3c ch\u00fa tr\u1ecdng \u0111\u1ea7u t\u01b0 v\u1edbi h\u1ec7 th\u1ed1ng chi\u1ebfu s\u00e1ng hi\u1ec7n \u0111\u1ea1i, ti\u1ec7n nghi k\u1ef9 thu\u1eadt ti\u00ean ti\u1ebfn c\u00f9ng trang thi\u1ebft b\u1ecb nghe nh\u00ecn chuy\u00ean d\u1ee5ng, \u0111\u1ea3m b\u1ea3o s\u1ef1 th\u00e0nh c\u00f4ng cho m\u1ecdi h\u1ed9i ngh\u1ecb v\u00e0 h\u1ed9i th\u1ea3o.<\/p>\n<p>\u0110\u1eb7c bi\u1ec7t, \u0111i\u1ec3m nh\u1ea5n c\u1ee7a ch\u00fang t\u00f4i ch\u00ednh l\u00e0 khu v\u01b0\u1eddn r\u1ed9ng l\u1edbn xanh m\u00e1t. \u0110\u00e2y l\u00e0 \u0111\u1ecba \u0111i\u1ec3m l\u00fd t\u01b0\u1edfng \u0111\u1ec3 hi\u1ec7n th\u1ef1c h\u00f3a nh\u1eefng ti\u1ec7c c\u01b0\u1edbi l\u00e3ng m\u1ea1n trong m\u01a1 hay c\u00e1c s\u1ef1 ki\u1ec7n ngo\u00e0i tr\u1eddi \u0111\u1ed9c \u0111\u00e1o, mang l\u1ea1i tr\u1ea3i nghi\u1ec7m tho\u00e1ng \u0111\u00e3ng v\u00e0 kh\u00f3 qu\u00ean gi\u1eefa l\u00f2ng H\u1ed9i An c\u1ed5 k\u00ednh.<\/p>\n","protected":false},"excerpt":{"rendered":"<p>S\u1edf h\u1eefu t\u1ed5ng di\u1ec7n t\u00edch m\u1eb7t b\u1eb1ng g\u1ea7n 400m\u00b2, Hoi An Historic Hotel mang \u0111\u1ebfn gi\u1ea3i ph\u00e1p kh\u00f4ng gian linh ho\u1ea1t, \u0111\u00e1p \u1ee9ng \u0111a d\u1ea1ng nhu c\u1ea7u t\u1ed5 ch\u1ee9c s\u1ef1 ki\u1ec7n v\u1edbi s\u1ee9c ch\u1ee9a t\u1eeb 70 \u0111\u1ebfn 380 kh\u00e1ch. T\u1ea5t c\u1ea3 c\u00e1c ph\u00f2ng h\u1ecdp \u0111\u1ec1u \u0111\u01b0\u1ee3c ch\u00fa tr\u1ecdng \u0111\u1ea7u t\u01b0 v\u1edbi h\u1ec7 th\u1ed1ng chi\u1ebfu s\u00e1ng [&hellip;]<\/p>\n","protected":false},"author":5,"featured_media":0,"parent":0,"menu_order":0,"comment_status":"closed","ping_status":"closed","template":"template-meeting.php","meta":{"footnotes":""},"yoast_head":"<!-- This site is optimized with the Yoast SEO plugin v22.3 - https:\/\/yoast.com\/wordpress\/plugins\/seo\/ -->\n<title>Meeting - Event &amp; Wedding | Hoi An Historic Hotel<\/title>\n<meta name=\"description\" content=\"Kh\u00f4ng gian ph\u00f2ng h\u1ecdp linh ho\u1ea1t v\u00e0 s\u00e2n v\u01b0\u1eddn xanh m\u00e1t t\u1ea1i Hoi An Historic Hotel, ph\u00f9 h\u1ee3p t\u1ed5 ch\u1ee9c h\u1ed9i ngh\u1ecb, ti\u1ec7c c\u01b0\u1edbi v\u00e0 nhi\u1ec1u lo\u1ea1i h\u00ecnh s\u1ef1 ki\u1ec7n.\" \/>\n<meta name=\"robots\" content=\"index, follow, max-snippet:-1, max-image-preview:large, max-video-preview:-1\" \/>\n<link rel=\"canonical\" href=\"https:\/\/www.hoianhistorichotel.com.vn\/vi\/meeting-wedding\/\" \/>\n<meta property=\"og:locale\" content=\"vi_VN\" \/>\n<meta property=\"og:type\" content=\"article\" \/>\n<meta property=\"og:title\" content=\"Meeting - Event &amp; Wedding | Hoi An Historic Hotel\" \/>\n<meta property=\"og:description\" content=\"Kh\u00f4ng gian ph\u00f2ng h\u1ecdp linh ho\u1ea1t v\u00e0 s\u00e2n v\u01b0\u1eddn xanh m\u00e1t t\u1ea1i Hoi An Historic Hotel, ph\u00f9 h\u1ee3p t\u1ed5 ch\u1ee9c h\u1ed9i ngh\u1ecb, ti\u1ec7c c\u01b0\u1edbi v\u00e0 nhi\u1ec1u lo\u1ea1i h\u00ecnh s\u1ef1 ki\u1ec7n.\" \/>\n<meta property=\"og:url\" content=\"https:\/\/www.hoianhistorichotel.com.vn\/vi\/meeting-wedding\/\" \/>\n<meta property=\"og:site_name\" content=\"Hoi An Historic Hotel\" \/>\n<meta property=\"article:modified_time\" content=\"2026-01-21T08:10:30+00:00\" \/>\n<meta name=\"twitter:card\" content=\"summary_large_image\" \/>\n<meta name=\"twitter:label1\" content=\"Est. reading time\" \/>\n\t<meta name=\"twitter:data1\" content=\"1 minute\" \/>\n<script type=\"application\/ld+json\" class=\"yoast-schema-graph\">{\"@context\":\"https:\/\/schema.org\",\"@graph\":[{\"@type\":\"WebPage\",\"@id\":\"https:\/\/www.hoianhistorichotel.com.vn\/vi\/meeting-wedding\/\",\"url\":\"https:\/\/www.hoianhistorichotel.com.vn\/vi\/meeting-wedding\/\",\"name\":\"Meeting - Event & Wedding | Hoi An Historic Hotel\",\"isPartOf\":{\"@id\":\"https:\/\/www.hoianhistorichotel.com.vn\/vi\/#website\"},\"datePublished\":\"2026-01-07T07:03:21+00:00\",\"dateModified\":\"2026-01-21T08:10:30+00:00\",\"description\":\"Kh\u00f4ng gian ph\u00f2ng h\u1ecdp linh ho\u1ea1t v\u00e0 s\u00e2n v\u01b0\u1eddn xanh m\u00e1t t\u1ea1i Hoi An Historic Hotel, ph\u00f9 h\u1ee3p t\u1ed5 ch\u1ee9c h\u1ed9i ngh\u1ecb, ti\u1ec7c c\u01b0\u1edbi v\u00e0 nhi\u1ec1u lo\u1ea1i h\u00ecnh s\u1ef1 ki\u1ec7n.\",\"breadcrumb\":{\"@id\":\"https:\/\/www.hoianhistorichotel.com.vn\/vi\/meeting-wedding\/#breadcrumb\"},\"inLanguage\":\"vi-VN\",\"potentialAction\":[{\"@type\":\"ReadAction\",\"target\":[\"https:\/\/www.hoianhistorichotel.com.vn\/vi\/meeting-wedding\/\"]}]},{\"@type\":\"BreadcrumbList\",\"@id\":\"https:\/\/www.hoianhistorichotel.com.vn\/vi\/meeting-wedding\/#breadcrumb\",\"itemListElement\":[{\"@type\":\"ListItem\",\"position\":1,\"name\":\"Home\",\"item\":\"https:\/\/www.hoianhistorichotel.com.vn\/vi\/\"},{\"@type\":\"ListItem\",\"position\":2,\"name\":\"H\u1ed9i Ngh\u1ecb &#8211; S\u1ef1 ki\u1ec7n v\u00e0 Ti\u1ec7c c\u01b0\u1edbi\"}]},{\"@type\":\"WebSite\",\"@id\":\"https:\/\/www.hoianhistorichotel.com.vn\/vi\/#website\",\"url\":\"https:\/\/www.hoianhistorichotel.com.vn\/vi\/\",\"name\":\"Hoi An Historic Hotel\",\"description\":\"\",\"potentialAction\":[{\"@type\":\"SearchAction\",\"target\":{\"@type\":\"EntryPoint\",\"urlTemplate\":\"https:\/\/www.hoianhistorichotel.com.vn\/vi\/?s={search_term_string}\"},\"query-input\":\"required name=search_term_string\"}],\"inLanguage\":\"vi-VN\"}]}<\/script>\n<!-- \/ Yoast SEO plugin. -->","yoast_head_json":{"title":"Meeting - Event & Wedding | Hoi An Historic Hotel","description":"Kh\u00f4ng gian ph\u00f2ng h\u1ecdp linh ho\u1ea1t v\u00e0 s\u00e2n v\u01b0\u1eddn xanh m\u00e1t t\u1ea1i Hoi An Historic Hotel, ph\u00f9 h\u1ee3p t\u1ed5 ch\u1ee9c h\u1ed9i ngh\u1ecb, ti\u1ec7c c\u01b0\u1edbi v\u00e0 nhi\u1ec1u lo\u1ea1i h\u00ecnh s\u1ef1 ki\u1ec7n.","robots":{"index":"index","follow":"follow","max-snippet":"max-snippet:-1","max-image-preview":"max-image-preview:large","max-video-preview":"max-video-preview:-1"},"canonical":"https:\/\/www.hoianhistorichotel.com.vn\/vi\/meeting-wedding\/","og_locale":"vi_VN","og_type":"article","og_title":"Meeting - Event & Wedding | Hoi An Historic Hotel","og_description":"Kh\u00f4ng gian ph\u00f2ng h\u1ecdp linh ho\u1ea1t v\u00e0 s\u00e2n v\u01b0\u1eddn xanh m\u00e1t t\u1ea1i Hoi An Historic Hotel, ph\u00f9 h\u1ee3p t\u1ed5 ch\u1ee9c h\u1ed9i ngh\u1ecb, ti\u1ec7c c\u01b0\u1edbi v\u00e0 nhi\u1ec1u lo\u1ea1i h\u00ecnh s\u1ef1 ki\u1ec7n.","og_url":"https:\/\/www.hoianhistorichotel.com.vn\/vi\/meeting-wedding\/","og_site_name":"Hoi An Historic Hotel","article_modified_time":"2026-01-21T08:10:30+00:00","twitter_card":"summary_large_image","twitter_misc":{"Est. reading time":"1 minute"},"schema":{"@context":"https:\/\/schema.org","@graph":[{"@type":"WebPage","@id":"https:\/\/www.hoianhistorichotel.com.vn\/vi\/meeting-wedding\/","url":"https:\/\/www.hoianhistorichotel.com.vn\/vi\/meeting-wedding\/","name":"Meeting - Event & Wedding | Hoi An Historic Hotel","isPartOf":{"@id":"https:\/\/www.hoianhistorichotel.com.vn\/vi\/#website"},"datePublished":"2026-01-07T07:03:21+00:00","dateModified":"2026-01-21T08:10:30+00:00","description":"Kh\u00f4ng gian ph\u00f2ng h\u1ecdp linh ho\u1ea1t v\u00e0 s\u00e2n v\u01b0\u1eddn xanh m\u00e1t t\u1ea1i Hoi An Historic Hotel, ph\u00f9 h\u1ee3p t\u1ed5 ch\u1ee9c h\u1ed9i ngh\u1ecb, ti\u1ec7c c\u01b0\u1edbi v\u00e0 nhi\u1ec1u lo\u1ea1i h\u00ecnh s\u1ef1 ki\u1ec7n.","breadcrumb":{"@id":"https:\/\/www.hoianhistorichotel.com.vn\/vi\/meeting-wedding\/#breadcrumb"},"inLanguage":"vi-VN","potentialAction":[{"@type":"ReadAction","target":["https:\/\/www.hoianhistorichotel.com.vn\/vi\/meeting-wedding\/"]}]},{"@type":"BreadcrumbList","@id":"https:\/\/www.hoianhistorichotel.com.vn\/vi\/meeting-wedding\/#breadcrumb","itemListElement":[{"@type":"ListItem","position":1,"name":"Home","item":"https:\/\/www.hoianhistorichotel.com.vn\/vi\/"},{"@type":"ListItem","position":2,"name":"H\u1ed9i Ngh\u1ecb &#8211; S\u1ef1 ki\u1ec7n v\u00e0 Ti\u1ec7c c\u01b0\u1edbi"}]},{"@type":"WebSite","@id":"https:\/\/www.hoianhistorichotel.com.vn\/vi\/#website","url":"https:\/\/www.hoianhistorichotel.com.vn\/vi\/","name":"Hoi An Historic Hotel","description":"","potentialAction":[{"@type":"SearchAction","target":{"@type":"EntryPoint","urlTemplate":"https:\/\/www.hoianhistorichotel.com.vn\/vi\/?s={search_term_string}"},"query-input":"required name=search_term_string"}],"inLanguage":"vi-VN"}]}},"acf":[],"_links":{"self":[{"href":"https:\/\/www.hoianhistorichotel.com.vn\/vi\/wp-json\/wp\/v2\/pages\/146"}],"collection":[{"href":"https:\/\/www.hoianhistorichotel.com.vn\/vi\/wp-json\/wp\/v2\/pages"}],"about":[{"href":"https:\/\/www.hoianhistorichotel.com.vn\/vi\/wp-json\/wp\/v2\/types\/page"}],"author":[{"embeddable":true,"href":"https:\/\/www.hoianhistorichotel.com.vn\/vi\/wp-json\/wp\/v2\/users\/5"}],"replies":[{"embeddable":true,"href":"https:\/\/www.hoianhistorichotel.com.vn\/vi\/wp-json\/wp\/v2\/comments?post=146"}],"version-history":[{"count":0,"href":"https:\/\/www.hoianhistorichotel.com.vn\/vi\/wp-json\/wp\/v2\/pages\/146\/revisions"}],"wp:attachment":[{"href":"https:\/\/www.hoianhistorichotel.com.vn\/vi\/wp-json\/wp\/v2\/media?parent=146"}],"curies":[{"name":"wp","href":"https:\/\/api.w.org\/{rel}","templated":true}]}}