{"id":147,"date":"2026-01-07T06:43:52","date_gmt":"2026-01-07T06:43:52","guid":{"rendered":"https:\/\/hoian-historic-hotel.ms2.decms.asia\/location\/"},"modified":"2026-01-20T06:06:52","modified_gmt":"2026-01-20T06:06:52","slug":"location","status":"publish","type":"page","link":"https:\/\/www.hoianhistorichotel.com.vn\/vi\/location\/","title":{"rendered":"Location"},"content":{"rendered":"<p>T\u1ecda l\u1ea1c tr\u00ean tr\u1ee5c \u0111\u01b0\u1eddng Tr\u1ea7n H\u01b0ng \u0110\u1ea1o s\u1ea7m u\u1ea5t \u2013 ngay trung t\u00e2m ph\u01b0\u1eddng H\u1ed9i An, Th\u00e0nh ph\u1ed1 \u0110\u00e0 N\u1eb5ng \u2013 Hoi An Historic Hotel l\u00e0 \u0111i\u1ec3m giao thoa ho\u00e0n h\u1ea3o gi\u1eefa phong c\u00e1ch ki\u1ebfn tr\u00fac thanh l\u1ecbch v\u01b0\u1ee3t th\u1eddi gian v\u00e0 s\u1ef1 hi\u1ebfu kh\u00e1ch n\u1ed3ng h\u1eadu.<\/p>\n<p>V\u1edbi v\u1ecb tr\u00ed thu\u1eadn l\u1ee3i ch\u1ec9 c\u00e1ch S\u00e2n bay Qu\u1ed1c t\u1ebf \u0110\u00e0 N\u1eb5ng 30km, kh\u00e1ch s\u1ea1n l\u00e0 t\u00e2m \u0111i\u1ec3m l\u00fd t\u01b0\u1edfng \u0111\u1ec3 du kh\u00e1ch kh\u00e1m ph\u00e1 tr\u1ecdn v\u1eb9n v\u1ebb \u0111\u1eb9p c\u1ee7a v\u00f9ng \u0111\u1ea5t di s\u1ea3n. Ch\u1ec9 v\u1edbi v\u00e0i b\u01b0\u1edbc ch\u00e2n (100m), b\u1ea1n s\u1ebd h\u00f2a m\u00ecnh v\u00e0o kh\u00f4ng gian ho\u00e0i c\u1ed5 c\u1ee7a Ph\u1ed1 c\u1ed5 H\u1ed9i An, th\u0103m Ch\u00f9a C\u1ea7u (700m) hay d\u1ea1o b\u01b0\u1edbc tr\u00ean nh\u1eefng con ph\u1ed1 r\u1ef1c r\u1ee1 \u00e1nh \u0111\u00e8n l\u1ed3ng. B\u1ea1n c\u0169ng d\u1ec5 d\u00e0ng di chuy\u1ec3n \u0111\u1ebfn danh th\u1eafng Ng\u0169 H\u00e0nh S\u01a1n (20km) v\u00e0 Th\u00e1nh \u0111\u1ecba M\u1ef9 S\u01a1n (41km), nh\u1eefng \u0111\u1ecba \u0111i\u1ec3m du l\u1ecbch kh\u00f4ng th\u1ec3 b\u1ecf qua khi \u0111\u1ebfn v\u1edbi H\u1ed9i An \u2013 \u0110\u00e0 N\u1eb5ng.<\/p>\n<p>Kh\u00f4ng ch\u1ec9 l\u00e0 ch\u1ed1n ngh\u1ec9 d\u01b0\u1ee1ng ti\u1ec7n nghi v\u1edbi h\u1ed3 b\u01a1i, spa, gym v\u00e0 khu vui ch\u01a1i tr\u1ebb em, Hoi An Historic Hotel c\u00f2n gi\u00fap du kh\u00e1ch &#8220;&#8221;ch\u1ea1m&#8221;&#8221; s\u00e2u v\u00e0o gi\u00e1 tr\u1ecb tinh th\u1ea7n b\u1ea3n \u0111\u1ecba qua c\u00e1c ho\u1ea1t \u0111\u1ed9ng \u0111\u1eadm \u0111\u00e0 b\u1ea3n s\u1eafc nh\u01b0 h\u1ecdc l\u00e0m g\u1ed1m, \u0111\u1eadp ni\u00eau d\u00e2n gian v\u00e0 c\u00e1c l\u1edbp h\u1ecdc ti\u1ebfng Vi\u1ec7t th\u00fa v\u1ecb.<\/p>\n","protected":false},"excerpt":{"rendered":"<p>T\u1ecda l\u1ea1c tr\u00ean tr\u1ee5c \u0111\u01b0\u1eddng Tr\u1ea7n H\u01b0ng \u0110\u1ea1o s\u1ea7m u\u1ea5t \u2013 ngay trung t\u00e2m ph\u01b0\u1eddng H\u1ed9i An, Th\u00e0nh ph\u1ed1 \u0110\u00e0 N\u1eb5ng \u2013 Hoi An Historic Hotel l\u00e0 \u0111i\u1ec3m giao thoa ho\u00e0n h\u1ea3o gi\u1eefa phong c\u00e1ch ki\u1ebfn tr\u00fac thanh l\u1ecbch v\u01b0\u1ee3t th\u1eddi gian v\u00e0 s\u1ef1 hi\u1ebfu kh\u00e1ch n\u1ed3ng h\u1eadu. V\u1edbi v\u1ecb tr\u00ed thu\u1eadn l\u1ee3i ch\u1ec9 c\u00e1ch [&hellip;]<\/p>\n","protected":false},"author":5,"featured_media":0,"parent":0,"menu_order":0,"comment_status":"closed","ping_status":"closed","template":"template-location.php","meta":{"footnotes":""},"yoast_head":"<!-- This site is optimized with the Yoast SEO plugin v22.3 - https:\/\/yoast.com\/wordpress\/plugins\/seo\/ -->\n<title>V\u1ecb Tr\u00ed | Hoi An Historic Hotel<\/title>\n<meta name=\"description\" content=\"L\u01b0u tr\u00fa t\u1ea1i trung t\u00e2m H\u1ed9i An, g\u1ea7n Ph\u1ed1 c\u1ed5, bi\u1ec3n v\u00e0 nhi\u1ec1u \u0111i\u1ec3m tham quan, v\u1edbi ti\u1ec7n nghi hi\u1ec7n \u0111\u1ea1i v\u00e0 ho\u1ea1t \u0111\u1ed9ng v\u0103n h\u00f3a \u0111\u1eb7c s\u1eafc t\u1ea1i Hoi An Historic Hotel.\" \/>\n<meta name=\"robots\" content=\"index, follow, max-snippet:-1, max-image-preview:large, max-video-preview:-1\" \/>\n<link rel=\"canonical\" href=\"https:\/\/www.hoianhistorichotel.com.vn\/vi\/location\/\" \/>\n<meta property=\"og:locale\" content=\"vi_VN\" \/>\n<meta property=\"og:type\" content=\"article\" \/>\n<meta property=\"og:title\" content=\"V\u1ecb Tr\u00ed | Hoi An Historic Hotel\" \/>\n<meta property=\"og:description\" content=\"L\u01b0u tr\u00fa t\u1ea1i trung t\u00e2m H\u1ed9i An, g\u1ea7n Ph\u1ed1 c\u1ed5, bi\u1ec3n v\u00e0 nhi\u1ec1u \u0111i\u1ec3m tham quan, v\u1edbi ti\u1ec7n nghi hi\u1ec7n \u0111\u1ea1i v\u00e0 ho\u1ea1t \u0111\u1ed9ng v\u0103n h\u00f3a \u0111\u1eb7c s\u1eafc t\u1ea1i Hoi An Historic Hotel.\" \/>\n<meta property=\"og:url\" content=\"https:\/\/www.hoianhistorichotel.com.vn\/vi\/location\/\" \/>\n<meta property=\"og:site_name\" content=\"Hoi An Historic Hotel\" \/>\n<meta property=\"article:modified_time\" content=\"2026-01-20T06:06:52+00:00\" \/>\n<meta name=\"twitter:card\" content=\"summary_large_image\" \/>\n<meta name=\"twitter:label1\" content=\"Est. reading time\" \/>\n\t<meta name=\"twitter:data1\" content=\"1 minute\" \/>\n<script type=\"application\/ld+json\" class=\"yoast-schema-graph\">{\"@context\":\"https:\/\/schema.org\",\"@graph\":[{\"@type\":\"WebPage\",\"@id\":\"https:\/\/www.hoianhistorichotel.com.vn\/vi\/location\/\",\"url\":\"https:\/\/www.hoianhistorichotel.com.vn\/vi\/location\/\",\"name\":\"V\u1ecb Tr\u00ed | Hoi An Historic Hotel\",\"isPartOf\":{\"@id\":\"https:\/\/www.hoianhistorichotel.com.vn\/vi\/#website\"},\"datePublished\":\"2026-01-07T06:43:52+00:00\",\"dateModified\":\"2026-01-20T06:06:52+00:00\",\"description\":\"L\u01b0u tr\u00fa t\u1ea1i trung t\u00e2m H\u1ed9i An, g\u1ea7n Ph\u1ed1 c\u1ed5, bi\u1ec3n v\u00e0 nhi\u1ec1u \u0111i\u1ec3m tham quan, v\u1edbi ti\u1ec7n nghi hi\u1ec7n \u0111\u1ea1i v\u00e0 ho\u1ea1t \u0111\u1ed9ng v\u0103n h\u00f3a \u0111\u1eb7c s\u1eafc t\u1ea1i Hoi An Historic Hotel.\",\"breadcrumb\":{\"@id\":\"https:\/\/www.hoianhistorichotel.com.vn\/vi\/location\/#breadcrumb\"},\"inLanguage\":\"vi-VN\",\"potentialAction\":[{\"@type\":\"ReadAction\",\"target\":[\"https:\/\/www.hoianhistorichotel.com.vn\/vi\/location\/\"]}]},{\"@type\":\"BreadcrumbList\",\"@id\":\"https:\/\/www.hoianhistorichotel.com.vn\/vi\/location\/#breadcrumb\",\"itemListElement\":[{\"@type\":\"ListItem\",\"position\":1,\"name\":\"Home\",\"item\":\"https:\/\/www.hoianhistorichotel.com.vn\/vi\/\"},{\"@type\":\"ListItem\",\"position\":2,\"name\":\"Location\"}]},{\"@type\":\"WebSite\",\"@id\":\"https:\/\/www.hoianhistorichotel.com.vn\/vi\/#website\",\"url\":\"https:\/\/www.hoianhistorichotel.com.vn\/vi\/\",\"name\":\"Hoi An Historic Hotel\",\"description\":\"\",\"potentialAction\":[{\"@type\":\"SearchAction\",\"target\":{\"@type\":\"EntryPoint\",\"urlTemplate\":\"https:\/\/www.hoianhistorichotel.com.vn\/vi\/?s={search_term_string}\"},\"query-input\":\"required name=search_term_string\"}],\"inLanguage\":\"vi-VN\"}]}<\/script>\n<!-- \/ Yoast SEO plugin. -->","yoast_head_json":{"title":"V\u1ecb Tr\u00ed | Hoi An Historic Hotel","description":"L\u01b0u tr\u00fa t\u1ea1i trung t\u00e2m H\u1ed9i An, g\u1ea7n Ph\u1ed1 c\u1ed5, bi\u1ec3n v\u00e0 nhi\u1ec1u \u0111i\u1ec3m tham quan, v\u1edbi ti\u1ec7n nghi hi\u1ec7n \u0111\u1ea1i v\u00e0 ho\u1ea1t \u0111\u1ed9ng v\u0103n h\u00f3a \u0111\u1eb7c s\u1eafc t\u1ea1i Hoi An Historic Hotel.","robots":{"index":"index","follow":"follow","max-snippet":"max-snippet:-1","max-image-preview":"max-image-preview:large","max-video-preview":"max-video-preview:-1"},"canonical":"https:\/\/www.hoianhistorichotel.com.vn\/vi\/location\/","og_locale":"vi_VN","og_type":"article","og_title":"V\u1ecb Tr\u00ed | Hoi An Historic Hotel","og_description":"L\u01b0u tr\u00fa t\u1ea1i trung t\u00e2m H\u1ed9i An, g\u1ea7n Ph\u1ed1 c\u1ed5, bi\u1ec3n v\u00e0 nhi\u1ec1u \u0111i\u1ec3m tham quan, v\u1edbi ti\u1ec7n nghi hi\u1ec7n \u0111\u1ea1i v\u00e0 ho\u1ea1t \u0111\u1ed9ng v\u0103n h\u00f3a \u0111\u1eb7c s\u1eafc t\u1ea1i Hoi An Historic Hotel.","og_url":"https:\/\/www.hoianhistorichotel.com.vn\/vi\/location\/","og_site_name":"Hoi An Historic Hotel","article_modified_time":"2026-01-20T06:06:52+00:00","twitter_card":"summary_large_image","twitter_misc":{"Est. reading time":"1 minute"},"schema":{"@context":"https:\/\/schema.org","@graph":[{"@type":"WebPage","@id":"https:\/\/www.hoianhistorichotel.com.vn\/vi\/location\/","url":"https:\/\/www.hoianhistorichotel.com.vn\/vi\/location\/","name":"V\u1ecb Tr\u00ed | Hoi An Historic Hotel","isPartOf":{"@id":"https:\/\/www.hoianhistorichotel.com.vn\/vi\/#website"},"datePublished":"2026-01-07T06:43:52+00:00","dateModified":"2026-01-20T06:06:52+00:00","description":"L\u01b0u tr\u00fa t\u1ea1i trung t\u00e2m H\u1ed9i An, g\u1ea7n Ph\u1ed1 c\u1ed5, bi\u1ec3n v\u00e0 nhi\u1ec1u \u0111i\u1ec3m tham quan, v\u1edbi ti\u1ec7n nghi hi\u1ec7n \u0111\u1ea1i v\u00e0 ho\u1ea1t \u0111\u1ed9ng v\u0103n h\u00f3a \u0111\u1eb7c s\u1eafc t\u1ea1i Hoi An Historic Hotel.","breadcrumb":{"@id":"https:\/\/www.hoianhistorichotel.com.vn\/vi\/location\/#breadcrumb"},"inLanguage":"vi-VN","potentialAction":[{"@type":"ReadAction","target":["https:\/\/www.hoianhistorichotel.com.vn\/vi\/location\/"]}]},{"@type":"BreadcrumbList","@id":"https:\/\/www.hoianhistorichotel.com.vn\/vi\/location\/#breadcrumb","itemListElement":[{"@type":"ListItem","position":1,"name":"Home","item":"https:\/\/www.hoianhistorichotel.com.vn\/vi\/"},{"@type":"ListItem","position":2,"name":"Location"}]},{"@type":"WebSite","@id":"https:\/\/www.hoianhistorichotel.com.vn\/vi\/#website","url":"https:\/\/www.hoianhistorichotel.com.vn\/vi\/","name":"Hoi An Historic Hotel","description":"","potentialAction":[{"@type":"SearchAction","target":{"@type":"EntryPoint","urlTemplate":"https:\/\/www.hoianhistorichotel.com.vn\/vi\/?s={search_term_string}"},"query-input":"required name=search_term_string"}],"inLanguage":"vi-VN"}]}},"acf":[],"_links":{"self":[{"href":"https:\/\/www.hoianhistorichotel.com.vn\/vi\/wp-json\/wp\/v2\/pages\/147"}],"collection":[{"href":"https:\/\/www.hoianhistorichotel.com.vn\/vi\/wp-json\/wp\/v2\/pages"}],"about":[{"href":"https:\/\/www.hoianhistorichotel.com.vn\/vi\/wp-json\/wp\/v2\/types\/page"}],"author":[{"embeddable":true,"href":"https:\/\/www.hoianhistorichotel.com.vn\/vi\/wp-json\/wp\/v2\/users\/5"}],"replies":[{"embeddable":true,"href":"https:\/\/www.hoianhistorichotel.com.vn\/vi\/wp-json\/wp\/v2\/comments?post=147"}],"version-history":[{"count":0,"href":"https:\/\/www.hoianhistorichotel.com.vn\/vi\/wp-json\/wp\/v2\/pages\/147\/revisions"}],"wp:attachment":[{"href":"https:\/\/www.hoianhistorichotel.com.vn\/vi\/wp-json\/wp\/v2\/media?parent=147"}],"curies":[{"name":"wp","href":"https:\/\/api.w.org\/{rel}","templated":true}]}}