{"id":149,"date":"2026-01-07T07:08:51","date_gmt":"2026-01-07T07:08:51","guid":{"rendered":"https:\/\/hoian-historic-hotel.ms2.decms.asia\/location\/surroundings\/"},"modified":"2026-01-20T06:08:30","modified_gmt":"2026-01-20T06:08:30","slug":"surroundings","status":"publish","type":"page","link":"https:\/\/www.hoianhistorichotel.com.vn\/vi\/location\/surroundings\/","title":{"rendered":"C\u00e1c \u0111i\u1ec3m \u0111\u1ebfn h\u1ea5p d\u1eabn xung quanh"},"content":{"rendered":"<p>B\u01b0\u1edbc ch\u00e2n ra ngo\u00e0i v\u00e0 kh\u00e1m ph\u00e1 v\u1ebb \u0111\u1eb9p quy\u1ebfn r\u0169 c\u1ee7a khu v\u1ef1c xung quanh H\u1ed9i An. T\u1eeb Ph\u1ed1 C\u1ed5 r\u1ef1c r\u1ee1 \u0111\u00e8n l\u1ed3ng v\u00e0 Ch\u00f9a C\u1ea7u mang t\u00ednh bi\u1ec3u t\u01b0\u1ee3ng, \u0111\u1ebfn c\u00e1c khu ch\u1ee3 \u0111\u1ecba ph\u01b0\u01a1ng s\u00f4i \u0111\u1ed9ng, l\u00e0ng ngh\u1ec1 truy\u1ec1n th\u1ed1ng v\u00e0 b\u00e3i bi\u1ec3n C\u1eeda \u0110\u1ea1i thanh b\u00ecnh, m\u1ecdi tr\u1ea3i nghi\u1ec7m \u0111\u1ec1u n\u1eb1m trong t\u1ea7m tay b\u1ea1n.<\/p>\n<p>L\u01b0u tr\u00fa t\u1ea1i Hoi An Historic Hotel \u0111\u1ed3ng ngh\u0129a v\u1edbi vi\u1ec7c t\u1eadn h\u01b0\u1edfng kh\u1ea3 n\u0103ng ti\u1ebfp c\u1eadn d\u1ec5 d\u00e0ng \u0111\u1ebfn v\u0103n h\u00f3a, thi\u00ean nhi\u00ean v\u00e0 cu\u1ed9c s\u1ed1ng \u0111\u1ecba ph\u01b0\u01a1ng ch\u00e2n th\u1ef1c.<\/p>\n","protected":false},"excerpt":{"rendered":"<p>B\u01b0\u1edbc ch\u00e2n ra ngo\u00e0i v\u00e0 kh\u00e1m ph\u00e1 v\u1ebb \u0111\u1eb9p quy\u1ebfn r\u0169 c\u1ee7a khu v\u1ef1c xung quanh H\u1ed9i An. T\u1eeb Ph\u1ed1 C\u1ed5 r\u1ef1c r\u1ee1 \u0111\u00e8n l\u1ed3ng v\u00e0 Ch\u00f9a C\u1ea7u mang t\u00ednh bi\u1ec3u t\u01b0\u1ee3ng, \u0111\u1ebfn c\u00e1c khu ch\u1ee3 \u0111\u1ecba ph\u01b0\u01a1ng s\u00f4i \u0111\u1ed9ng, l\u00e0ng ngh\u1ec1 truy\u1ec1n th\u1ed1ng v\u00e0 b\u00e3i bi\u1ec3n C\u1eeda \u0110\u1ea1i thanh b\u00ecnh, m\u1ecdi tr\u1ea3i nghi\u1ec7m \u0111\u1ec1u [&hellip;]<\/p>\n","protected":false},"author":5,"featured_media":0,"parent":147,"menu_order":0,"comment_status":"closed","ping_status":"closed","template":"template-surroundings.php","meta":{"footnotes":""},"yoast_head":"<!-- This site is optimized with the Yoast SEO plugin v22.3 - https:\/\/yoast.com\/wordpress\/plugins\/seo\/ -->\n<title>\u0110\u1ecba \u0110i\u1ec3m Xung Quanh &amp; \u0110i\u1ec3m Tham Quan G\u1ea7n K\u1ec1 | Hoi An Historic Hotel<\/title>\n<meta name=\"description\" content=\"Kh\u00e1m ph\u00e1 c\u00e1c \u0111i\u1ec3m \u0111\u1ebfn h\u00e0ng \u0111\u1ea7u g\u1ea7n Hoi An Historic Hotel: t\u1eeb Ph\u1ed1 C\u1ed5, Ch\u00f9a C\u1ea7u \u0111\u1ebfn c\u00e1c l\u00e0ng ngh\u1ec1 v\u00e0 bi\u1ec3n C\u1eeda \u0110\u1ea1i, t\u1ea5t c\u1ea3 \u0111\u1ec1u trong t\u1ea7m tay.\" \/>\n<meta name=\"robots\" content=\"index, follow, max-snippet:-1, max-image-preview:large, max-video-preview:-1\" \/>\n<link rel=\"canonical\" href=\"https:\/\/www.hoianhistorichotel.com.vn\/vi\/location\/surroundings\/\" \/>\n<meta property=\"og:locale\" content=\"vi_VN\" \/>\n<meta property=\"og:type\" content=\"article\" \/>\n<meta property=\"og:title\" content=\"\u0110\u1ecba \u0110i\u1ec3m Xung Quanh &amp; \u0110i\u1ec3m Tham Quan G\u1ea7n K\u1ec1 | Hoi An Historic Hotel\" \/>\n<meta property=\"og:description\" content=\"Kh\u00e1m ph\u00e1 c\u00e1c \u0111i\u1ec3m \u0111\u1ebfn h\u00e0ng \u0111\u1ea7u g\u1ea7n Hoi An Historic Hotel: t\u1eeb Ph\u1ed1 C\u1ed5, Ch\u00f9a C\u1ea7u \u0111\u1ebfn c\u00e1c l\u00e0ng ngh\u1ec1 v\u00e0 bi\u1ec3n C\u1eeda \u0110\u1ea1i, t\u1ea5t c\u1ea3 \u0111\u1ec1u trong t\u1ea7m tay.\" \/>\n<meta property=\"og:url\" content=\"https:\/\/www.hoianhistorichotel.com.vn\/vi\/location\/surroundings\/\" \/>\n<meta property=\"og:site_name\" content=\"Hoi An Historic Hotel\" \/>\n<meta property=\"article:modified_time\" content=\"2026-01-20T06:08:30+00:00\" \/>\n<meta name=\"twitter:card\" content=\"summary_large_image\" \/>\n<meta name=\"twitter:label1\" content=\"Est. reading time\" \/>\n\t<meta name=\"twitter:data1\" content=\"1 minute\" \/>\n<script type=\"application\/ld+json\" class=\"yoast-schema-graph\">{\"@context\":\"https:\/\/schema.org\",\"@graph\":[{\"@type\":\"WebPage\",\"@id\":\"https:\/\/www.hoianhistorichotel.com.vn\/vi\/location\/surroundings\/\",\"url\":\"https:\/\/www.hoianhistorichotel.com.vn\/vi\/location\/surroundings\/\",\"name\":\"\u0110\u1ecba \u0110i\u1ec3m Xung Quanh & \u0110i\u1ec3m Tham Quan G\u1ea7n K\u1ec1 | Hoi An Historic Hotel\",\"isPartOf\":{\"@id\":\"https:\/\/www.hoianhistorichotel.com.vn\/vi\/#website\"},\"datePublished\":\"2026-01-07T07:08:51+00:00\",\"dateModified\":\"2026-01-20T06:08:30+00:00\",\"description\":\"Kh\u00e1m ph\u00e1 c\u00e1c \u0111i\u1ec3m \u0111\u1ebfn h\u00e0ng \u0111\u1ea7u g\u1ea7n Hoi An Historic Hotel: t\u1eeb Ph\u1ed1 C\u1ed5, Ch\u00f9a C\u1ea7u \u0111\u1ebfn c\u00e1c l\u00e0ng ngh\u1ec1 v\u00e0 bi\u1ec3n C\u1eeda \u0110\u1ea1i, t\u1ea5t c\u1ea3 \u0111\u1ec1u trong t\u1ea7m tay.\",\"breadcrumb\":{\"@id\":\"https:\/\/www.hoianhistorichotel.com.vn\/vi\/location\/surroundings\/#breadcrumb\"},\"inLanguage\":\"vi-VN\",\"potentialAction\":[{\"@type\":\"ReadAction\",\"target\":[\"https:\/\/www.hoianhistorichotel.com.vn\/vi\/location\/surroundings\/\"]}]},{\"@type\":\"BreadcrumbList\",\"@id\":\"https:\/\/www.hoianhistorichotel.com.vn\/vi\/location\/surroundings\/#breadcrumb\",\"itemListElement\":[{\"@type\":\"ListItem\",\"position\":1,\"name\":\"Home\",\"item\":\"https:\/\/www.hoianhistorichotel.com.vn\/vi\/\"},{\"@type\":\"ListItem\",\"position\":2,\"name\":\"Location\",\"item\":\"https:\/\/www.hoianhistorichotel.com.vn\/vi\/location\/\"},{\"@type\":\"ListItem\",\"position\":3,\"name\":\"C\u00e1c \u0111i\u1ec3m \u0111\u1ebfn h\u1ea5p d\u1eabn xung quanh\"}]},{\"@type\":\"WebSite\",\"@id\":\"https:\/\/www.hoianhistorichotel.com.vn\/vi\/#website\",\"url\":\"https:\/\/www.hoianhistorichotel.com.vn\/vi\/\",\"name\":\"Hoi An Historic Hotel\",\"description\":\"\",\"potentialAction\":[{\"@type\":\"SearchAction\",\"target\":{\"@type\":\"EntryPoint\",\"urlTemplate\":\"https:\/\/www.hoianhistorichotel.com.vn\/vi\/?s={search_term_string}\"},\"query-input\":\"required name=search_term_string\"}],\"inLanguage\":\"vi-VN\"}]}<\/script>\n<!-- \/ Yoast SEO plugin. -->","yoast_head_json":{"title":"\u0110\u1ecba \u0110i\u1ec3m Xung Quanh & \u0110i\u1ec3m Tham Quan G\u1ea7n K\u1ec1 | Hoi An Historic Hotel","description":"Kh\u00e1m ph\u00e1 c\u00e1c \u0111i\u1ec3m \u0111\u1ebfn h\u00e0ng \u0111\u1ea7u g\u1ea7n Hoi An Historic Hotel: t\u1eeb Ph\u1ed1 C\u1ed5, Ch\u00f9a C\u1ea7u \u0111\u1ebfn c\u00e1c l\u00e0ng ngh\u1ec1 v\u00e0 bi\u1ec3n C\u1eeda \u0110\u1ea1i, t\u1ea5t c\u1ea3 \u0111\u1ec1u trong t\u1ea7m tay.","robots":{"index":"index","follow":"follow","max-snippet":"max-snippet:-1","max-image-preview":"max-image-preview:large","max-video-preview":"max-video-preview:-1"},"canonical":"https:\/\/www.hoianhistorichotel.com.vn\/vi\/location\/surroundings\/","og_locale":"vi_VN","og_type":"article","og_title":"\u0110\u1ecba \u0110i\u1ec3m Xung Quanh & \u0110i\u1ec3m Tham Quan G\u1ea7n K\u1ec1 | Hoi An Historic Hotel","og_description":"Kh\u00e1m ph\u00e1 c\u00e1c \u0111i\u1ec3m \u0111\u1ebfn h\u00e0ng \u0111\u1ea7u g\u1ea7n Hoi An Historic Hotel: t\u1eeb Ph\u1ed1 C\u1ed5, Ch\u00f9a C\u1ea7u \u0111\u1ebfn c\u00e1c l\u00e0ng ngh\u1ec1 v\u00e0 bi\u1ec3n C\u1eeda \u0110\u1ea1i, t\u1ea5t c\u1ea3 \u0111\u1ec1u trong t\u1ea7m tay.","og_url":"https:\/\/www.hoianhistorichotel.com.vn\/vi\/location\/surroundings\/","og_site_name":"Hoi An Historic Hotel","article_modified_time":"2026-01-20T06:08:30+00:00","twitter_card":"summary_large_image","twitter_misc":{"Est. reading time":"1 minute"},"schema":{"@context":"https:\/\/schema.org","@graph":[{"@type":"WebPage","@id":"https:\/\/www.hoianhistorichotel.com.vn\/vi\/location\/surroundings\/","url":"https:\/\/www.hoianhistorichotel.com.vn\/vi\/location\/surroundings\/","name":"\u0110\u1ecba \u0110i\u1ec3m Xung Quanh & \u0110i\u1ec3m Tham Quan G\u1ea7n K\u1ec1 | Hoi An Historic Hotel","isPartOf":{"@id":"https:\/\/www.hoianhistorichotel.com.vn\/vi\/#website"},"datePublished":"2026-01-07T07:08:51+00:00","dateModified":"2026-01-20T06:08:30+00:00","description":"Kh\u00e1m ph\u00e1 c\u00e1c \u0111i\u1ec3m \u0111\u1ebfn h\u00e0ng \u0111\u1ea7u g\u1ea7n Hoi An Historic Hotel: t\u1eeb Ph\u1ed1 C\u1ed5, Ch\u00f9a C\u1ea7u \u0111\u1ebfn c\u00e1c l\u00e0ng ngh\u1ec1 v\u00e0 bi\u1ec3n C\u1eeda \u0110\u1ea1i, t\u1ea5t c\u1ea3 \u0111\u1ec1u trong t\u1ea7m tay.","breadcrumb":{"@id":"https:\/\/www.hoianhistorichotel.com.vn\/vi\/location\/surroundings\/#breadcrumb"},"inLanguage":"vi-VN","potentialAction":[{"@type":"ReadAction","target":["https:\/\/www.hoianhistorichotel.com.vn\/vi\/location\/surroundings\/"]}]},{"@type":"BreadcrumbList","@id":"https:\/\/www.hoianhistorichotel.com.vn\/vi\/location\/surroundings\/#breadcrumb","itemListElement":[{"@type":"ListItem","position":1,"name":"Home","item":"https:\/\/www.hoianhistorichotel.com.vn\/vi\/"},{"@type":"ListItem","position":2,"name":"Location","item":"https:\/\/www.hoianhistorichotel.com.vn\/vi\/location\/"},{"@type":"ListItem","position":3,"name":"C\u00e1c \u0111i\u1ec3m \u0111\u1ebfn h\u1ea5p d\u1eabn xung quanh"}]},{"@type":"WebSite","@id":"https:\/\/www.hoianhistorichotel.com.vn\/vi\/#website","url":"https:\/\/www.hoianhistorichotel.com.vn\/vi\/","name":"Hoi An Historic Hotel","description":"","potentialAction":[{"@type":"SearchAction","target":{"@type":"EntryPoint","urlTemplate":"https:\/\/www.hoianhistorichotel.com.vn\/vi\/?s={search_term_string}"},"query-input":"required name=search_term_string"}],"inLanguage":"vi-VN"}]}},"acf":[],"_links":{"self":[{"href":"https:\/\/www.hoianhistorichotel.com.vn\/vi\/wp-json\/wp\/v2\/pages\/149"}],"collection":[{"href":"https:\/\/www.hoianhistorichotel.com.vn\/vi\/wp-json\/wp\/v2\/pages"}],"about":[{"href":"https:\/\/www.hoianhistorichotel.com.vn\/vi\/wp-json\/wp\/v2\/types\/page"}],"author":[{"embeddable":true,"href":"https:\/\/www.hoianhistorichotel.com.vn\/vi\/wp-json\/wp\/v2\/users\/5"}],"replies":[{"embeddable":true,"href":"https:\/\/www.hoianhistorichotel.com.vn\/vi\/wp-json\/wp\/v2\/comments?post=149"}],"version-history":[{"count":0,"href":"https:\/\/www.hoianhistorichotel.com.vn\/vi\/wp-json\/wp\/v2\/pages\/149\/revisions"}],"up":[{"embeddable":true,"href":"https:\/\/www.hoianhistorichotel.com.vn\/vi\/wp-json\/wp\/v2\/pages\/147"}],"wp:attachment":[{"href":"https:\/\/www.hoianhistorichotel.com.vn\/vi\/wp-json\/wp\/v2\/media?parent=149"}],"curies":[{"name":"wp","href":"https:\/\/api.w.org\/{rel}","templated":true}]}}