{"id":165,"date":"2026-01-07T07:05:27","date_gmt":"2026-01-07T07:05:27","guid":{"rendered":"https:\/\/hoian-historic-hotel.ms2.decms.asia\/location\/news-events\/"},"modified":"2026-02-12T17:51:07","modified_gmt":"2026-02-12T17:51:07","slug":"activities-news","status":"publish","type":"page","link":"https:\/\/www.hoianhistorichotel.com.vn\/vi\/location\/activities-news\/","title":{"rendered":"Ho\u1ea1t \u0111\u1ed9ng v\u00e0 Tin t\u1ee9c"},"content":{"rendered":"<p>T\u1ea1i m\u1ee5c Ho\u1ea1t \u0111\u1ed9ng &#038; Tin t\u1ee9c c\u1ee7a Hoi An Historic Hotel, ch\u00fang t\u00f4i mang \u0111\u1ebfn cho qu\u00fd kh\u00e1ch m\u1ed9t cu\u1ed1n c\u1ea9m nang tr\u1ecdn v\u1eb9n v\u1ec1 nh\u1eefng \u0111i\u1ec1u th\u00fa v\u1ecb \u0111ang di\u1ec5n ra. T\u1eeb c\u00e1c ho\u1ea1t \u0111\u1ed9ng tr\u1ea3i nghi\u1ec7m mi\u1ec5n ph\u00ed nh\u01b0 L\u1edbp Yoga, H\u1ecdc l\u00e0m g\u1ed1m hay Tr\u00f2 ch\u01a1i d\u00e2n gian ngay t\u1ea1i kh\u00e1ch s\u1ea1n, \u0111\u1ebfn c\u00e1c d\u1ecbch v\u1ee5 \u1ea9m th\u1ef1c \u0111\u1eb7c s\u1eafc nh\u01b0 L\u1edbp n\u1ea5u \u0103n hay B\u1eefa t\u1ed1i l\u00e3ng m\u1ea1n gi\u1eefa khu v\u01b0\u1eddn t\u0129nh l\u1eb7ng v\u00e0 th\u01a1 m\u1ed9ng. <\/p>\n<p>B\u00ean c\u1ea1nh \u0111\u00f3, qu\u00fd kh\u00e1ch c\u00f2n \u0111\u01b0\u1ee3c c\u1eadp nh\u1eadt c\u00e1c s\u1ef1 ki\u1ec7n v\u0103n h\u00f3a, l\u1ec5 h\u1ed9i v\u00e0 tin t\u1ee9c gi\u1ea3i tr\u00ed n\u1ed5i b\u1eadt t\u1ea1i Ph\u1ed1 c\u1ed5 H\u1ed9i An. H\u00e3y theo d\u00f5i th\u01b0\u1eddng xuy\u00ean \u0111\u1ec3 bi\u1ebfn chuy\u1ebfn \u0111i c\u1ee7a b\u1ea1n th\u00e0nh m\u1ed9t h\u00e0nh tr\u00ecnh kh\u00f4ng ch\u1ec9 \u0111\u1ec3 th\u01b0 gi\u00e3n, m\u00e0 c\u00f2n l\u00e0 m\u1ed9t tr\u1ea3i nghi\u1ec7m v\u0103n h\u00f3a, tinh th\u1ea7n s\u00e2u s\u1eafc v\u00e0 \u00fd ngh\u0129a trong t\u1eebng kho\u1ea3nh kh\u1eafc.<\/p>\n","protected":false},"excerpt":{"rendered":"<p>T\u1ea1i m\u1ee5c Ho\u1ea1t \u0111\u1ed9ng &#038; Tin t\u1ee9c c\u1ee7a Hoi An Historic Hotel, ch\u00fang t\u00f4i mang \u0111\u1ebfn cho qu\u00fd kh\u00e1ch m\u1ed9t cu\u1ed1n c\u1ea9m nang tr\u1ecdn v\u1eb9n v\u1ec1 nh\u1eefng \u0111i\u1ec1u th\u00fa v\u1ecb \u0111ang di\u1ec5n ra. T\u1eeb c\u00e1c ho\u1ea1t \u0111\u1ed9ng tr\u1ea3i nghi\u1ec7m mi\u1ec5n ph\u00ed nh\u01b0 L\u1edbp Yoga, H\u1ecdc l\u00e0m g\u1ed1m hay Tr\u00f2 ch\u01a1i d\u00e2n gian ngay t\u1ea1i kh\u00e1ch [&hellip;]<\/p>\n","protected":false},"author":5,"featured_media":0,"parent":147,"menu_order":0,"comment_status":"closed","ping_status":"closed","template":"template-events.php","meta":{"footnotes":""},"yoast_head":"<!-- This site is optimized with the Yoast SEO plugin v22.3 - https:\/\/yoast.com\/wordpress\/plugins\/seo\/ -->\n<title>Ho\u1ea1t \u0111\u1ed9ng Mi\u1ec5n ph\u00ed, L\u1ec5 h\u1ed9i &amp; Tin t\u1ee9c S\u1ef1 ki\u1ec7n<\/title>\n<meta name=\"description\" content=\"Xem l\u1ecbch ho\u1ea1t \u0111\u1ed9ng t\u1ea1i Hoi An Historic Hotel: Yoga, L\u00e0m G\u1ed1m mi\u1ec5n ph\u00ed, L\u1edbp D\u1ea1y N\u1ea5u \u0102n, B\u1eefa t\u1ed1i l\u00e3ng m\u1ea1n. C\u1eadp nh\u1eadt c\u00e1c s\u1ef1 ki\u1ec7n v\u0103n h\u00f3a \u0111\u1ecba ph\u01b0\u01a1ng.\" \/>\n<meta name=\"robots\" content=\"index, follow, max-snippet:-1, max-image-preview:large, max-video-preview:-1\" \/>\n<link rel=\"canonical\" href=\"https:\/\/www.hoianhistorichotel.com.vn\/vi\/location\/activities-news\/\" \/>\n<meta property=\"og:locale\" content=\"vi_VN\" \/>\n<meta property=\"og:type\" content=\"article\" \/>\n<meta property=\"og:title\" content=\"Ho\u1ea1t \u0111\u1ed9ng Mi\u1ec5n ph\u00ed, L\u1ec5 h\u1ed9i &amp; Tin t\u1ee9c S\u1ef1 ki\u1ec7n\" \/>\n<meta property=\"og:description\" content=\"Xem l\u1ecbch ho\u1ea1t \u0111\u1ed9ng t\u1ea1i Hoi An Historic Hotel: Yoga, L\u00e0m G\u1ed1m mi\u1ec5n ph\u00ed, L\u1edbp D\u1ea1y N\u1ea5u \u0102n, B\u1eefa t\u1ed1i l\u00e3ng m\u1ea1n. C\u1eadp nh\u1eadt c\u00e1c s\u1ef1 ki\u1ec7n v\u0103n h\u00f3a \u0111\u1ecba ph\u01b0\u01a1ng.\" \/>\n<meta property=\"og:url\" content=\"https:\/\/www.hoianhistorichotel.com.vn\/vi\/location\/activities-news\/\" \/>\n<meta property=\"og:site_name\" content=\"Hoi An Historic Hotel\" \/>\n<meta property=\"article:modified_time\" content=\"2026-02-12T17:51:07+00:00\" \/>\n<meta name=\"twitter:card\" content=\"summary_large_image\" \/>\n<meta name=\"twitter:label1\" content=\"Est. reading time\" \/>\n\t<meta name=\"twitter:data1\" content=\"1 minute\" \/>\n<script type=\"application\/ld+json\" class=\"yoast-schema-graph\">{\"@context\":\"https:\/\/schema.org\",\"@graph\":[{\"@type\":\"WebPage\",\"@id\":\"https:\/\/www.hoianhistorichotel.com.vn\/vi\/location\/activities-news\/\",\"url\":\"https:\/\/www.hoianhistorichotel.com.vn\/vi\/location\/activities-news\/\",\"name\":\"Ho\u1ea1t \u0111\u1ed9ng Mi\u1ec5n ph\u00ed, L\u1ec5 h\u1ed9i & Tin t\u1ee9c S\u1ef1 ki\u1ec7n\",\"isPartOf\":{\"@id\":\"https:\/\/www.hoianhistorichotel.com.vn\/vi\/#website\"},\"datePublished\":\"2026-01-07T07:05:27+00:00\",\"dateModified\":\"2026-02-12T17:51:07+00:00\",\"description\":\"Xem l\u1ecbch ho\u1ea1t \u0111\u1ed9ng t\u1ea1i Hoi An Historic Hotel: Yoga, L\u00e0m G\u1ed1m mi\u1ec5n ph\u00ed, L\u1edbp D\u1ea1y N\u1ea5u \u0102n, B\u1eefa t\u1ed1i l\u00e3ng m\u1ea1n. C\u1eadp nh\u1eadt c\u00e1c s\u1ef1 ki\u1ec7n v\u0103n h\u00f3a \u0111\u1ecba ph\u01b0\u01a1ng.\",\"breadcrumb\":{\"@id\":\"https:\/\/www.hoianhistorichotel.com.vn\/vi\/location\/activities-news\/#breadcrumb\"},\"inLanguage\":\"vi-VN\",\"potentialAction\":[{\"@type\":\"ReadAction\",\"target\":[\"https:\/\/www.hoianhistorichotel.com.vn\/vi\/location\/activities-news\/\"]}]},{\"@type\":\"BreadcrumbList\",\"@id\":\"https:\/\/www.hoianhistorichotel.com.vn\/vi\/location\/activities-news\/#breadcrumb\",\"itemListElement\":[{\"@type\":\"ListItem\",\"position\":1,\"name\":\"Home\",\"item\":\"https:\/\/www.hoianhistorichotel.com.vn\/vi\/\"},{\"@type\":\"ListItem\",\"position\":2,\"name\":\"Location\",\"item\":\"https:\/\/www.hoianhistorichotel.com.vn\/vi\/location\/\"},{\"@type\":\"ListItem\",\"position\":3,\"name\":\"Ho\u1ea1t \u0111\u1ed9ng v\u00e0 Tin t\u1ee9c\"}]},{\"@type\":\"WebSite\",\"@id\":\"https:\/\/www.hoianhistorichotel.com.vn\/vi\/#website\",\"url\":\"https:\/\/www.hoianhistorichotel.com.vn\/vi\/\",\"name\":\"Hoi An Historic Hotel\",\"description\":\"\",\"potentialAction\":[{\"@type\":\"SearchAction\",\"target\":{\"@type\":\"EntryPoint\",\"urlTemplate\":\"https:\/\/www.hoianhistorichotel.com.vn\/vi\/?s={search_term_string}\"},\"query-input\":\"required name=search_term_string\"}],\"inLanguage\":\"vi-VN\"}]}<\/script>\n<!-- \/ Yoast SEO plugin. -->","yoast_head_json":{"title":"Ho\u1ea1t \u0111\u1ed9ng Mi\u1ec5n ph\u00ed, L\u1ec5 h\u1ed9i & Tin t\u1ee9c S\u1ef1 ki\u1ec7n","description":"Xem l\u1ecbch ho\u1ea1t \u0111\u1ed9ng t\u1ea1i Hoi An Historic Hotel: Yoga, L\u00e0m G\u1ed1m mi\u1ec5n ph\u00ed, L\u1edbp D\u1ea1y N\u1ea5u \u0102n, B\u1eefa t\u1ed1i l\u00e3ng m\u1ea1n. C\u1eadp nh\u1eadt c\u00e1c s\u1ef1 ki\u1ec7n v\u0103n h\u00f3a \u0111\u1ecba ph\u01b0\u01a1ng.","robots":{"index":"index","follow":"follow","max-snippet":"max-snippet:-1","max-image-preview":"max-image-preview:large","max-video-preview":"max-video-preview:-1"},"canonical":"https:\/\/www.hoianhistorichotel.com.vn\/vi\/location\/activities-news\/","og_locale":"vi_VN","og_type":"article","og_title":"Ho\u1ea1t \u0111\u1ed9ng Mi\u1ec5n ph\u00ed, L\u1ec5 h\u1ed9i & Tin t\u1ee9c S\u1ef1 ki\u1ec7n","og_description":"Xem l\u1ecbch ho\u1ea1t \u0111\u1ed9ng t\u1ea1i Hoi An Historic Hotel: Yoga, L\u00e0m G\u1ed1m mi\u1ec5n ph\u00ed, L\u1edbp D\u1ea1y N\u1ea5u \u0102n, B\u1eefa t\u1ed1i l\u00e3ng m\u1ea1n. C\u1eadp nh\u1eadt c\u00e1c s\u1ef1 ki\u1ec7n v\u0103n h\u00f3a \u0111\u1ecba ph\u01b0\u01a1ng.","og_url":"https:\/\/www.hoianhistorichotel.com.vn\/vi\/location\/activities-news\/","og_site_name":"Hoi An Historic Hotel","article_modified_time":"2026-02-12T17:51:07+00:00","twitter_card":"summary_large_image","twitter_misc":{"Est. reading time":"1 minute"},"schema":{"@context":"https:\/\/schema.org","@graph":[{"@type":"WebPage","@id":"https:\/\/www.hoianhistorichotel.com.vn\/vi\/location\/activities-news\/","url":"https:\/\/www.hoianhistorichotel.com.vn\/vi\/location\/activities-news\/","name":"Ho\u1ea1t \u0111\u1ed9ng Mi\u1ec5n ph\u00ed, L\u1ec5 h\u1ed9i & Tin t\u1ee9c S\u1ef1 ki\u1ec7n","isPartOf":{"@id":"https:\/\/www.hoianhistorichotel.com.vn\/vi\/#website"},"datePublished":"2026-01-07T07:05:27+00:00","dateModified":"2026-02-12T17:51:07+00:00","description":"Xem l\u1ecbch ho\u1ea1t \u0111\u1ed9ng t\u1ea1i Hoi An Historic Hotel: Yoga, L\u00e0m G\u1ed1m mi\u1ec5n ph\u00ed, L\u1edbp D\u1ea1y N\u1ea5u \u0102n, B\u1eefa t\u1ed1i l\u00e3ng m\u1ea1n. C\u1eadp nh\u1eadt c\u00e1c s\u1ef1 ki\u1ec7n v\u0103n h\u00f3a \u0111\u1ecba ph\u01b0\u01a1ng.","breadcrumb":{"@id":"https:\/\/www.hoianhistorichotel.com.vn\/vi\/location\/activities-news\/#breadcrumb"},"inLanguage":"vi-VN","potentialAction":[{"@type":"ReadAction","target":["https:\/\/www.hoianhistorichotel.com.vn\/vi\/location\/activities-news\/"]}]},{"@type":"BreadcrumbList","@id":"https:\/\/www.hoianhistorichotel.com.vn\/vi\/location\/activities-news\/#breadcrumb","itemListElement":[{"@type":"ListItem","position":1,"name":"Home","item":"https:\/\/www.hoianhistorichotel.com.vn\/vi\/"},{"@type":"ListItem","position":2,"name":"Location","item":"https:\/\/www.hoianhistorichotel.com.vn\/vi\/location\/"},{"@type":"ListItem","position":3,"name":"Ho\u1ea1t \u0111\u1ed9ng v\u00e0 Tin t\u1ee9c"}]},{"@type":"WebSite","@id":"https:\/\/www.hoianhistorichotel.com.vn\/vi\/#website","url":"https:\/\/www.hoianhistorichotel.com.vn\/vi\/","name":"Hoi An Historic Hotel","description":"","potentialAction":[{"@type":"SearchAction","target":{"@type":"EntryPoint","urlTemplate":"https:\/\/www.hoianhistorichotel.com.vn\/vi\/?s={search_term_string}"},"query-input":"required name=search_term_string"}],"inLanguage":"vi-VN"}]}},"acf":[],"_links":{"self":[{"href":"https:\/\/www.hoianhistorichotel.com.vn\/vi\/wp-json\/wp\/v2\/pages\/165"}],"collection":[{"href":"https:\/\/www.hoianhistorichotel.com.vn\/vi\/wp-json\/wp\/v2\/pages"}],"about":[{"href":"https:\/\/www.hoianhistorichotel.com.vn\/vi\/wp-json\/wp\/v2\/types\/page"}],"author":[{"embeddable":true,"href":"https:\/\/www.hoianhistorichotel.com.vn\/vi\/wp-json\/wp\/v2\/users\/5"}],"replies":[{"embeddable":true,"href":"https:\/\/www.hoianhistorichotel.com.vn\/vi\/wp-json\/wp\/v2\/comments?post=165"}],"version-history":[{"count":0,"href":"https:\/\/www.hoianhistorichotel.com.vn\/vi\/wp-json\/wp\/v2\/pages\/165\/revisions"}],"up":[{"embeddable":true,"href":"https:\/\/www.hoianhistorichotel.com.vn\/vi\/wp-json\/wp\/v2\/pages\/147"}],"wp:attachment":[{"href":"https:\/\/www.hoianhistorichotel.com.vn\/vi\/wp-json\/wp\/v2\/media?parent=165"}],"curies":[{"name":"wp","href":"https:\/\/api.w.org\/{rel}","templated":true}]}}