{"id":208,"date":"2026-01-07T06:55:55","date_gmt":"2026-01-07T06:55:55","guid":{"rendered":"https:\/\/hoian-historic-hotel.ms2.decms.asia\/gallery\/"},"modified":"2026-01-21T05:31:32","modified_gmt":"2026-01-21T05:31:32","slug":"gallery","status":"publish","type":"page","link":"https:\/\/www.hoianhistorichotel.com.vn\/vi\/gallery\/","title":{"rendered":"Th\u01b0 Vi\u1ec7n \u1ea2nh"},"content":{"rendered":"<p>Th\u01b0 vi\u1ec7n \u1ea3nh c\u1ee7a Hoi An Historic Hotel t\u00e1i hi\u1ec7n v\u1ebb \u0111\u1eb9p ki\u1ebfn tr\u00fac duy\u00ean d\u00e1ng, khu\u00f4n vi\u00ean xanh m\u00e1t, kh\u00f4ng gian ngh\u1ec9 d\u01b0\u1ee1ng tinh t\u1ebf c\u00f9ng nh\u1eefng tr\u1ea3i nghi\u1ec7m \u0111\u1eadm b\u1ea3n s\u1eafc \u0111\u1ecba ph\u01b0\u01a1ng. M\u1ed7i khung h\u00ecnh l\u00e0 m\u1ed9t l\u00e1t c\u1eaft y\u00ean b\u00ecnh, l\u01b0u gi\u1eef d\u1ea5u \u1ea5n di s\u1ea3n v\u00e0 l\u00f2ng hi\u1ebfu kh\u00e1ch n\u1ed3ng h\u1eadu trong t\u1eebng kho\u1ea3nh kh\u1eafc l\u01b0u tr\u00fa.<\/p>\n","protected":false},"excerpt":{"rendered":"<p>Th\u01b0 vi\u1ec7n \u1ea3nh c\u1ee7a Hoi An Historic Hotel t\u00e1i hi\u1ec7n v\u1ebb \u0111\u1eb9p ki\u1ebfn tr\u00fac duy\u00ean d\u00e1ng, khu\u00f4n vi\u00ean xanh m\u00e1t, kh\u00f4ng gian ngh\u1ec9 d\u01b0\u1ee1ng tinh t\u1ebf c\u00f9ng nh\u1eefng tr\u1ea3i nghi\u1ec7m \u0111\u1eadm b\u1ea3n s\u1eafc \u0111\u1ecba ph\u01b0\u01a1ng. M\u1ed7i khung h\u00ecnh l\u00e0 m\u1ed9t l\u00e1t c\u1eaft y\u00ean b\u00ecnh, l\u01b0u gi\u1eef d\u1ea5u \u1ea5n di s\u1ea3n v\u00e0 l\u00f2ng hi\u1ebfu kh\u00e1ch n\u1ed3ng [&hellip;]<\/p>\n","protected":false},"author":5,"featured_media":0,"parent":0,"menu_order":0,"comment_status":"closed","ping_status":"closed","template":"template-gallery.php","meta":{"footnotes":""},"yoast_head":"<!-- This site is optimized with the Yoast SEO plugin v22.3 - https:\/\/yoast.com\/wordpress\/plugins\/seo\/ -->\n<title>Th\u01b0 Vi\u1ec7n H\u00ecnh \u1ea2nh Kh\u00e1ch S\u1ea1n | Hoi An Historic Hotel<\/title>\n<meta name=\"description\" content=\"Kh\u00e1m ph\u00e1 v\u1ebb \u0111\u1eb9p c\u1ee7a Hoi An Historic Hotel qua th\u01b0 vi\u1ec7n \u1ea3nh. Xem h\u00ecnh \u1ea3nh chi ti\u1ebft v\u1ec1 ph\u00f2ng ngh\u1ec9, h\u1ed3 b\u01a1i, s\u00e2n v\u01b0\u1eddn v\u00e0 ki\u1ebfn tr\u00fac c\u1ed5 k\u00ednh \u0111\u1ed9c \u0111\u00e1o.\" \/>\n<meta name=\"robots\" content=\"index, follow, max-snippet:-1, max-image-preview:large, max-video-preview:-1\" \/>\n<link rel=\"canonical\" href=\"https:\/\/www.hoianhistorichotel.com.vn\/vi\/gallery\/\" \/>\n<meta property=\"og:locale\" content=\"vi_VN\" \/>\n<meta property=\"og:type\" content=\"article\" \/>\n<meta property=\"og:title\" content=\"Th\u01b0 Vi\u1ec7n H\u00ecnh \u1ea2nh Kh\u00e1ch S\u1ea1n | Hoi An Historic Hotel\" \/>\n<meta property=\"og:description\" content=\"Kh\u00e1m ph\u00e1 v\u1ebb \u0111\u1eb9p c\u1ee7a Hoi An Historic Hotel qua th\u01b0 vi\u1ec7n \u1ea3nh. Xem h\u00ecnh \u1ea3nh chi ti\u1ebft v\u1ec1 ph\u00f2ng ngh\u1ec9, h\u1ed3 b\u01a1i, s\u00e2n v\u01b0\u1eddn v\u00e0 ki\u1ebfn tr\u00fac c\u1ed5 k\u00ednh \u0111\u1ed9c \u0111\u00e1o.\" \/>\n<meta property=\"og:url\" content=\"https:\/\/www.hoianhistorichotel.com.vn\/vi\/gallery\/\" \/>\n<meta property=\"og:site_name\" content=\"Hoi An Historic Hotel\" \/>\n<meta property=\"article:modified_time\" content=\"2026-01-21T05:31:32+00:00\" \/>\n<meta name=\"twitter:card\" content=\"summary_large_image\" \/>\n<meta name=\"twitter:label1\" content=\"Est. reading time\" \/>\n\t<meta name=\"twitter:data1\" content=\"1 minute\" \/>\n<script type=\"application\/ld+json\" class=\"yoast-schema-graph\">{\"@context\":\"https:\/\/schema.org\",\"@graph\":[{\"@type\":\"WebPage\",\"@id\":\"https:\/\/www.hoianhistorichotel.com.vn\/vi\/gallery\/\",\"url\":\"https:\/\/www.hoianhistorichotel.com.vn\/vi\/gallery\/\",\"name\":\"Th\u01b0 Vi\u1ec7n H\u00ecnh \u1ea2nh Kh\u00e1ch S\u1ea1n | Hoi An Historic Hotel\",\"isPartOf\":{\"@id\":\"https:\/\/www.hoianhistorichotel.com.vn\/vi\/#website\"},\"datePublished\":\"2026-01-07T06:55:55+00:00\",\"dateModified\":\"2026-01-21T05:31:32+00:00\",\"description\":\"Kh\u00e1m ph\u00e1 v\u1ebb \u0111\u1eb9p c\u1ee7a Hoi An Historic Hotel qua th\u01b0 vi\u1ec7n \u1ea3nh. Xem h\u00ecnh \u1ea3nh chi ti\u1ebft v\u1ec1 ph\u00f2ng ngh\u1ec9, h\u1ed3 b\u01a1i, s\u00e2n v\u01b0\u1eddn v\u00e0 ki\u1ebfn tr\u00fac c\u1ed5 k\u00ednh \u0111\u1ed9c \u0111\u00e1o.\",\"breadcrumb\":{\"@id\":\"https:\/\/www.hoianhistorichotel.com.vn\/vi\/gallery\/#breadcrumb\"},\"inLanguage\":\"vi-VN\",\"potentialAction\":[{\"@type\":\"ReadAction\",\"target\":[\"https:\/\/www.hoianhistorichotel.com.vn\/vi\/gallery\/\"]}]},{\"@type\":\"BreadcrumbList\",\"@id\":\"https:\/\/www.hoianhistorichotel.com.vn\/vi\/gallery\/#breadcrumb\",\"itemListElement\":[{\"@type\":\"ListItem\",\"position\":1,\"name\":\"Home\",\"item\":\"https:\/\/www.hoianhistorichotel.com.vn\/vi\/\"},{\"@type\":\"ListItem\",\"position\":2,\"name\":\"Th\u01b0 Vi\u1ec7n \u1ea2nh\"}]},{\"@type\":\"WebSite\",\"@id\":\"https:\/\/www.hoianhistorichotel.com.vn\/vi\/#website\",\"url\":\"https:\/\/www.hoianhistorichotel.com.vn\/vi\/\",\"name\":\"Hoi An Historic Hotel\",\"description\":\"\",\"potentialAction\":[{\"@type\":\"SearchAction\",\"target\":{\"@type\":\"EntryPoint\",\"urlTemplate\":\"https:\/\/www.hoianhistorichotel.com.vn\/vi\/?s={search_term_string}\"},\"query-input\":\"required name=search_term_string\"}],\"inLanguage\":\"vi-VN\"}]}<\/script>\n<!-- \/ Yoast SEO plugin. -->","yoast_head_json":{"title":"Th\u01b0 Vi\u1ec7n H\u00ecnh \u1ea2nh Kh\u00e1ch S\u1ea1n | Hoi An Historic Hotel","description":"Kh\u00e1m ph\u00e1 v\u1ebb \u0111\u1eb9p c\u1ee7a Hoi An Historic Hotel qua th\u01b0 vi\u1ec7n \u1ea3nh. Xem h\u00ecnh \u1ea3nh chi ti\u1ebft v\u1ec1 ph\u00f2ng ngh\u1ec9, h\u1ed3 b\u01a1i, s\u00e2n v\u01b0\u1eddn v\u00e0 ki\u1ebfn tr\u00fac c\u1ed5 k\u00ednh \u0111\u1ed9c \u0111\u00e1o.","robots":{"index":"index","follow":"follow","max-snippet":"max-snippet:-1","max-image-preview":"max-image-preview:large","max-video-preview":"max-video-preview:-1"},"canonical":"https:\/\/www.hoianhistorichotel.com.vn\/vi\/gallery\/","og_locale":"vi_VN","og_type":"article","og_title":"Th\u01b0 Vi\u1ec7n H\u00ecnh \u1ea2nh Kh\u00e1ch S\u1ea1n | Hoi An Historic Hotel","og_description":"Kh\u00e1m ph\u00e1 v\u1ebb \u0111\u1eb9p c\u1ee7a Hoi An Historic Hotel qua th\u01b0 vi\u1ec7n \u1ea3nh. Xem h\u00ecnh \u1ea3nh chi ti\u1ebft v\u1ec1 ph\u00f2ng ngh\u1ec9, h\u1ed3 b\u01a1i, s\u00e2n v\u01b0\u1eddn v\u00e0 ki\u1ebfn tr\u00fac c\u1ed5 k\u00ednh \u0111\u1ed9c \u0111\u00e1o.","og_url":"https:\/\/www.hoianhistorichotel.com.vn\/vi\/gallery\/","og_site_name":"Hoi An Historic Hotel","article_modified_time":"2026-01-21T05:31:32+00:00","twitter_card":"summary_large_image","twitter_misc":{"Est. reading time":"1 minute"},"schema":{"@context":"https:\/\/schema.org","@graph":[{"@type":"WebPage","@id":"https:\/\/www.hoianhistorichotel.com.vn\/vi\/gallery\/","url":"https:\/\/www.hoianhistorichotel.com.vn\/vi\/gallery\/","name":"Th\u01b0 Vi\u1ec7n H\u00ecnh \u1ea2nh Kh\u00e1ch S\u1ea1n | Hoi An Historic Hotel","isPartOf":{"@id":"https:\/\/www.hoianhistorichotel.com.vn\/vi\/#website"},"datePublished":"2026-01-07T06:55:55+00:00","dateModified":"2026-01-21T05:31:32+00:00","description":"Kh\u00e1m ph\u00e1 v\u1ebb \u0111\u1eb9p c\u1ee7a Hoi An Historic Hotel qua th\u01b0 vi\u1ec7n \u1ea3nh. Xem h\u00ecnh \u1ea3nh chi ti\u1ebft v\u1ec1 ph\u00f2ng ngh\u1ec9, h\u1ed3 b\u01a1i, s\u00e2n v\u01b0\u1eddn v\u00e0 ki\u1ebfn tr\u00fac c\u1ed5 k\u00ednh \u0111\u1ed9c \u0111\u00e1o.","breadcrumb":{"@id":"https:\/\/www.hoianhistorichotel.com.vn\/vi\/gallery\/#breadcrumb"},"inLanguage":"vi-VN","potentialAction":[{"@type":"ReadAction","target":["https:\/\/www.hoianhistorichotel.com.vn\/vi\/gallery\/"]}]},{"@type":"BreadcrumbList","@id":"https:\/\/www.hoianhistorichotel.com.vn\/vi\/gallery\/#breadcrumb","itemListElement":[{"@type":"ListItem","position":1,"name":"Home","item":"https:\/\/www.hoianhistorichotel.com.vn\/vi\/"},{"@type":"ListItem","position":2,"name":"Th\u01b0 Vi\u1ec7n \u1ea2nh"}]},{"@type":"WebSite","@id":"https:\/\/www.hoianhistorichotel.com.vn\/vi\/#website","url":"https:\/\/www.hoianhistorichotel.com.vn\/vi\/","name":"Hoi An Historic Hotel","description":"","potentialAction":[{"@type":"SearchAction","target":{"@type":"EntryPoint","urlTemplate":"https:\/\/www.hoianhistorichotel.com.vn\/vi\/?s={search_term_string}"},"query-input":"required name=search_term_string"}],"inLanguage":"vi-VN"}]}},"acf":[],"_links":{"self":[{"href":"https:\/\/www.hoianhistorichotel.com.vn\/vi\/wp-json\/wp\/v2\/pages\/208"}],"collection":[{"href":"https:\/\/www.hoianhistorichotel.com.vn\/vi\/wp-json\/wp\/v2\/pages"}],"about":[{"href":"https:\/\/www.hoianhistorichotel.com.vn\/vi\/wp-json\/wp\/v2\/types\/page"}],"author":[{"embeddable":true,"href":"https:\/\/www.hoianhistorichotel.com.vn\/vi\/wp-json\/wp\/v2\/users\/5"}],"replies":[{"embeddable":true,"href":"https:\/\/www.hoianhistorichotel.com.vn\/vi\/wp-json\/wp\/v2\/comments?post=208"}],"version-history":[{"count":0,"href":"https:\/\/www.hoianhistorichotel.com.vn\/vi\/wp-json\/wp\/v2\/pages\/208\/revisions"}],"wp:attachment":[{"href":"https:\/\/www.hoianhistorichotel.com.vn\/vi\/wp-json\/wp\/v2\/media?parent=208"}],"curies":[{"name":"wp","href":"https:\/\/api.w.org\/{rel}","templated":true}]}}