{"id":213,"date":"2026-01-07T08:02:08","date_gmt":"2026-01-07T08:02:08","guid":{"rendered":"https:\/\/hoian-historic-hotel.ms2.decms.asia\/privacy-policy\/"},"modified":"2026-01-21T06:35:45","modified_gmt":"2026-01-21T06:35:45","slug":"privacy-policy","status":"publish","type":"page","link":"https:\/\/www.hoianhistorichotel.com.vn\/vi\/privacy-policy\/","title":{"rendered":"Ch\u00ednh s\u00e1ch"},"content":{"rendered":"<p>Ch\u00ednh s\u00e1ch n\u00e0y gi\u1ea3i th\u00edch c\u00e1ch th\u1ee9c s\u1eed d\u1ee5ng cookie tr\u00ean trang web n\u00e0y. Ch\u00ednh s\u00e1ch n\u00e0y c\u00f3 th\u1ec3 \u0111\u01b0\u1ee3c s\u1eeda \u0111\u1ed5i theo th\u1eddi gian. T\u1ea5t c\u1ea3 c\u00e1c thay \u0111\u1ed5i \u0111\u1ed1i v\u1edbi Ch\u00ednh s\u00e1ch B\u1ea3o m\u1eadt n\u00e0y s\u1ebd \u0111\u01b0\u1ee3c c\u1eadp nh\u1eadt tr\u00ean trang web c\u1ee7a ch\u00fang t\u00f4i. B\u1eb1ng c\u00e1ch s\u1eed d\u1ee5ng trang web n\u00e0y, b\u1ea1n \u0111\u1ed3ng \u00fd v\u1edbi vi\u1ec7c \u0111\u1eb7t cookie tr\u00ean m\u00e1y t\u00ednh c\u1ee7a m\u00ecnh theo c\u00e1c \u0111i\u1ec1u kho\u1ea3n c\u1ee7a ch\u00ednh s\u00e1ch n\u00e0y. N\u1ebfu b\u1ea1n kh\u00f4ng mu\u1ed1n ch\u1ea5p nh\u1eadn cookie t\u1eeb trang web n\u00e0y, vui l\u00f2ng t\u1eaft cookie ho\u1eb7c kh\u00f4ng s\u1eed d\u1ee5ng trang web n\u00e0y.<\/p>\n<p><strong>Cookie l\u00e0 g\u00ec?<\/strong><\/p>\n<p>Cookie l\u00e0 m\u1ed9t chu\u1ed7i th\u00f4ng tin ch\u1ec9 g\u1ed3m v\u0103n b\u1ea3n m\u00e0 m\u1ed9t trang web chuy\u1ec3n \u0111\u1ebfn t\u1ec7p cookie c\u1ee7a tr\u00ecnh duy\u1ec7t tr\u00ean \u1ed5 c\u1ee9ng m\u00e1y t\u00ednh c\u1ee7a b\u1ea1n \u0111\u1ec3 trang web c\u00f3 th\u1ec3 nh\u1eadn ra b\u1ea1n khi b\u1ea1n truy c\u1eadp l\u1ea1i v\u00e0 ghi nh\u1edb m\u1ed9t s\u1ed1 th\u00f4ng tin nh\u1ea5t \u0111\u1ecbnh v\u1ec1 b\u1ea1n. \u0110i\u1ec1u n\u00e0y c\u00f3 th\u1ec3 bao g\u1ed3m c\u00e1c trang b\u1ea1n \u0111\u00e3 truy c\u1eadp, c\u00e1c l\u1ef1a ch\u1ecdn b\u1ea1n \u0111\u00e3 th\u1ef1c hi\u1ec7n t\u1eeb menu, b\u1ea5t k\u1ef3 th\u00f4ng tin c\u1ee5 th\u1ec3 n\u00e0o b\u1ea1n \u0111\u00e3 nh\u1eadp v\u00e0o bi\u1ec3u m\u1eabu v\u00e0 th\u1eddi gian c\u0169ng nh\u01b0 ng\u00e0y truy c\u1eadp c\u1ee7a b\u1ea1n.<\/p>\n<p><strong>C\u00e1c lo\u1ea1i Cookie<\/strong><br \/>\nC\u00f3 hai lo\u1ea1i cookie ch\u00ednh:<br \/>\nCookie phi\u00ean: \u0111\u00e2y l\u00e0 c\u00e1c cookie t\u1ea1m th\u1eddi s\u1ebd h\u1ebft h\u1ea1n khi k\u1ebft th\u00fac phi\u00ean tr\u00ecnh duy\u1ec7t; t\u1ee9c l\u00e0 khi b\u1ea1n r\u1eddi kh\u1ecfi trang web. Cookie phi\u00ean cho ph\u00e9p trang web nh\u1eadn ra b\u1ea1n khi b\u1ea1n \u0111i\u1ec1u h\u01b0\u1edbng gi\u1eefa c\u00e1c trang trong m\u1ed9t phi\u00ean tr\u00ecnh duy\u1ec7t duy nh\u1ea5t v\u00e0 cho ph\u00e9p b\u1ea1n s\u1eed d\u1ee5ng trang web m\u1ed9t c\u00e1ch hi\u1ec7u qu\u1ea3 nh\u1ea5t. V\u00ed d\u1ee5, cookie phi\u00ean cho ph\u00e9p m\u1ed9t trang web ghi nh\u1edb r\u1eb1ng ng\u01b0\u1eddi d\u00f9ng \u0111\u00e3 th\u00eam c\u00e1c m\u1eb7t h\u00e0ng v\u00e0o gi\u1ecf h\u00e0ng tr\u1ef1c tuy\u1ebfn.<\/p>\n<p>Cookie th\u01b0\u1eddng tr\u1ef1c: tr\u00e1i ng\u01b0\u1ee3c v\u1edbi cookie phi\u00ean, cookie th\u01b0\u1eddng tr\u1ef1c \u0111\u01b0\u1ee3c l\u01b0u tr\u1eef tr\u00ean thi\u1ebft b\u1ecb c\u1ee7a b\u1ea1n gi\u1eefa c\u00e1c phi\u00ean duy\u1ec7t web cho \u0111\u1ebfn khi h\u1ebft h\u1ea1n ho\u1eb7c b\u1ecb x\u00f3a. Do \u0111\u00f3, ch\u00fang cho ph\u00e9p trang web \u201cnh\u1eadn di\u1ec7n\u201d b\u1ea1n khi b\u1ea1n quay l\u1ea1i, ghi nh\u1edb c\u00e1c t\u00f9y ch\u1ecdn c\u1ee7a b\u1ea1n v\u00e0 \u0111i\u1ec1u ch\u1ec9nh d\u1ecbch v\u1ee5 cho ph\u00f9 h\u1ee3p v\u1edbi b\u1ea1n.<\/p>\n<p>Ngo\u00e0i cookie phi\u00ean v\u00e0 cookie th\u01b0\u1eddng tr\u1ef1c, c\u00f3 th\u1ec3 c\u00f3 c\u00e1c cookie kh\u00e1c \u0111\u01b0\u1ee3c thi\u1ebft l\u1eadp b\u1edfi trang web m\u00e0 b\u1ea1n \u0111\u00e3 ch\u1ecdn truy c\u1eadp, ch\u1eb3ng h\u1ea1n nh\u01b0 trang web n\u00e0y, \u0111\u1ec3 cung c\u1ea5p th\u00f4ng tin cho ch\u00fang t\u00f4i ho\u1eb7c b\u00ean th\u1ee9 ba.<\/p>\n<p><strong>Vi\u1ec7c ch\u00fang t\u00f4i s\u1eed d\u1ee5ng Cookie<\/strong><br \/>\nHi\u1ec7n t\u1ea1i ch\u00fang t\u00f4i \u0111ang s\u1eed d\u1ee5ng, v\u00e0 c\u00f3 th\u1ec3 s\u1ebd s\u1eed d\u1ee5ng trong t\u01b0\u01a1ng lai, cookie tr\u00ean trang web c\u1ee7a m\u00ecnh. Cookie cho ph\u00e9p ch\u00fang t\u00f4i cung c\u1ea5p tr\u1ea3i nghi\u1ec7m \u0111\u01b0\u1ee3c c\u00e1 nh\u00e2n h\u00f3a. \u0110\u00e2y l\u00e0 m\u1ed9t th\u00f4ng l\u1ec7 ph\u1ed5 bi\u1ebfn tr\u00ean h\u1ea7u h\u1ebft c\u00e1c trang web th\u01b0\u01a1ng m\u1ea1i.<\/p>\n<p>B\u1eb1ng c\u00e1ch truy c\u1eadp trang web c\u1ee7a ch\u00fang t\u00f4i, b\u1ea1n \u0111\u1ed3ng \u00fd r\u1eb1ng ch\u00fang t\u00f4i c\u00f3 th\u1ec3 \u0111\u1eb7t cookie tr\u00ean thi\u1ebft b\u1ecb c\u1ee7a b\u1ea1n. C\u00e1c cookie n\u00e0y bao g\u1ed3m th\u00f4ng tin mi\u1ec1n \u0111\u01b0\u1ee3c s\u1eed d\u1ee5ng \u0111\u1ec3 duy tr\u00ec d\u1eef li\u1ec7u t\u1ed5ng h\u1ee3p c\u1ee7a trang web v\u00e0 gi\u00fap ch\u00fang t\u00f4i t\u00ecm hi\u1ec3u v\u1ec1 h\u00e0nh vi tr\u1ef1c tuy\u1ebfn c\u1ee7a kh\u00e1ch truy c\u1eadp, bao g\u1ed3m t\u1ea7n su\u1ea5t h\u1ecd truy c\u1eadp trang web c\u1ee7a ch\u00fang t\u00f4i v\u00e0 h\u00e0nh vi nh\u1ea5p chu\u1ed9t c\u1ee7a h\u1ecd tr\u00ean trang web c\u1ee7a ch\u00fang t\u00f4i. Th\u00f4ng tin n\u00e0y \u0111\u01b0\u1ee3c s\u1eed d\u1ee5ng \u0111\u1ec3 c\u1ea3i thi\u1ec7n n\u1ed9i dung v\u00e0 \u0111i\u1ec1u h\u01b0\u1edbng trang web c\u1ee7a ch\u00fang t\u00f4i cho kh\u00e1ch h\u00e0ng v\u00e0 \u0111\u1ec3 c\u00e1 nh\u00e2n h\u00f3a tr\u1ea3i nghi\u1ec7m tr\u1ef1c tuy\u1ebfn c\u1ee7a kh\u00e1ch h\u00e0ng.<\/p>\n<p>Trang web c\u1ee7a ch\u00fang t\u00f4i c\u00f3 th\u1ec3 cho ph\u00e9p b\u00ean th\u1ee9 ba t\u1ea3i xu\u1ed1ng cookie v\u00e0o thi\u1ebft b\u1ecb c\u1ee7a b\u1ea1n. C\u00e1c b\u00ean th\u1ee9 ba, bao g\u1ed3m c\u00e1c c\u00f4ng ty ph\u00e2n t\u00edch v\u00e0 \u0111\u1ed1i t\u00e1c kinh doanh, c\u00f3 th\u1ec3 s\u1eed d\u1ee5ng cookie v\u00e0 c\u00e1c c\u00f4ng ngh\u1ec7 kh\u00e1c \u0111\u1ec3 thu th\u1eadp d\u1eef li\u1ec7u phi c\u00e1 nh\u00e2n v\u1ec1 ho\u1ea1t \u0111\u1ed9ng tr\u1ef1c tuy\u1ebfn c\u1ee7a b\u1ea1n khi b\u1ea1n s\u1eed d\u1ee5ng trang web c\u1ee7a ch\u00fang t\u00f4i.<\/p>\n<p>Ch\u00fang t\u00f4i s\u1eed d\u1ee5ng cookie phi\u00ean \u0111\u1ec3 gi\u00fap ch\u00fang t\u00f4i duy tr\u00ec b\u1ea3o m\u1eadt v\u00e0 x\u00e1c minh th\u00f4ng tin chi ti\u1ebft c\u1ee7a b\u1ea1n trong khi b\u1ea1n s\u1eed d\u1ee5ng trang web khi \u0111i\u1ec1u h\u01b0\u1edbng t\u1eeb trang n\u00e0y sang trang kh\u00e1c, cho ph\u00e9p b\u1ea1n tr\u00e1nh ph\u1ea3i nh\u1eadp l\u1ea1i th\u00f4ng tin chi ti\u1ebft m\u1ed7i khi b\u1ea1n v\u00e0o m\u1ed9t trang m\u1edbi. Ch\u00fang t\u00f4i s\u1eed d\u1ee5ng cookie l\u00e2u d\u00e0i \u0111\u1ec3 thu th\u1eadp v\u00e0 t\u1ed5ng h\u1ee3p th\u00f4ng tin \u1ea9n danh, t\u1ed5ng h\u1ee3p cho m\u1ee5c \u0111\u00edch th\u1ed1ng k\u00ea v\u00e0 \u0111\u00e1nh gi\u00e1 \u0111\u1ec3 gi\u00fap ch\u00fang t\u00f4i hi\u1ec3u c\u00e1ch ng\u01b0\u1eddi d\u00f9ng s\u1eed d\u1ee5ng trang web v\u00e0 gi\u00fap ch\u00fang t\u00f4i c\u1ea3i thi\u1ec7n c\u1ea5u tr\u00fac trang web c\u1ee7a m\u00ecnh.<\/p>\n<p>M\u1ed9t s\u1ed1 cookie c\u1ee7a ch\u00fang t\u00f4i c\u00f3 th\u1ec3 thu th\u1eadp v\u00e0 l\u01b0u tr\u1eef th\u00f4ng tin c\u00e1 nh\u00e2n c\u1ee7a b\u1ea1n, ch\u1eb3ng h\u1ea1n nh\u01b0 t\u00ean ho\u1eb7c \u0111\u1ecba ch\u1ec9 email c\u1ee7a b\u1ea1n. Ch\u00fang t\u00f4i cam k\u1ebft t\u00f4n tr\u1ecdng v\u00e0 b\u1ea3o v\u1ec7 quy\u1ec1n ri\u00eang t\u01b0 c\u1ee7a b\u1ea1n v\u00e0 s\u1ebd \u0111\u1ea3m b\u1ea3o r\u1eb1ng t\u1ea5t c\u1ea3 th\u00f4ng tin c\u00e1 nh\u00e2n do ch\u00fang t\u00f4i thu th\u1eadp \u0111\u01b0\u1ee3c l\u01b0u gi\u1eef v\u00e0 x\u1eed l\u00fd theo ch\u00ednh s\u00e1ch b\u1ea3o m\u1eadt c\u1ee7a ch\u00fang t\u00f4i.<\/p>\n<p><strong>T\u1eeb ch\u1ed1i Cookie tr\u00ean trang web n\u00e0y<\/strong><br \/>\nH\u1ea7u h\u1ebft c\u00e1c tr\u00ecnh duy\u1ec7t ban \u0111\u1ea7u \u0111\u01b0\u1ee3c thi\u1ebft l\u1eadp \u0111\u1ec3 ch\u1ea5p nh\u1eadn cookie. Tuy nhi\u00ean, b\u1ea1n c\u00f3 th\u1ec3 v\u00f4 hi\u1ec7u h\u00f3a cookie n\u1ebfu mu\u1ed1n, th\u01b0\u1eddng l\u00e0 b\u1eb1ng c\u00e1ch thay \u0111\u1ed5i c\u00e0i \u0111\u1eb7t tr\u00ecnh duy\u1ec7t web c\u1ee7a m\u00ecnh. B\u1ea1n c\u0169ng c\u00f3 th\u1ec3 c\u1ea5u h\u00ecnh c\u00e0i \u0111\u1eb7t tr\u00ecnh duy\u1ec7t \u0111\u1ec3 cho ph\u00e9p ch\u1ea5p nh\u1eadn c\u00e1c cookie c\u1ee5 th\u1ec3 ho\u1eb7c th\u00f4ng b\u00e1o cho b\u1ea1n m\u1ed7i khi m\u1ed9t cookie m\u1edbi s\u1eafp \u0111\u01b0\u1ee3c l\u01b0u tr\u1eef tr\u00ean m\u00e1y t\u00ednh, cho ph\u00e9p b\u1ea1n quy\u1ebft \u0111\u1ecbnh ch\u1ea5p nh\u1eadn ho\u1eb7c t\u1eeb ch\u1ed1i cookie \u0111\u00f3.<\/p>\n","protected":false},"excerpt":{"rendered":"<p>Ch\u00ednh s\u00e1ch n\u00e0y gi\u1ea3i th\u00edch c\u00e1ch th\u1ee9c s\u1eed d\u1ee5ng cookie tr\u00ean trang web n\u00e0y. Ch\u00ednh s\u00e1ch n\u00e0y c\u00f3 th\u1ec3 \u0111\u01b0\u1ee3c s\u1eeda \u0111\u1ed5i theo th\u1eddi gian. T\u1ea5t c\u1ea3 c\u00e1c thay \u0111\u1ed5i \u0111\u1ed1i v\u1edbi Ch\u00ednh s\u00e1ch B\u1ea3o m\u1eadt n\u00e0y s\u1ebd \u0111\u01b0\u1ee3c c\u1eadp nh\u1eadt tr\u00ean trang web c\u1ee7a ch\u00fang t\u00f4i. B\u1eb1ng c\u00e1ch s\u1eed d\u1ee5ng trang web n\u00e0y, b\u1ea1n [&hellip;]<\/p>\n","protected":false},"author":5,"featured_media":0,"parent":0,"menu_order":0,"comment_status":"closed","ping_status":"closed","template":"","meta":{"footnotes":""},"yoast_head":"<!-- This site is optimized with the Yoast SEO plugin v22.3 - https:\/\/yoast.com\/wordpress\/plugins\/seo\/ -->\n<title>Quy \u0111\u1ecbnh s\u1eed d\u1ee5ng cookies | Hoi An Historic Hotel<\/title>\n<meta name=\"robots\" content=\"index, follow, max-snippet:-1, max-image-preview:large, max-video-preview:-1\" \/>\n<link rel=\"canonical\" href=\"https:\/\/www.hoianhistorichotel.com.vn\/vi\/privacy-policy\/\" \/>\n<meta property=\"og:locale\" content=\"vi_VN\" \/>\n<meta property=\"og:type\" content=\"article\" \/>\n<meta property=\"og:title\" content=\"Quy \u0111\u1ecbnh s\u1eed d\u1ee5ng cookies | Hoi An Historic Hotel\" \/>\n<meta property=\"og:description\" content=\"Ch\u00ednh s\u00e1ch n\u00e0y gi\u1ea3i th\u00edch c\u00e1ch th\u1ee9c s\u1eed d\u1ee5ng cookie tr\u00ean trang web n\u00e0y. Ch\u00ednh s\u00e1ch n\u00e0y c\u00f3 th\u1ec3 \u0111\u01b0\u1ee3c s\u1eeda \u0111\u1ed5i theo th\u1eddi gian. T\u1ea5t c\u1ea3 c\u00e1c thay \u0111\u1ed5i \u0111\u1ed1i v\u1edbi Ch\u00ednh s\u00e1ch B\u1ea3o m\u1eadt n\u00e0y s\u1ebd \u0111\u01b0\u1ee3c c\u1eadp nh\u1eadt tr\u00ean trang web c\u1ee7a ch\u00fang t\u00f4i. B\u1eb1ng c\u00e1ch s\u1eed d\u1ee5ng trang web n\u00e0y, b\u1ea1n [&hellip;]\" \/>\n<meta property=\"og:url\" content=\"https:\/\/www.hoianhistorichotel.com.vn\/vi\/privacy-policy\/\" \/>\n<meta property=\"og:site_name\" content=\"Hoi An Historic Hotel\" \/>\n<meta property=\"article:modified_time\" content=\"2026-01-21T06:35:45+00:00\" \/>\n<meta name=\"twitter:card\" content=\"summary_large_image\" \/>\n<meta name=\"twitter:label1\" content=\"Est. reading time\" \/>\n\t<meta name=\"twitter:data1\" content=\"5 minutes\" \/>\n<script type=\"application\/ld+json\" class=\"yoast-schema-graph\">{\"@context\":\"https:\/\/schema.org\",\"@graph\":[{\"@type\":\"WebPage\",\"@id\":\"https:\/\/www.hoianhistorichotel.com.vn\/vi\/privacy-policy\/\",\"url\":\"https:\/\/www.hoianhistorichotel.com.vn\/vi\/privacy-policy\/\",\"name\":\"Quy \u0111\u1ecbnh s\u1eed d\u1ee5ng cookies | Hoi An Historic Hotel\",\"isPartOf\":{\"@id\":\"https:\/\/www.hoianhistorichotel.com.vn\/vi\/#website\"},\"datePublished\":\"2026-01-07T08:02:08+00:00\",\"dateModified\":\"2026-01-21T06:35:45+00:00\",\"breadcrumb\":{\"@id\":\"https:\/\/www.hoianhistorichotel.com.vn\/vi\/privacy-policy\/#breadcrumb\"},\"inLanguage\":\"vi-VN\",\"potentialAction\":[{\"@type\":\"ReadAction\",\"target\":[\"https:\/\/www.hoianhistorichotel.com.vn\/vi\/privacy-policy\/\"]}]},{\"@type\":\"BreadcrumbList\",\"@id\":\"https:\/\/www.hoianhistorichotel.com.vn\/vi\/privacy-policy\/#breadcrumb\",\"itemListElement\":[{\"@type\":\"ListItem\",\"position\":1,\"name\":\"Home\",\"item\":\"https:\/\/www.hoianhistorichotel.com.vn\/vi\/\"},{\"@type\":\"ListItem\",\"position\":2,\"name\":\"Ch\u00ednh s\u00e1ch\"}]},{\"@type\":\"WebSite\",\"@id\":\"https:\/\/www.hoianhistorichotel.com.vn\/vi\/#website\",\"url\":\"https:\/\/www.hoianhistorichotel.com.vn\/vi\/\",\"name\":\"Hoi An Historic Hotel\",\"description\":\"\",\"potentialAction\":[{\"@type\":\"SearchAction\",\"target\":{\"@type\":\"EntryPoint\",\"urlTemplate\":\"https:\/\/www.hoianhistorichotel.com.vn\/vi\/?s={search_term_string}\"},\"query-input\":\"required name=search_term_string\"}],\"inLanguage\":\"vi-VN\"}]}<\/script>\n<!-- \/ Yoast SEO plugin. -->","yoast_head_json":{"title":"Quy \u0111\u1ecbnh s\u1eed d\u1ee5ng cookies | Hoi An Historic Hotel","robots":{"index":"index","follow":"follow","max-snippet":"max-snippet:-1","max-image-preview":"max-image-preview:large","max-video-preview":"max-video-preview:-1"},"canonical":"https:\/\/www.hoianhistorichotel.com.vn\/vi\/privacy-policy\/","og_locale":"vi_VN","og_type":"article","og_title":"Quy \u0111\u1ecbnh s\u1eed d\u1ee5ng cookies | Hoi An Historic Hotel","og_description":"Ch\u00ednh s\u00e1ch n\u00e0y gi\u1ea3i th\u00edch c\u00e1ch th\u1ee9c s\u1eed d\u1ee5ng cookie tr\u00ean trang web n\u00e0y. Ch\u00ednh s\u00e1ch n\u00e0y c\u00f3 th\u1ec3 \u0111\u01b0\u1ee3c s\u1eeda \u0111\u1ed5i theo th\u1eddi gian. T\u1ea5t c\u1ea3 c\u00e1c thay \u0111\u1ed5i \u0111\u1ed1i v\u1edbi Ch\u00ednh s\u00e1ch B\u1ea3o m\u1eadt n\u00e0y s\u1ebd \u0111\u01b0\u1ee3c c\u1eadp nh\u1eadt tr\u00ean trang web c\u1ee7a ch\u00fang t\u00f4i. B\u1eb1ng c\u00e1ch s\u1eed d\u1ee5ng trang web n\u00e0y, b\u1ea1n [&hellip;]","og_url":"https:\/\/www.hoianhistorichotel.com.vn\/vi\/privacy-policy\/","og_site_name":"Hoi An Historic Hotel","article_modified_time":"2026-01-21T06:35:45+00:00","twitter_card":"summary_large_image","twitter_misc":{"Est. reading time":"5 minutes"},"schema":{"@context":"https:\/\/schema.org","@graph":[{"@type":"WebPage","@id":"https:\/\/www.hoianhistorichotel.com.vn\/vi\/privacy-policy\/","url":"https:\/\/www.hoianhistorichotel.com.vn\/vi\/privacy-policy\/","name":"Quy \u0111\u1ecbnh s\u1eed d\u1ee5ng cookies | Hoi An Historic Hotel","isPartOf":{"@id":"https:\/\/www.hoianhistorichotel.com.vn\/vi\/#website"},"datePublished":"2026-01-07T08:02:08+00:00","dateModified":"2026-01-21T06:35:45+00:00","breadcrumb":{"@id":"https:\/\/www.hoianhistorichotel.com.vn\/vi\/privacy-policy\/#breadcrumb"},"inLanguage":"vi-VN","potentialAction":[{"@type":"ReadAction","target":["https:\/\/www.hoianhistorichotel.com.vn\/vi\/privacy-policy\/"]}]},{"@type":"BreadcrumbList","@id":"https:\/\/www.hoianhistorichotel.com.vn\/vi\/privacy-policy\/#breadcrumb","itemListElement":[{"@type":"ListItem","position":1,"name":"Home","item":"https:\/\/www.hoianhistorichotel.com.vn\/vi\/"},{"@type":"ListItem","position":2,"name":"Ch\u00ednh s\u00e1ch"}]},{"@type":"WebSite","@id":"https:\/\/www.hoianhistorichotel.com.vn\/vi\/#website","url":"https:\/\/www.hoianhistorichotel.com.vn\/vi\/","name":"Hoi An Historic Hotel","description":"","potentialAction":[{"@type":"SearchAction","target":{"@type":"EntryPoint","urlTemplate":"https:\/\/www.hoianhistorichotel.com.vn\/vi\/?s={search_term_string}"},"query-input":"required name=search_term_string"}],"inLanguage":"vi-VN"}]}},"acf":[],"_links":{"self":[{"href":"https:\/\/www.hoianhistorichotel.com.vn\/vi\/wp-json\/wp\/v2\/pages\/213"}],"collection":[{"href":"https:\/\/www.hoianhistorichotel.com.vn\/vi\/wp-json\/wp\/v2\/pages"}],"about":[{"href":"https:\/\/www.hoianhistorichotel.com.vn\/vi\/wp-json\/wp\/v2\/types\/page"}],"author":[{"embeddable":true,"href":"https:\/\/www.hoianhistorichotel.com.vn\/vi\/wp-json\/wp\/v2\/users\/5"}],"replies":[{"embeddable":true,"href":"https:\/\/www.hoianhistorichotel.com.vn\/vi\/wp-json\/wp\/v2\/comments?post=213"}],"version-history":[{"count":0,"href":"https:\/\/www.hoianhistorichotel.com.vn\/vi\/wp-json\/wp\/v2\/pages\/213\/revisions"}],"wp:attachment":[{"href":"https:\/\/www.hoianhistorichotel.com.vn\/vi\/wp-json\/wp\/v2\/media?parent=213"}],"curies":[{"name":"wp","href":"https:\/\/api.w.org\/{rel}","templated":true}]}}