{"id":216,"date":"2026-01-19T05:18:19","date_gmt":"2026-01-19T05:18:19","guid":{"rendered":"https:\/\/hoian-historic-hotel.ms2.decms.asia\/rooms-suites\/superior-room\/"},"modified":"2026-01-20T07:48:36","modified_gmt":"2026-01-20T07:48:36","slug":"superior-room","status":"publish","type":"page","link":"https:\/\/www.hoianhistorichotel.com.vn\/vi\/rooms-suites\/superior-room\/","title":{"rendered":"Ph\u00f2ng Superior"},"content":{"rendered":"<p>Ph\u00f2ng Superior mang \u0111\u1ebfn m\u1ed9t kh\u00f4ng gian kho\u00e1ng \u0111\u1ea1t v\u00e0 ng\u1eadp tr\u00e0n \u00e1nh s\u00e1ng t\u1ef1 nhi\u00ean, \u0111\u01b0\u1ee3c thi\u1ebft k\u1ebf t\u1ec9 m\u1ec9 \u0111\u1ec3 c\u00e2n b\u1eb1ng ho\u00e0n h\u1ea3o gi\u1eefa nhu c\u1ea7u ngh\u1ec9 ng\u01a1i v\u00e0 s\u1ef1 ti\u1ec7n l\u1ee3i. T\u1eadn h\u01b0\u1edfng gi\u1ea5c ng\u1ee7 s\u00e2u tr\u00ean chi\u1ebfc gi\u01b0\u1eddng \u00eam \u00e1i, c\u00f9ng h\u1ec7 th\u1ed1ng ti\u1ec7n nghi hi\u1ec7n \u0111\u1ea1i bao g\u1ed3m TV m\u00e0n h\u00ecnh ph\u1eb3ng, \u0111i\u1ec1u h\u00f2a nhi\u1ec7t \u0111\u1ed9 v\u00e0 h\u1ec7 th\u1ed1ng chi\u1ebfu s\u00e1ng linh ho\u1ea1t, \u0111\u1ea3m b\u1ea3o s\u1ef1 tho\u1ea3i m\u00e1i t\u1ed1i \u0111a v\u00e0o m\u1ecdi th\u1eddi \u0111i\u1ec3m trong ng\u00e0y.<\/p>\n<p>Kh\u00f4ng gian ph\u00f2ng t\u1eafm \u0111\u01b0\u1ee3c trang b\u1ecb g\u01b0\u01a1ng s\u1ea5y ch\u1ed1ng m\u1edd h\u01a1i n\u01b0\u1edbc, gia t\u0103ng s\u1ef1 thu\u1eadn ti\u1ec7n cho tr\u1ea3i nghi\u1ec7m c\u00e1 nh\u00e2n. S\u1edf h\u1eefu t\u1ea7m nh\u00ecn \u0111a d\u1ea1ng h\u01b0\u1edbng khu v\u01b0\u1eddn xanh m\u00e1t, h\u1ed3 b\u01a1i trong l\u00e0nh ho\u1eb7c ph\u1ed1 x\u00e1 nh\u1ed9n nh\u1ecbp, ph\u00f2ng Superior l\u00e0 &#8220;n\u01a1i tr\u00fa \u1ea9n&#8221; l\u00fd t\u01b0\u1edfng cho c\u1ea3 k\u1ef3 ngh\u1ec9 d\u01b0\u1ee1ng th\u1ea3nh th\u01a1i hay nh\u1eefng chuy\u1ebfn c\u00f4ng t\u00e1c quan tr\u1ecdng t\u1ea1i H\u1ed9i An.<\/p>\n","protected":false},"excerpt":{"rendered":"<p>Ph\u00f2ng Superior mang \u0111\u1ebfn m\u1ed9t kh\u00f4ng gian kho\u00e1ng \u0111\u1ea1t v\u00e0 ng\u1eadp tr\u00e0n \u00e1nh s\u00e1ng t\u1ef1 nhi\u00ean, \u0111\u01b0\u1ee3c thi\u1ebft k\u1ebf t\u1ec9 m\u1ec9 \u0111\u1ec3 c\u00e2n b\u1eb1ng ho\u00e0n h\u1ea3o gi\u1eefa nhu c\u1ea7u ngh\u1ec9 ng\u01a1i v\u00e0 s\u1ef1 ti\u1ec7n l\u1ee3i. T\u1eadn h\u01b0\u1edfng gi\u1ea5c ng\u1ee7 s\u00e2u tr\u00ean chi\u1ebfc gi\u01b0\u1eddng \u00eam \u00e1i, c\u00f9ng h\u1ec7 th\u1ed1ng ti\u1ec7n nghi hi\u1ec7n \u0111\u1ea1i bao g\u1ed3m TV [&hellip;]<\/p>\n","protected":false},"author":8,"featured_media":0,"parent":30,"menu_order":0,"comment_status":"closed","ping_status":"closed","template":"template-single-room.php","meta":{"footnotes":""},"yoast_head":"<!-- This site is optimized with the Yoast SEO plugin v22.3 - https:\/\/yoast.com\/wordpress\/plugins\/seo\/ -->\n<title>Ph\u00f2ng Superior | Hoi An Historic Hotel<\/title>\n<meta name=\"description\" content=\"T\u1eadn h\u01b0\u1edfng Ph\u00f2ng Superior s\u00e1ng s\u1ee7a v\u00e0 ti\u1ec7n nghi v\u1edbi c\u00e1c ti\u1ec7n \u00edch hi\u1ec7n \u0111\u1ea1i c\u00f9ng t\u1ea7m nh\u00ecn th\u01b0 gi\u00e3n ra v\u01b0\u1eddn, h\u1ed3 b\u01a1i ho\u1eb7c th\u00e0nh ph\u1ed1 t\u1ea1i Kh\u00e1ch s\u1ea1n Hoi An Historic.\" \/>\n<meta name=\"robots\" content=\"index, follow, max-snippet:-1, max-image-preview:large, max-video-preview:-1\" \/>\n<link rel=\"canonical\" href=\"https:\/\/www.hoianhistorichotel.com.vn\/vi\/rooms-suites\/superior-room\/\" \/>\n<meta property=\"og:locale\" content=\"vi_VN\" \/>\n<meta property=\"og:type\" content=\"article\" \/>\n<meta property=\"og:title\" content=\"Ph\u00f2ng Superior | Hoi An Historic Hotel\" \/>\n<meta property=\"og:description\" content=\"T\u1eadn h\u01b0\u1edfng Ph\u00f2ng Superior s\u00e1ng s\u1ee7a v\u00e0 ti\u1ec7n nghi v\u1edbi c\u00e1c ti\u1ec7n \u00edch hi\u1ec7n \u0111\u1ea1i c\u00f9ng t\u1ea7m nh\u00ecn th\u01b0 gi\u00e3n ra v\u01b0\u1eddn, h\u1ed3 b\u01a1i ho\u1eb7c th\u00e0nh ph\u1ed1 t\u1ea1i Kh\u00e1ch s\u1ea1n Hoi An Historic.\" \/>\n<meta property=\"og:url\" content=\"https:\/\/www.hoianhistorichotel.com.vn\/vi\/rooms-suites\/superior-room\/\" \/>\n<meta property=\"og:site_name\" content=\"Hoi An Historic Hotel\" \/>\n<meta property=\"article:modified_time\" content=\"2026-01-20T07:48:36+00:00\" \/>\n<meta name=\"twitter:card\" content=\"summary_large_image\" \/>\n<meta name=\"twitter:label1\" content=\"Est. reading time\" \/>\n\t<meta name=\"twitter:data1\" content=\"1 minute\" \/>\n<script type=\"application\/ld+json\" class=\"yoast-schema-graph\">{\"@context\":\"https:\/\/schema.org\",\"@graph\":[{\"@type\":\"WebPage\",\"@id\":\"https:\/\/www.hoianhistorichotel.com.vn\/vi\/rooms-suites\/superior-room\/\",\"url\":\"https:\/\/www.hoianhistorichotel.com.vn\/vi\/rooms-suites\/superior-room\/\",\"name\":\"Ph\u00f2ng Superior | Hoi An Historic Hotel\",\"isPartOf\":{\"@id\":\"https:\/\/www.hoianhistorichotel.com.vn\/vi\/#website\"},\"datePublished\":\"2026-01-19T05:18:19+00:00\",\"dateModified\":\"2026-01-20T07:48:36+00:00\",\"description\":\"T\u1eadn h\u01b0\u1edfng Ph\u00f2ng Superior s\u00e1ng s\u1ee7a v\u00e0 ti\u1ec7n nghi v\u1edbi c\u00e1c ti\u1ec7n \u00edch hi\u1ec7n \u0111\u1ea1i c\u00f9ng t\u1ea7m nh\u00ecn th\u01b0 gi\u00e3n ra v\u01b0\u1eddn, h\u1ed3 b\u01a1i ho\u1eb7c th\u00e0nh ph\u1ed1 t\u1ea1i Kh\u00e1ch s\u1ea1n Hoi An Historic.\",\"breadcrumb\":{\"@id\":\"https:\/\/www.hoianhistorichotel.com.vn\/vi\/rooms-suites\/superior-room\/#breadcrumb\"},\"inLanguage\":\"vi-VN\",\"potentialAction\":[{\"@type\":\"ReadAction\",\"target\":[\"https:\/\/www.hoianhistorichotel.com.vn\/vi\/rooms-suites\/superior-room\/\"]}]},{\"@type\":\"BreadcrumbList\",\"@id\":\"https:\/\/www.hoianhistorichotel.com.vn\/vi\/rooms-suites\/superior-room\/#breadcrumb\",\"itemListElement\":[{\"@type\":\"ListItem\",\"position\":1,\"name\":\"Home\",\"item\":\"https:\/\/www.hoianhistorichotel.com.vn\/vi\/\"},{\"@type\":\"ListItem\",\"position\":2,\"name\":\"Ph\u00f2ng Ngh\u1ec9 &#038; Suites\",\"item\":\"https:\/\/www.hoianhistorichotel.com.vn\/vi\/rooms-suites\/\"},{\"@type\":\"ListItem\",\"position\":3,\"name\":\"Ph\u00f2ng Superior\"}]},{\"@type\":\"WebSite\",\"@id\":\"https:\/\/www.hoianhistorichotel.com.vn\/vi\/#website\",\"url\":\"https:\/\/www.hoianhistorichotel.com.vn\/vi\/\",\"name\":\"Hoi An Historic Hotel\",\"description\":\"\",\"potentialAction\":[{\"@type\":\"SearchAction\",\"target\":{\"@type\":\"EntryPoint\",\"urlTemplate\":\"https:\/\/www.hoianhistorichotel.com.vn\/vi\/?s={search_term_string}\"},\"query-input\":\"required name=search_term_string\"}],\"inLanguage\":\"vi-VN\"}]}<\/script>\n<!-- \/ Yoast SEO plugin. -->","yoast_head_json":{"title":"Ph\u00f2ng Superior | Hoi An Historic Hotel","description":"T\u1eadn h\u01b0\u1edfng Ph\u00f2ng Superior s\u00e1ng s\u1ee7a v\u00e0 ti\u1ec7n nghi v\u1edbi c\u00e1c ti\u1ec7n \u00edch hi\u1ec7n \u0111\u1ea1i c\u00f9ng t\u1ea7m nh\u00ecn th\u01b0 gi\u00e3n ra v\u01b0\u1eddn, h\u1ed3 b\u01a1i ho\u1eb7c th\u00e0nh ph\u1ed1 t\u1ea1i Kh\u00e1ch s\u1ea1n Hoi An Historic.","robots":{"index":"index","follow":"follow","max-snippet":"max-snippet:-1","max-image-preview":"max-image-preview:large","max-video-preview":"max-video-preview:-1"},"canonical":"https:\/\/www.hoianhistorichotel.com.vn\/vi\/rooms-suites\/superior-room\/","og_locale":"vi_VN","og_type":"article","og_title":"Ph\u00f2ng Superior | Hoi An Historic Hotel","og_description":"T\u1eadn h\u01b0\u1edfng Ph\u00f2ng Superior s\u00e1ng s\u1ee7a v\u00e0 ti\u1ec7n nghi v\u1edbi c\u00e1c ti\u1ec7n \u00edch hi\u1ec7n \u0111\u1ea1i c\u00f9ng t\u1ea7m nh\u00ecn th\u01b0 gi\u00e3n ra v\u01b0\u1eddn, h\u1ed3 b\u01a1i ho\u1eb7c th\u00e0nh ph\u1ed1 t\u1ea1i Kh\u00e1ch s\u1ea1n Hoi An Historic.","og_url":"https:\/\/www.hoianhistorichotel.com.vn\/vi\/rooms-suites\/superior-room\/","og_site_name":"Hoi An Historic Hotel","article_modified_time":"2026-01-20T07:48:36+00:00","twitter_card":"summary_large_image","twitter_misc":{"Est. reading time":"1 minute"},"schema":{"@context":"https:\/\/schema.org","@graph":[{"@type":"WebPage","@id":"https:\/\/www.hoianhistorichotel.com.vn\/vi\/rooms-suites\/superior-room\/","url":"https:\/\/www.hoianhistorichotel.com.vn\/vi\/rooms-suites\/superior-room\/","name":"Ph\u00f2ng Superior | Hoi An Historic Hotel","isPartOf":{"@id":"https:\/\/www.hoianhistorichotel.com.vn\/vi\/#website"},"datePublished":"2026-01-19T05:18:19+00:00","dateModified":"2026-01-20T07:48:36+00:00","description":"T\u1eadn h\u01b0\u1edfng Ph\u00f2ng Superior s\u00e1ng s\u1ee7a v\u00e0 ti\u1ec7n nghi v\u1edbi c\u00e1c ti\u1ec7n \u00edch hi\u1ec7n \u0111\u1ea1i c\u00f9ng t\u1ea7m nh\u00ecn th\u01b0 gi\u00e3n ra v\u01b0\u1eddn, h\u1ed3 b\u01a1i ho\u1eb7c th\u00e0nh ph\u1ed1 t\u1ea1i Kh\u00e1ch s\u1ea1n Hoi An Historic.","breadcrumb":{"@id":"https:\/\/www.hoianhistorichotel.com.vn\/vi\/rooms-suites\/superior-room\/#breadcrumb"},"inLanguage":"vi-VN","potentialAction":[{"@type":"ReadAction","target":["https:\/\/www.hoianhistorichotel.com.vn\/vi\/rooms-suites\/superior-room\/"]}]},{"@type":"BreadcrumbList","@id":"https:\/\/www.hoianhistorichotel.com.vn\/vi\/rooms-suites\/superior-room\/#breadcrumb","itemListElement":[{"@type":"ListItem","position":1,"name":"Home","item":"https:\/\/www.hoianhistorichotel.com.vn\/vi\/"},{"@type":"ListItem","position":2,"name":"Ph\u00f2ng Ngh\u1ec9 &#038; Suites","item":"https:\/\/www.hoianhistorichotel.com.vn\/vi\/rooms-suites\/"},{"@type":"ListItem","position":3,"name":"Ph\u00f2ng Superior"}]},{"@type":"WebSite","@id":"https:\/\/www.hoianhistorichotel.com.vn\/vi\/#website","url":"https:\/\/www.hoianhistorichotel.com.vn\/vi\/","name":"Hoi An Historic Hotel","description":"","potentialAction":[{"@type":"SearchAction","target":{"@type":"EntryPoint","urlTemplate":"https:\/\/www.hoianhistorichotel.com.vn\/vi\/?s={search_term_string}"},"query-input":"required name=search_term_string"}],"inLanguage":"vi-VN"}]}},"acf":[],"_links":{"self":[{"href":"https:\/\/www.hoianhistorichotel.com.vn\/vi\/wp-json\/wp\/v2\/pages\/216"}],"collection":[{"href":"https:\/\/www.hoianhistorichotel.com.vn\/vi\/wp-json\/wp\/v2\/pages"}],"about":[{"href":"https:\/\/www.hoianhistorichotel.com.vn\/vi\/wp-json\/wp\/v2\/types\/page"}],"author":[{"embeddable":true,"href":"https:\/\/www.hoianhistorichotel.com.vn\/vi\/wp-json\/wp\/v2\/users\/8"}],"replies":[{"embeddable":true,"href":"https:\/\/www.hoianhistorichotel.com.vn\/vi\/wp-json\/wp\/v2\/comments?post=216"}],"version-history":[{"count":0,"href":"https:\/\/www.hoianhistorichotel.com.vn\/vi\/wp-json\/wp\/v2\/pages\/216\/revisions"}],"up":[{"embeddable":true,"href":"https:\/\/www.hoianhistorichotel.com.vn\/vi\/wp-json\/wp\/v2\/pages\/30"}],"wp:attachment":[{"href":"https:\/\/www.hoianhistorichotel.com.vn\/vi\/wp-json\/wp\/v2\/media?parent=216"}],"curies":[{"name":"wp","href":"https:\/\/api.w.org\/{rel}","templated":true}]}}