{"id":217,"date":"2026-01-19T05:25:10","date_gmt":"2026-01-19T05:25:10","guid":{"rendered":"https:\/\/hoian-historic-hotel.ms2.decms.asia\/rooms-suites\/premium-room\/"},"modified":"2026-01-21T07:38:13","modified_gmt":"2026-01-21T07:38:13","slug":"premium-room","status":"publish","type":"page","link":"https:\/\/www.hoianhistorichotel.com.vn\/vi\/rooms-suites\/premium-room\/","title":{"rendered":"Ph\u00f2ng Premium"},"content":{"rendered":"<p>Ph\u00f2ng Premium mang \u0111\u1ebfn kh\u00f4ng gian r\u1ed9ng r\u00e3i, trang nh\u00e3, \u0111\u01b0\u1ee3c thi\u1ebft k\u1ebf d\u00e0nh cho nh\u1eefng v\u1ecb kh\u00e1ch \u0111\u1ec1 cao s\u1ef1 ri\u00eang t\u01b0 v\u00e0 gu th\u1ea9m m\u1ef9 tinh t\u1ebf. Ph\u00f2ng \u0111\u01b0\u1ee3c trang b\u1ecb gi\u01b0\u1eddng c\u1ee1 l\u1edbn \u00eam \u00e1i, TV LCD 32 inch c\u00f9ng ph\u00f2ng t\u1eafm ri\u00eang r\u1ed9ng r\u00e3i, \u0111\u00e1p \u1ee9ng tr\u1ecdn v\u1eb9n nhu c\u1ea7u ngh\u1ec9 d\u01b0\u1ee1ng tho\u1ea3i m\u00e1i. Nh\u1eefng \u00f4 c\u1eeda s\u1ed5 l\u1edbn \u0111\u00f3n tr\u1ecdn \u00e1nh s\u00e1ng t\u1ef1 nhi\u00ean, m\u1edf ra t\u1ea7m nh\u00ecn h\u01b0\u1edbng khu v\u01b0\u1eddn xanh m\u00e1t, h\u1ed3 b\u01a1i y\u00ean t\u0129nh ho\u1eb7c nh\u1ecbp s\u1ed1ng sinh \u0111\u1ed9ng c\u1ee7a khu v\u1ef1c trung t\u00e2m, t\u1ea1o n\u00ean b\u1ea7u kh\u00f4ng kh\u00ed th\u01b0 th\u00e1i su\u1ed1t th\u1eddi gian l\u01b0u tr\u00fa t\u1ea1i H\u1ed9i An.<\/p>\n","protected":false},"excerpt":{"rendered":"<p>Ph\u00f2ng Premium mang \u0111\u1ebfn kh\u00f4ng gian r\u1ed9ng r\u00e3i, trang nh\u00e3, \u0111\u01b0\u1ee3c thi\u1ebft k\u1ebf d\u00e0nh cho nh\u1eefng v\u1ecb kh\u00e1ch \u0111\u1ec1 cao s\u1ef1 ri\u00eang t\u01b0 v\u00e0 gu th\u1ea9m m\u1ef9 tinh t\u1ebf. Ph\u00f2ng \u0111\u01b0\u1ee3c trang b\u1ecb gi\u01b0\u1eddng c\u1ee1 l\u1edbn \u00eam \u00e1i, TV LCD 32 inch c\u00f9ng ph\u00f2ng t\u1eafm ri\u00eang r\u1ed9ng r\u00e3i, \u0111\u00e1p \u1ee9ng tr\u1ecdn v\u1eb9n nhu c\u1ea7u ngh\u1ec9 [&hellip;]<\/p>\n","protected":false},"author":8,"featured_media":0,"parent":30,"menu_order":0,"comment_status":"closed","ping_status":"closed","template":"template-single-room.php","meta":{"footnotes":""},"yoast_head":"<!-- This site is optimized with the Yoast SEO plugin v22.3 - https:\/\/yoast.com\/wordpress\/plugins\/seo\/ -->\n<title>Premium Room Accommodation | Hoi An Historic Hotel Official Site<\/title>\n<meta name=\"description\" content=\"Experience privacy and refined comfort in our Premium Room, offering modern facilities and serene garden, pool, or city views in H\u1ed9i An.\" \/>\n<meta name=\"robots\" content=\"index, follow, max-snippet:-1, max-image-preview:large, max-video-preview:-1\" \/>\n<link rel=\"canonical\" href=\"https:\/\/www.hoianhistorichotel.com.vn\/vi\/rooms-suites\/premium-room\/\" \/>\n<meta property=\"og:locale\" content=\"vi_VN\" \/>\n<meta property=\"og:type\" content=\"article\" \/>\n<meta property=\"og:title\" content=\"Premium Room Accommodation | Hoi An Historic Hotel Official Site\" \/>\n<meta property=\"og:description\" content=\"Experience privacy and refined comfort in our Premium Room, offering modern facilities and serene garden, pool, or city views in H\u1ed9i An.\" \/>\n<meta property=\"og:url\" content=\"https:\/\/www.hoianhistorichotel.com.vn\/vi\/rooms-suites\/premium-room\/\" \/>\n<meta property=\"og:site_name\" content=\"Hoi An Historic Hotel\" \/>\n<meta property=\"article:modified_time\" content=\"2026-01-21T07:38:13+00:00\" \/>\n<meta name=\"twitter:card\" content=\"summary_large_image\" \/>\n<meta name=\"twitter:label1\" content=\"Est. reading time\" \/>\n\t<meta name=\"twitter:data1\" content=\"1 minute\" \/>\n<script type=\"application\/ld+json\" class=\"yoast-schema-graph\">{\"@context\":\"https:\/\/schema.org\",\"@graph\":[{\"@type\":\"WebPage\",\"@id\":\"https:\/\/www.hoianhistorichotel.com.vn\/vi\/rooms-suites\/premium-room\/\",\"url\":\"https:\/\/www.hoianhistorichotel.com.vn\/vi\/rooms-suites\/premium-room\/\",\"name\":\"Premium Room Accommodation | Hoi An Historic Hotel Official Site\",\"isPartOf\":{\"@id\":\"https:\/\/www.hoianhistorichotel.com.vn\/vi\/#website\"},\"datePublished\":\"2026-01-19T05:25:10+00:00\",\"dateModified\":\"2026-01-21T07:38:13+00:00\",\"description\":\"Experience privacy and refined comfort in our Premium Room, offering modern facilities and serene garden, pool, or city views in H\u1ed9i An.\",\"breadcrumb\":{\"@id\":\"https:\/\/www.hoianhistorichotel.com.vn\/vi\/rooms-suites\/premium-room\/#breadcrumb\"},\"inLanguage\":\"vi-VN\",\"potentialAction\":[{\"@type\":\"ReadAction\",\"target\":[\"https:\/\/www.hoianhistorichotel.com.vn\/vi\/rooms-suites\/premium-room\/\"]}]},{\"@type\":\"BreadcrumbList\",\"@id\":\"https:\/\/www.hoianhistorichotel.com.vn\/vi\/rooms-suites\/premium-room\/#breadcrumb\",\"itemListElement\":[{\"@type\":\"ListItem\",\"position\":1,\"name\":\"Home\",\"item\":\"https:\/\/www.hoianhistorichotel.com.vn\/vi\/\"},{\"@type\":\"ListItem\",\"position\":2,\"name\":\"Ph\u00f2ng Ngh\u1ec9 &#038; Suites\",\"item\":\"https:\/\/www.hoianhistorichotel.com.vn\/vi\/rooms-suites\/\"},{\"@type\":\"ListItem\",\"position\":3,\"name\":\"Ph\u00f2ng Premium\"}]},{\"@type\":\"WebSite\",\"@id\":\"https:\/\/www.hoianhistorichotel.com.vn\/vi\/#website\",\"url\":\"https:\/\/www.hoianhistorichotel.com.vn\/vi\/\",\"name\":\"Hoi An Historic Hotel\",\"description\":\"\",\"potentialAction\":[{\"@type\":\"SearchAction\",\"target\":{\"@type\":\"EntryPoint\",\"urlTemplate\":\"https:\/\/www.hoianhistorichotel.com.vn\/vi\/?s={search_term_string}\"},\"query-input\":\"required name=search_term_string\"}],\"inLanguage\":\"vi-VN\"}]}<\/script>\n<!-- \/ Yoast SEO plugin. -->","yoast_head_json":{"title":"Premium Room Accommodation | Hoi An Historic Hotel Official Site","description":"Experience privacy and refined comfort in our Premium Room, offering modern facilities and serene garden, pool, or city views in H\u1ed9i An.","robots":{"index":"index","follow":"follow","max-snippet":"max-snippet:-1","max-image-preview":"max-image-preview:large","max-video-preview":"max-video-preview:-1"},"canonical":"https:\/\/www.hoianhistorichotel.com.vn\/vi\/rooms-suites\/premium-room\/","og_locale":"vi_VN","og_type":"article","og_title":"Premium Room Accommodation | Hoi An Historic Hotel Official Site","og_description":"Experience privacy and refined comfort in our Premium Room, offering modern facilities and serene garden, pool, or city views in H\u1ed9i An.","og_url":"https:\/\/www.hoianhistorichotel.com.vn\/vi\/rooms-suites\/premium-room\/","og_site_name":"Hoi An Historic Hotel","article_modified_time":"2026-01-21T07:38:13+00:00","twitter_card":"summary_large_image","twitter_misc":{"Est. reading time":"1 minute"},"schema":{"@context":"https:\/\/schema.org","@graph":[{"@type":"WebPage","@id":"https:\/\/www.hoianhistorichotel.com.vn\/vi\/rooms-suites\/premium-room\/","url":"https:\/\/www.hoianhistorichotel.com.vn\/vi\/rooms-suites\/premium-room\/","name":"Premium Room Accommodation | Hoi An Historic Hotel Official Site","isPartOf":{"@id":"https:\/\/www.hoianhistorichotel.com.vn\/vi\/#website"},"datePublished":"2026-01-19T05:25:10+00:00","dateModified":"2026-01-21T07:38:13+00:00","description":"Experience privacy and refined comfort in our Premium Room, offering modern facilities and serene garden, pool, or city views in H\u1ed9i An.","breadcrumb":{"@id":"https:\/\/www.hoianhistorichotel.com.vn\/vi\/rooms-suites\/premium-room\/#breadcrumb"},"inLanguage":"vi-VN","potentialAction":[{"@type":"ReadAction","target":["https:\/\/www.hoianhistorichotel.com.vn\/vi\/rooms-suites\/premium-room\/"]}]},{"@type":"BreadcrumbList","@id":"https:\/\/www.hoianhistorichotel.com.vn\/vi\/rooms-suites\/premium-room\/#breadcrumb","itemListElement":[{"@type":"ListItem","position":1,"name":"Home","item":"https:\/\/www.hoianhistorichotel.com.vn\/vi\/"},{"@type":"ListItem","position":2,"name":"Ph\u00f2ng Ngh\u1ec9 &#038; Suites","item":"https:\/\/www.hoianhistorichotel.com.vn\/vi\/rooms-suites\/"},{"@type":"ListItem","position":3,"name":"Ph\u00f2ng Premium"}]},{"@type":"WebSite","@id":"https:\/\/www.hoianhistorichotel.com.vn\/vi\/#website","url":"https:\/\/www.hoianhistorichotel.com.vn\/vi\/","name":"Hoi An Historic Hotel","description":"","potentialAction":[{"@type":"SearchAction","target":{"@type":"EntryPoint","urlTemplate":"https:\/\/www.hoianhistorichotel.com.vn\/vi\/?s={search_term_string}"},"query-input":"required name=search_term_string"}],"inLanguage":"vi-VN"}]}},"acf":[],"_links":{"self":[{"href":"https:\/\/www.hoianhistorichotel.com.vn\/vi\/wp-json\/wp\/v2\/pages\/217"}],"collection":[{"href":"https:\/\/www.hoianhistorichotel.com.vn\/vi\/wp-json\/wp\/v2\/pages"}],"about":[{"href":"https:\/\/www.hoianhistorichotel.com.vn\/vi\/wp-json\/wp\/v2\/types\/page"}],"author":[{"embeddable":true,"href":"https:\/\/www.hoianhistorichotel.com.vn\/vi\/wp-json\/wp\/v2\/users\/8"}],"replies":[{"embeddable":true,"href":"https:\/\/www.hoianhistorichotel.com.vn\/vi\/wp-json\/wp\/v2\/comments?post=217"}],"version-history":[{"count":0,"href":"https:\/\/www.hoianhistorichotel.com.vn\/vi\/wp-json\/wp\/v2\/pages\/217\/revisions"}],"up":[{"embeddable":true,"href":"https:\/\/www.hoianhistorichotel.com.vn\/vi\/wp-json\/wp\/v2\/pages\/30"}],"wp:attachment":[{"href":"https:\/\/www.hoianhistorichotel.com.vn\/vi\/wp-json\/wp\/v2\/media?parent=217"}],"curies":[{"name":"wp","href":"https:\/\/api.w.org\/{rel}","templated":true}]}}