{"id":218,"date":"2026-01-19T05:31:26","date_gmt":"2026-01-19T05:31:26","guid":{"rendered":"https:\/\/hoian-historic-hotel.ms2.decms.asia\/rooms-suites\/junior-suite\/"},"modified":"2026-01-20T07:51:17","modified_gmt":"2026-01-20T07:51:17","slug":"junior-suite","status":"publish","type":"page","link":"https:\/\/www.hoianhistorichotel.com.vn\/vi\/rooms-suites\/junior-suite\/","title":{"rendered":"Ph\u00f2ng Junior Suite"},"content":{"rendered":"<p>Junior Suite m\u1edf ra m\u1ed9t kh\u00f4ng gian ngh\u1ec9 d\u01b0\u1ee1ng r\u1ed9ng r\u00e3i v\u00e0 y\u00ean t\u0129nh, ph\u00f9 h\u1ee3p cho nh\u1eefng ai t\u00ecm ki\u1ebfm s\u1ef1 ri\u00eang t\u01b0 c\u00f9ng c\u1ea3m gi\u00e1c th\u01b0 th\u00e1i tr\u1ecdn v\u1eb9n. Thi\u1ebft k\u1ebf h\u00e0i h\u00f2a gi\u1eefa n\u00e9t duy\u00ean di s\u1ea3n v\u00e0 \u0111\u01b0\u1eddng n\u00e9t hi\u1ec7n \u0111\u1ea1i mang \u0111\u1ebfn b\u1ea7u kh\u00f4ng kh\u00ed nh\u1eb9 nh\u00e0ng, d\u1ec5 ch\u1ecbu. Ph\u00f2ng \u0111\u01b0\u1ee3c trang b\u1ecb gi\u01b0\u1eddng c\u1ee1 l\u1edbn \u00eam \u00e1i, TV LCD 32 inch c\u00f9ng khu v\u1ef1c ph\u00f2ng t\u1eafm ri\u00eang r\u1ed9ng r\u00e3i, \u0111\u00e1p \u1ee9ng ti\u00eau chu\u1ea9n ti\u1ec7n nghi sang tr\u1ecdng. T\u1eeb ph\u00f2ng, du kh\u00e1ch c\u00f3 th\u1ec3 chi\u00eam ng\u01b0\u1ee1ng khung c\u1ea3nh h\u1ed3 b\u01a1i xanh m\u00e1t ho\u1eb7c khu v\u01b0\u1eddn n\u1ed9i khu thanh b\u00ecnh \u2013 n\u01a1i l\u00fd t\u01b0\u1edfng \u0111\u1ec3 th\u1ea3 l\u1ecfng nh\u1ecbp s\u1ed1ng v\u00e0 t\u1eadn h\u01b0\u1edfng nh\u1eefng kho\u1ea3nh kh\u1eafc ngh\u1ec9 ng\u01a1i ch\u1eadm r\u00e3i gi\u1eefa l\u00f2ng H\u1ed9i An.<\/p>\n","protected":false},"excerpt":{"rendered":"<p>Junior Suite m\u1edf ra m\u1ed9t kh\u00f4ng gian ngh\u1ec9 d\u01b0\u1ee1ng r\u1ed9ng r\u00e3i v\u00e0 y\u00ean t\u0129nh, ph\u00f9 h\u1ee3p cho nh\u1eefng ai t\u00ecm ki\u1ebfm s\u1ef1 ri\u00eang t\u01b0 c\u00f9ng c\u1ea3m gi\u00e1c th\u01b0 th\u00e1i tr\u1ecdn v\u1eb9n. Thi\u1ebft k\u1ebf h\u00e0i h\u00f2a gi\u1eefa n\u00e9t duy\u00ean di s\u1ea3n v\u00e0 \u0111\u01b0\u1eddng n\u00e9t hi\u1ec7n \u0111\u1ea1i mang \u0111\u1ebfn b\u1ea7u kh\u00f4ng kh\u00ed nh\u1eb9 nh\u00e0ng, d\u1ec5 ch\u1ecbu. Ph\u00f2ng [&hellip;]<\/p>\n","protected":false},"author":8,"featured_media":0,"parent":30,"menu_order":0,"comment_status":"closed","ping_status":"closed","template":"template-single-room.php","meta":{"footnotes":""},"yoast_head":"<!-- This site is optimized with the Yoast SEO plugin v22.3 - https:\/\/yoast.com\/wordpress\/plugins\/seo\/ -->\n<title>Junior Suite | Hoi An Historic Hotel<\/title>\n<meta name=\"description\" content=\"Kh\u00e1m ph\u00e1 Junior Suite r\u1ed9ng r\u00e3i v\u00e0 ri\u00eang t\u01b0 v\u1edbi gi\u01b0\u1eddng c\u1ee1 l\u1edbn, ti\u1ec7n nghi hi\u1ec7n \u0111\u1ea1i c\u00f9ng t\u1ea7m nh\u00ecn v\u01b0\u1eddn ho\u1eb7c h\u1ed3 b\u01a1i y\u00ean t\u0129nh t\u1ea1i H\u1ed9i An.\" \/>\n<meta name=\"robots\" content=\"index, follow, max-snippet:-1, max-image-preview:large, max-video-preview:-1\" \/>\n<link rel=\"canonical\" href=\"https:\/\/www.hoianhistorichotel.com.vn\/vi\/rooms-suites\/junior-suite\/\" \/>\n<meta property=\"og:locale\" content=\"vi_VN\" \/>\n<meta property=\"og:type\" content=\"article\" \/>\n<meta property=\"og:title\" content=\"Junior Suite | Hoi An Historic Hotel\" \/>\n<meta property=\"og:description\" content=\"Kh\u00e1m ph\u00e1 Junior Suite r\u1ed9ng r\u00e3i v\u00e0 ri\u00eang t\u01b0 v\u1edbi gi\u01b0\u1eddng c\u1ee1 l\u1edbn, ti\u1ec7n nghi hi\u1ec7n \u0111\u1ea1i c\u00f9ng t\u1ea7m nh\u00ecn v\u01b0\u1eddn ho\u1eb7c h\u1ed3 b\u01a1i y\u00ean t\u0129nh t\u1ea1i H\u1ed9i An.\" \/>\n<meta property=\"og:url\" content=\"https:\/\/www.hoianhistorichotel.com.vn\/vi\/rooms-suites\/junior-suite\/\" \/>\n<meta property=\"og:site_name\" content=\"Hoi An Historic Hotel\" \/>\n<meta property=\"article:modified_time\" content=\"2026-01-20T07:51:17+00:00\" \/>\n<meta name=\"twitter:card\" content=\"summary_large_image\" \/>\n<meta name=\"twitter:label1\" content=\"Est. reading time\" \/>\n\t<meta name=\"twitter:data1\" content=\"1 minute\" \/>\n<script type=\"application\/ld+json\" class=\"yoast-schema-graph\">{\"@context\":\"https:\/\/schema.org\",\"@graph\":[{\"@type\":\"WebPage\",\"@id\":\"https:\/\/www.hoianhistorichotel.com.vn\/vi\/rooms-suites\/junior-suite\/\",\"url\":\"https:\/\/www.hoianhistorichotel.com.vn\/vi\/rooms-suites\/junior-suite\/\",\"name\":\"Junior Suite | Hoi An Historic Hotel\",\"isPartOf\":{\"@id\":\"https:\/\/www.hoianhistorichotel.com.vn\/vi\/#website\"},\"datePublished\":\"2026-01-19T05:31:26+00:00\",\"dateModified\":\"2026-01-20T07:51:17+00:00\",\"description\":\"Kh\u00e1m ph\u00e1 Junior Suite r\u1ed9ng r\u00e3i v\u00e0 ri\u00eang t\u01b0 v\u1edbi gi\u01b0\u1eddng c\u1ee1 l\u1edbn, ti\u1ec7n nghi hi\u1ec7n \u0111\u1ea1i c\u00f9ng t\u1ea7m nh\u00ecn v\u01b0\u1eddn ho\u1eb7c h\u1ed3 b\u01a1i y\u00ean t\u0129nh t\u1ea1i H\u1ed9i An.\",\"breadcrumb\":{\"@id\":\"https:\/\/www.hoianhistorichotel.com.vn\/vi\/rooms-suites\/junior-suite\/#breadcrumb\"},\"inLanguage\":\"vi-VN\",\"potentialAction\":[{\"@type\":\"ReadAction\",\"target\":[\"https:\/\/www.hoianhistorichotel.com.vn\/vi\/rooms-suites\/junior-suite\/\"]}]},{\"@type\":\"BreadcrumbList\",\"@id\":\"https:\/\/www.hoianhistorichotel.com.vn\/vi\/rooms-suites\/junior-suite\/#breadcrumb\",\"itemListElement\":[{\"@type\":\"ListItem\",\"position\":1,\"name\":\"Home\",\"item\":\"https:\/\/www.hoianhistorichotel.com.vn\/vi\/\"},{\"@type\":\"ListItem\",\"position\":2,\"name\":\"Ph\u00f2ng Ngh\u1ec9 &#038; Suites\",\"item\":\"https:\/\/www.hoianhistorichotel.com.vn\/vi\/rooms-suites\/\"},{\"@type\":\"ListItem\",\"position\":3,\"name\":\"Ph\u00f2ng Junior Suite\"}]},{\"@type\":\"WebSite\",\"@id\":\"https:\/\/www.hoianhistorichotel.com.vn\/vi\/#website\",\"url\":\"https:\/\/www.hoianhistorichotel.com.vn\/vi\/\",\"name\":\"Hoi An Historic Hotel\",\"description\":\"\",\"potentialAction\":[{\"@type\":\"SearchAction\",\"target\":{\"@type\":\"EntryPoint\",\"urlTemplate\":\"https:\/\/www.hoianhistorichotel.com.vn\/vi\/?s={search_term_string}\"},\"query-input\":\"required name=search_term_string\"}],\"inLanguage\":\"vi-VN\"}]}<\/script>\n<!-- \/ Yoast SEO plugin. -->","yoast_head_json":{"title":"Junior Suite | Hoi An Historic Hotel","description":"Kh\u00e1m ph\u00e1 Junior Suite r\u1ed9ng r\u00e3i v\u00e0 ri\u00eang t\u01b0 v\u1edbi gi\u01b0\u1eddng c\u1ee1 l\u1edbn, ti\u1ec7n nghi hi\u1ec7n \u0111\u1ea1i c\u00f9ng t\u1ea7m nh\u00ecn v\u01b0\u1eddn ho\u1eb7c h\u1ed3 b\u01a1i y\u00ean t\u0129nh t\u1ea1i H\u1ed9i An.","robots":{"index":"index","follow":"follow","max-snippet":"max-snippet:-1","max-image-preview":"max-image-preview:large","max-video-preview":"max-video-preview:-1"},"canonical":"https:\/\/www.hoianhistorichotel.com.vn\/vi\/rooms-suites\/junior-suite\/","og_locale":"vi_VN","og_type":"article","og_title":"Junior Suite | Hoi An Historic Hotel","og_description":"Kh\u00e1m ph\u00e1 Junior Suite r\u1ed9ng r\u00e3i v\u00e0 ri\u00eang t\u01b0 v\u1edbi gi\u01b0\u1eddng c\u1ee1 l\u1edbn, ti\u1ec7n nghi hi\u1ec7n \u0111\u1ea1i c\u00f9ng t\u1ea7m nh\u00ecn v\u01b0\u1eddn ho\u1eb7c h\u1ed3 b\u01a1i y\u00ean t\u0129nh t\u1ea1i H\u1ed9i An.","og_url":"https:\/\/www.hoianhistorichotel.com.vn\/vi\/rooms-suites\/junior-suite\/","og_site_name":"Hoi An Historic Hotel","article_modified_time":"2026-01-20T07:51:17+00:00","twitter_card":"summary_large_image","twitter_misc":{"Est. reading time":"1 minute"},"schema":{"@context":"https:\/\/schema.org","@graph":[{"@type":"WebPage","@id":"https:\/\/www.hoianhistorichotel.com.vn\/vi\/rooms-suites\/junior-suite\/","url":"https:\/\/www.hoianhistorichotel.com.vn\/vi\/rooms-suites\/junior-suite\/","name":"Junior Suite | Hoi An Historic Hotel","isPartOf":{"@id":"https:\/\/www.hoianhistorichotel.com.vn\/vi\/#website"},"datePublished":"2026-01-19T05:31:26+00:00","dateModified":"2026-01-20T07:51:17+00:00","description":"Kh\u00e1m ph\u00e1 Junior Suite r\u1ed9ng r\u00e3i v\u00e0 ri\u00eang t\u01b0 v\u1edbi gi\u01b0\u1eddng c\u1ee1 l\u1edbn, ti\u1ec7n nghi hi\u1ec7n \u0111\u1ea1i c\u00f9ng t\u1ea7m nh\u00ecn v\u01b0\u1eddn ho\u1eb7c h\u1ed3 b\u01a1i y\u00ean t\u0129nh t\u1ea1i H\u1ed9i An.","breadcrumb":{"@id":"https:\/\/www.hoianhistorichotel.com.vn\/vi\/rooms-suites\/junior-suite\/#breadcrumb"},"inLanguage":"vi-VN","potentialAction":[{"@type":"ReadAction","target":["https:\/\/www.hoianhistorichotel.com.vn\/vi\/rooms-suites\/junior-suite\/"]}]},{"@type":"BreadcrumbList","@id":"https:\/\/www.hoianhistorichotel.com.vn\/vi\/rooms-suites\/junior-suite\/#breadcrumb","itemListElement":[{"@type":"ListItem","position":1,"name":"Home","item":"https:\/\/www.hoianhistorichotel.com.vn\/vi\/"},{"@type":"ListItem","position":2,"name":"Ph\u00f2ng Ngh\u1ec9 &#038; Suites","item":"https:\/\/www.hoianhistorichotel.com.vn\/vi\/rooms-suites\/"},{"@type":"ListItem","position":3,"name":"Ph\u00f2ng Junior Suite"}]},{"@type":"WebSite","@id":"https:\/\/www.hoianhistorichotel.com.vn\/vi\/#website","url":"https:\/\/www.hoianhistorichotel.com.vn\/vi\/","name":"Hoi An Historic Hotel","description":"","potentialAction":[{"@type":"SearchAction","target":{"@type":"EntryPoint","urlTemplate":"https:\/\/www.hoianhistorichotel.com.vn\/vi\/?s={search_term_string}"},"query-input":"required name=search_term_string"}],"inLanguage":"vi-VN"}]}},"acf":[],"_links":{"self":[{"href":"https:\/\/www.hoianhistorichotel.com.vn\/vi\/wp-json\/wp\/v2\/pages\/218"}],"collection":[{"href":"https:\/\/www.hoianhistorichotel.com.vn\/vi\/wp-json\/wp\/v2\/pages"}],"about":[{"href":"https:\/\/www.hoianhistorichotel.com.vn\/vi\/wp-json\/wp\/v2\/types\/page"}],"author":[{"embeddable":true,"href":"https:\/\/www.hoianhistorichotel.com.vn\/vi\/wp-json\/wp\/v2\/users\/8"}],"replies":[{"embeddable":true,"href":"https:\/\/www.hoianhistorichotel.com.vn\/vi\/wp-json\/wp\/v2\/comments?post=218"}],"version-history":[{"count":0,"href":"https:\/\/www.hoianhistorichotel.com.vn\/vi\/wp-json\/wp\/v2\/pages\/218\/revisions"}],"up":[{"embeddable":true,"href":"https:\/\/www.hoianhistorichotel.com.vn\/vi\/wp-json\/wp\/v2\/pages\/30"}],"wp:attachment":[{"href":"https:\/\/www.hoianhistorichotel.com.vn\/vi\/wp-json\/wp\/v2\/media?parent=218"}],"curies":[{"name":"wp","href":"https:\/\/api.w.org\/{rel}","templated":true}]}}