{"id":219,"date":"2026-01-19T05:39:02","date_gmt":"2026-01-19T05:39:02","guid":{"rendered":"https:\/\/hoian-historic-hotel.ms2.decms.asia\/rooms-suites\/suite\/"},"modified":"2026-01-20T07:53:24","modified_gmt":"2026-01-20T07:53:24","slug":"suite","status":"publish","type":"page","link":"https:\/\/www.hoianhistorichotel.com.vn\/vi\/rooms-suites\/suite\/","title":{"rendered":"Ph\u00f2ng Suite"},"content":{"rendered":"<p>V\u1edbi di\u1ec7n t\u00edch h\u01a1n 56 m\u00e9t vu\u00f4ng, ph\u00f2ng Suite c\u1ee7a ch\u00fang t\u00f4i s\u1edf h\u1eefu ph\u00f2ng kh\u00e1ch r\u1ed9ng r\u00e3i, h\u01b0\u1edbng ra khu v\u01b0\u1eddn y\u00ean t\u0129nh v\u00e0 h\u1ed3 b\u01a1i th\u01a1 m\u1ed9ng. N\u1ed9i th\u1ea5t \u0111\u01b0\u1ee3c trang tr\u00ed b\u1eb1ng g\u1ed7 t\u1ed1i m\u00e0u, t\u00f4ng m\u00e0u d\u1ecbu nh\u1eb9 v\u00e0 c\u00e1c t\u00e1c ph\u1ea9m ngh\u1ec7 thu\u1eadt \u0111\u1eb7c tr\u01b0ng v\u00f9ng mi\u1ec1n, ph\u1ea3n \u00e1nh di s\u1ea3n H\u1ed9i An. \u0110\u01b0\u1ee3c thi\u1ebft k\u1ebf \u0111\u1ec3 mang \u0111\u1ebfn c\u1ea3m gi\u00e1c nh\u01b0 m\u1ed9t ng\u00f4i nh\u00e0 th\u1ee9 hai \u0111\u00edch th\u1ef1c, ph\u00f2ng Suite mang \u0111\u1ebfn m\u1ed9t k\u1ef3 ngh\u1ec9 \u0111\u1eb3ng c\u1ea5p cho nh\u1eefng du kh\u00e1ch y\u00eau th\u00edch kh\u00f4ng gian r\u1ed9ng r\u00e3i, s\u1ef1 thanh b\u00ecnh v\u00e0 n\u00e9t thanh l\u1ecbch c\u1ed5 \u0111i\u1ec3n.<\/p>\n","protected":false},"excerpt":{"rendered":"<p>V\u1edbi di\u1ec7n t\u00edch h\u01a1n 56 m\u00e9t vu\u00f4ng, ph\u00f2ng Suite c\u1ee7a ch\u00fang t\u00f4i s\u1edf h\u1eefu ph\u00f2ng kh\u00e1ch r\u1ed9ng r\u00e3i, h\u01b0\u1edbng ra khu v\u01b0\u1eddn y\u00ean t\u0129nh v\u00e0 h\u1ed3 b\u01a1i th\u01a1 m\u1ed9ng. N\u1ed9i th\u1ea5t \u0111\u01b0\u1ee3c trang tr\u00ed b\u1eb1ng g\u1ed7 t\u1ed1i m\u00e0u, t\u00f4ng m\u00e0u d\u1ecbu nh\u1eb9 v\u00e0 c\u00e1c t\u00e1c ph\u1ea9m ngh\u1ec7 thu\u1eadt \u0111\u1eb7c tr\u01b0ng v\u00f9ng mi\u1ec1n, ph\u1ea3n \u00e1nh di [&hellip;]<\/p>\n","protected":false},"author":8,"featured_media":0,"parent":30,"menu_order":0,"comment_status":"closed","ping_status":"closed","template":"template-single-room.php","meta":{"footnotes":""},"yoast_head":"<!-- This site is optimized with the Yoast SEO plugin v22.3 - https:\/\/yoast.com\/wordpress\/plugins\/seo\/ -->\n<title>Ph\u00f2ng Suite | Hoi An Historic Hotel<\/title>\n<meta name=\"description\" content=\"Tr\u1ea3i nghi\u1ec7m Ph\u00f2ng Suite h\u01a1n 56 m\u00b2 v\u1edbi ph\u00f2ng kh\u00e1ch ri\u00eang, n\u1ed9i th\u1ea5t g\u1ed7 s\u1eabm tinh t\u1ebf c\u00f9ng t\u1ea7m nh\u00ecn v\u01b0\u1eddn v\u00e0 h\u1ed3 b\u01a1i y\u00ean b\u00ecnh t\u1ea1i H\u1ed9i An.\" \/>\n<meta name=\"robots\" content=\"index, follow, max-snippet:-1, max-image-preview:large, max-video-preview:-1\" \/>\n<link rel=\"canonical\" href=\"https:\/\/www.hoianhistorichotel.com.vn\/vi\/rooms-suites\/suite\/\" \/>\n<meta property=\"og:locale\" content=\"vi_VN\" \/>\n<meta property=\"og:type\" content=\"article\" \/>\n<meta property=\"og:title\" content=\"Ph\u00f2ng Suite | Hoi An Historic Hotel\" \/>\n<meta property=\"og:description\" content=\"Tr\u1ea3i nghi\u1ec7m Ph\u00f2ng Suite h\u01a1n 56 m\u00b2 v\u1edbi ph\u00f2ng kh\u00e1ch ri\u00eang, n\u1ed9i th\u1ea5t g\u1ed7 s\u1eabm tinh t\u1ebf c\u00f9ng t\u1ea7m nh\u00ecn v\u01b0\u1eddn v\u00e0 h\u1ed3 b\u01a1i y\u00ean b\u00ecnh t\u1ea1i H\u1ed9i An.\" \/>\n<meta property=\"og:url\" content=\"https:\/\/www.hoianhistorichotel.com.vn\/vi\/rooms-suites\/suite\/\" \/>\n<meta property=\"og:site_name\" content=\"Hoi An Historic Hotel\" \/>\n<meta property=\"article:modified_time\" content=\"2026-01-20T07:53:24+00:00\" \/>\n<meta name=\"twitter:card\" content=\"summary_large_image\" \/>\n<meta name=\"twitter:label1\" content=\"Est. reading time\" \/>\n\t<meta name=\"twitter:data1\" content=\"1 minute\" \/>\n<script type=\"application\/ld+json\" class=\"yoast-schema-graph\">{\"@context\":\"https:\/\/schema.org\",\"@graph\":[{\"@type\":\"WebPage\",\"@id\":\"https:\/\/www.hoianhistorichotel.com.vn\/vi\/rooms-suites\/suite\/\",\"url\":\"https:\/\/www.hoianhistorichotel.com.vn\/vi\/rooms-suites\/suite\/\",\"name\":\"Ph\u00f2ng Suite | Hoi An Historic Hotel\",\"isPartOf\":{\"@id\":\"https:\/\/www.hoianhistorichotel.com.vn\/vi\/#website\"},\"datePublished\":\"2026-01-19T05:39:02+00:00\",\"dateModified\":\"2026-01-20T07:53:24+00:00\",\"description\":\"Tr\u1ea3i nghi\u1ec7m Ph\u00f2ng Suite h\u01a1n 56 m\u00b2 v\u1edbi ph\u00f2ng kh\u00e1ch ri\u00eang, n\u1ed9i th\u1ea5t g\u1ed7 s\u1eabm tinh t\u1ebf c\u00f9ng t\u1ea7m nh\u00ecn v\u01b0\u1eddn v\u00e0 h\u1ed3 b\u01a1i y\u00ean b\u00ecnh t\u1ea1i H\u1ed9i An.\",\"breadcrumb\":{\"@id\":\"https:\/\/www.hoianhistorichotel.com.vn\/vi\/rooms-suites\/suite\/#breadcrumb\"},\"inLanguage\":\"vi-VN\",\"potentialAction\":[{\"@type\":\"ReadAction\",\"target\":[\"https:\/\/www.hoianhistorichotel.com.vn\/vi\/rooms-suites\/suite\/\"]}]},{\"@type\":\"BreadcrumbList\",\"@id\":\"https:\/\/www.hoianhistorichotel.com.vn\/vi\/rooms-suites\/suite\/#breadcrumb\",\"itemListElement\":[{\"@type\":\"ListItem\",\"position\":1,\"name\":\"Home\",\"item\":\"https:\/\/www.hoianhistorichotel.com.vn\/vi\/\"},{\"@type\":\"ListItem\",\"position\":2,\"name\":\"Ph\u00f2ng Ngh\u1ec9 &#038; Suites\",\"item\":\"https:\/\/www.hoianhistorichotel.com.vn\/vi\/rooms-suites\/\"},{\"@type\":\"ListItem\",\"position\":3,\"name\":\"Ph\u00f2ng Suite\"}]},{\"@type\":\"WebSite\",\"@id\":\"https:\/\/www.hoianhistorichotel.com.vn\/vi\/#website\",\"url\":\"https:\/\/www.hoianhistorichotel.com.vn\/vi\/\",\"name\":\"Hoi An Historic Hotel\",\"description\":\"\",\"potentialAction\":[{\"@type\":\"SearchAction\",\"target\":{\"@type\":\"EntryPoint\",\"urlTemplate\":\"https:\/\/www.hoianhistorichotel.com.vn\/vi\/?s={search_term_string}\"},\"query-input\":\"required name=search_term_string\"}],\"inLanguage\":\"vi-VN\"}]}<\/script>\n<!-- \/ Yoast SEO plugin. -->","yoast_head_json":{"title":"Ph\u00f2ng Suite | Hoi An Historic Hotel","description":"Tr\u1ea3i nghi\u1ec7m Ph\u00f2ng Suite h\u01a1n 56 m\u00b2 v\u1edbi ph\u00f2ng kh\u00e1ch ri\u00eang, n\u1ed9i th\u1ea5t g\u1ed7 s\u1eabm tinh t\u1ebf c\u00f9ng t\u1ea7m nh\u00ecn v\u01b0\u1eddn v\u00e0 h\u1ed3 b\u01a1i y\u00ean b\u00ecnh t\u1ea1i H\u1ed9i An.","robots":{"index":"index","follow":"follow","max-snippet":"max-snippet:-1","max-image-preview":"max-image-preview:large","max-video-preview":"max-video-preview:-1"},"canonical":"https:\/\/www.hoianhistorichotel.com.vn\/vi\/rooms-suites\/suite\/","og_locale":"vi_VN","og_type":"article","og_title":"Ph\u00f2ng Suite | Hoi An Historic Hotel","og_description":"Tr\u1ea3i nghi\u1ec7m Ph\u00f2ng Suite h\u01a1n 56 m\u00b2 v\u1edbi ph\u00f2ng kh\u00e1ch ri\u00eang, n\u1ed9i th\u1ea5t g\u1ed7 s\u1eabm tinh t\u1ebf c\u00f9ng t\u1ea7m nh\u00ecn v\u01b0\u1eddn v\u00e0 h\u1ed3 b\u01a1i y\u00ean b\u00ecnh t\u1ea1i H\u1ed9i An.","og_url":"https:\/\/www.hoianhistorichotel.com.vn\/vi\/rooms-suites\/suite\/","og_site_name":"Hoi An Historic Hotel","article_modified_time":"2026-01-20T07:53:24+00:00","twitter_card":"summary_large_image","twitter_misc":{"Est. reading time":"1 minute"},"schema":{"@context":"https:\/\/schema.org","@graph":[{"@type":"WebPage","@id":"https:\/\/www.hoianhistorichotel.com.vn\/vi\/rooms-suites\/suite\/","url":"https:\/\/www.hoianhistorichotel.com.vn\/vi\/rooms-suites\/suite\/","name":"Ph\u00f2ng Suite | Hoi An Historic Hotel","isPartOf":{"@id":"https:\/\/www.hoianhistorichotel.com.vn\/vi\/#website"},"datePublished":"2026-01-19T05:39:02+00:00","dateModified":"2026-01-20T07:53:24+00:00","description":"Tr\u1ea3i nghi\u1ec7m Ph\u00f2ng Suite h\u01a1n 56 m\u00b2 v\u1edbi ph\u00f2ng kh\u00e1ch ri\u00eang, n\u1ed9i th\u1ea5t g\u1ed7 s\u1eabm tinh t\u1ebf c\u00f9ng t\u1ea7m nh\u00ecn v\u01b0\u1eddn v\u00e0 h\u1ed3 b\u01a1i y\u00ean b\u00ecnh t\u1ea1i H\u1ed9i An.","breadcrumb":{"@id":"https:\/\/www.hoianhistorichotel.com.vn\/vi\/rooms-suites\/suite\/#breadcrumb"},"inLanguage":"vi-VN","potentialAction":[{"@type":"ReadAction","target":["https:\/\/www.hoianhistorichotel.com.vn\/vi\/rooms-suites\/suite\/"]}]},{"@type":"BreadcrumbList","@id":"https:\/\/www.hoianhistorichotel.com.vn\/vi\/rooms-suites\/suite\/#breadcrumb","itemListElement":[{"@type":"ListItem","position":1,"name":"Home","item":"https:\/\/www.hoianhistorichotel.com.vn\/vi\/"},{"@type":"ListItem","position":2,"name":"Ph\u00f2ng Ngh\u1ec9 &#038; Suites","item":"https:\/\/www.hoianhistorichotel.com.vn\/vi\/rooms-suites\/"},{"@type":"ListItem","position":3,"name":"Ph\u00f2ng Suite"}]},{"@type":"WebSite","@id":"https:\/\/www.hoianhistorichotel.com.vn\/vi\/#website","url":"https:\/\/www.hoianhistorichotel.com.vn\/vi\/","name":"Hoi An Historic Hotel","description":"","potentialAction":[{"@type":"SearchAction","target":{"@type":"EntryPoint","urlTemplate":"https:\/\/www.hoianhistorichotel.com.vn\/vi\/?s={search_term_string}"},"query-input":"required name=search_term_string"}],"inLanguage":"vi-VN"}]}},"acf":[],"_links":{"self":[{"href":"https:\/\/www.hoianhistorichotel.com.vn\/vi\/wp-json\/wp\/v2\/pages\/219"}],"collection":[{"href":"https:\/\/www.hoianhistorichotel.com.vn\/vi\/wp-json\/wp\/v2\/pages"}],"about":[{"href":"https:\/\/www.hoianhistorichotel.com.vn\/vi\/wp-json\/wp\/v2\/types\/page"}],"author":[{"embeddable":true,"href":"https:\/\/www.hoianhistorichotel.com.vn\/vi\/wp-json\/wp\/v2\/users\/8"}],"replies":[{"embeddable":true,"href":"https:\/\/www.hoianhistorichotel.com.vn\/vi\/wp-json\/wp\/v2\/comments?post=219"}],"version-history":[{"count":0,"href":"https:\/\/www.hoianhistorichotel.com.vn\/vi\/wp-json\/wp\/v2\/pages\/219\/revisions"}],"up":[{"embeddable":true,"href":"https:\/\/www.hoianhistorichotel.com.vn\/vi\/wp-json\/wp\/v2\/pages\/30"}],"wp:attachment":[{"href":"https:\/\/www.hoianhistorichotel.com.vn\/vi\/wp-json\/wp\/v2\/media?parent=219"}],"curies":[{"name":"wp","href":"https:\/\/api.w.org\/{rel}","templated":true}]}}