{"id":220,"date":"2026-01-19T05:48:10","date_gmt":"2026-01-19T05:48:10","guid":{"rendered":"https:\/\/hoian-historic-hotel.ms2.decms.asia\/rooms-suites\/president-suite\/"},"modified":"2026-01-20T07:54:34","modified_gmt":"2026-01-20T07:54:34","slug":"president-suite","status":"publish","type":"page","link":"https:\/\/www.hoianhistorichotel.com.vn\/vi\/rooms-suites\/president-suite\/","title":{"rendered":"Ph\u00f2ng President Suite"},"content":{"rendered":"<p>President Suite, m\u1ed9t c\u0103n h\u1ed9 \u0111\u1ed9c \u0111\u00e1o r\u1ed9ng 150m2 n\u1eb1m trong Khu History Wing, mang \u0111\u1ebfn s\u1ef1 ri\u00eang t\u01b0 tinh t\u1ebf v\u1edbi t\u1ea7m nh\u00ecn thanh b\u00ecnh ra khu v\u01b0\u1eddn v\u00e0 h\u1ed3 b\u01a1i. \u0110\u01b0\u1ee3c thi\u1ebft k\u1ebf \u0111\u1ec3 mang \u0111\u1ebfn s\u1ef1 tho\u1ea3i m\u00e1i t\u1ed1i \u0111a, ph\u00f2ng c\u00f3 hai ph\u00f2ng ng\u1ee7 v\u00e0 ph\u00f2ng kh\u00e1ch r\u1ed9ng r\u00e3i \u0111\u01b0\u1ee3c trang b\u1ecb \u0111\u1ea7y \u0111\u1ee7 ti\u1ec7n nghi cho c\u1ea3 th\u01b0 gi\u00e3n v\u00e0 t\u1ee5 h\u1ecdp th\u00e2n m\u1eadt. K\u1ebft h\u1ee3p n\u00e9t quy\u1ebfn r\u0169 truy\u1ec1n th\u1ed1ng v\u1edbi ti\u1ec7n nghi hi\u1ec7n \u0111\u1ea1i, n\u01a1i ngh\u1ec9 d\u01b0\u1ee1ng ri\u00eang t\u01b0 n\u00e0y l\u00e0 l\u1ef1a ch\u1ecdn l\u00fd t\u01b0\u1edfng cho nh\u1eefng du kh\u00e1ch t\u00ecm ki\u1ebfm tr\u1ea3i nghi\u1ec7m H\u1ed9i An sang tr\u1ecdng v\u00e0 \u0111\u00edch th\u1ef1c.<\/p>\n","protected":false},"excerpt":{"rendered":"<p>President Suite, m\u1ed9t c\u0103n h\u1ed9 \u0111\u1ed9c \u0111\u00e1o r\u1ed9ng 150m2 n\u1eb1m trong Khu History Wing, mang \u0111\u1ebfn s\u1ef1 ri\u00eang t\u01b0 tinh t\u1ebf v\u1edbi t\u1ea7m nh\u00ecn thanh b\u00ecnh ra khu v\u01b0\u1eddn v\u00e0 h\u1ed3 b\u01a1i. \u0110\u01b0\u1ee3c thi\u1ebft k\u1ebf \u0111\u1ec3 mang \u0111\u1ebfn s\u1ef1 tho\u1ea3i m\u00e1i t\u1ed1i \u0111a, ph\u00f2ng c\u00f3 hai ph\u00f2ng ng\u1ee7 v\u00e0 ph\u00f2ng kh\u00e1ch r\u1ed9ng r\u00e3i \u0111\u01b0\u1ee3c trang [&hellip;]<\/p>\n","protected":false},"author":8,"featured_media":0,"parent":30,"menu_order":0,"comment_status":"closed","ping_status":"closed","template":"template-single-room.php","meta":{"footnotes":""},"yoast_head":"<!-- This site is optimized with the Yoast SEO plugin v22.3 - https:\/\/yoast.com\/wordpress\/plugins\/seo\/ -->\n<title>Ph\u00f2ng President Suite | Hoi An Historic Hotel<\/title>\n<meta name=\"description\" content=\"Tr\u1ea3i nghi\u1ec7m President Suite duy nh\u1ea5t r\u1ed9ng 150m\u00b2 t\u1ea1i Hoi An Historic Hotel, v\u1edbi hai ph\u00f2ng ng\u1ee7, kh\u00f4ng gian s\u1ed1ng thanh l\u1ecbch c\u00f9ng t\u1ea7m nh\u00ecn tuy\u1ec7t \u0111\u1eb9p ra v\u01b0\u1eddn v\u00e0 h\u1ed3 b\u01a1i.\" \/>\n<meta name=\"robots\" content=\"index, follow, max-snippet:-1, max-image-preview:large, max-video-preview:-1\" \/>\n<link rel=\"canonical\" href=\"https:\/\/www.hoianhistorichotel.com.vn\/vi\/rooms-suites\/president-suite\/\" \/>\n<meta property=\"og:locale\" content=\"vi_VN\" \/>\n<meta property=\"og:type\" content=\"article\" \/>\n<meta property=\"og:title\" content=\"Ph\u00f2ng President Suite | Hoi An Historic Hotel\" \/>\n<meta property=\"og:description\" content=\"Tr\u1ea3i nghi\u1ec7m President Suite duy nh\u1ea5t r\u1ed9ng 150m\u00b2 t\u1ea1i Hoi An Historic Hotel, v\u1edbi hai ph\u00f2ng ng\u1ee7, kh\u00f4ng gian s\u1ed1ng thanh l\u1ecbch c\u00f9ng t\u1ea7m nh\u00ecn tuy\u1ec7t \u0111\u1eb9p ra v\u01b0\u1eddn v\u00e0 h\u1ed3 b\u01a1i.\" \/>\n<meta property=\"og:url\" content=\"https:\/\/www.hoianhistorichotel.com.vn\/vi\/rooms-suites\/president-suite\/\" \/>\n<meta property=\"og:site_name\" content=\"Hoi An Historic Hotel\" \/>\n<meta property=\"article:modified_time\" content=\"2026-01-20T07:54:34+00:00\" \/>\n<meta name=\"twitter:card\" content=\"summary_large_image\" \/>\n<meta name=\"twitter:label1\" content=\"Est. reading time\" \/>\n\t<meta name=\"twitter:data1\" content=\"1 minute\" \/>\n<script type=\"application\/ld+json\" class=\"yoast-schema-graph\">{\"@context\":\"https:\/\/schema.org\",\"@graph\":[{\"@type\":\"WebPage\",\"@id\":\"https:\/\/www.hoianhistorichotel.com.vn\/vi\/rooms-suites\/president-suite\/\",\"url\":\"https:\/\/www.hoianhistorichotel.com.vn\/vi\/rooms-suites\/president-suite\/\",\"name\":\"Ph\u00f2ng President Suite | Hoi An Historic Hotel\",\"isPartOf\":{\"@id\":\"https:\/\/www.hoianhistorichotel.com.vn\/vi\/#website\"},\"datePublished\":\"2026-01-19T05:48:10+00:00\",\"dateModified\":\"2026-01-20T07:54:34+00:00\",\"description\":\"Tr\u1ea3i nghi\u1ec7m President Suite duy nh\u1ea5t r\u1ed9ng 150m\u00b2 t\u1ea1i Hoi An Historic Hotel, v\u1edbi hai ph\u00f2ng ng\u1ee7, kh\u00f4ng gian s\u1ed1ng thanh l\u1ecbch c\u00f9ng t\u1ea7m nh\u00ecn tuy\u1ec7t \u0111\u1eb9p ra v\u01b0\u1eddn v\u00e0 h\u1ed3 b\u01a1i.\",\"breadcrumb\":{\"@id\":\"https:\/\/www.hoianhistorichotel.com.vn\/vi\/rooms-suites\/president-suite\/#breadcrumb\"},\"inLanguage\":\"vi-VN\",\"potentialAction\":[{\"@type\":\"ReadAction\",\"target\":[\"https:\/\/www.hoianhistorichotel.com.vn\/vi\/rooms-suites\/president-suite\/\"]}]},{\"@type\":\"BreadcrumbList\",\"@id\":\"https:\/\/www.hoianhistorichotel.com.vn\/vi\/rooms-suites\/president-suite\/#breadcrumb\",\"itemListElement\":[{\"@type\":\"ListItem\",\"position\":1,\"name\":\"Home\",\"item\":\"https:\/\/www.hoianhistorichotel.com.vn\/vi\/\"},{\"@type\":\"ListItem\",\"position\":2,\"name\":\"Ph\u00f2ng Ngh\u1ec9 &#038; Suites\",\"item\":\"https:\/\/www.hoianhistorichotel.com.vn\/vi\/rooms-suites\/\"},{\"@type\":\"ListItem\",\"position\":3,\"name\":\"Ph\u00f2ng President Suite\"}]},{\"@type\":\"WebSite\",\"@id\":\"https:\/\/www.hoianhistorichotel.com.vn\/vi\/#website\",\"url\":\"https:\/\/www.hoianhistorichotel.com.vn\/vi\/\",\"name\":\"Hoi An Historic Hotel\",\"description\":\"\",\"potentialAction\":[{\"@type\":\"SearchAction\",\"target\":{\"@type\":\"EntryPoint\",\"urlTemplate\":\"https:\/\/www.hoianhistorichotel.com.vn\/vi\/?s={search_term_string}\"},\"query-input\":\"required name=search_term_string\"}],\"inLanguage\":\"vi-VN\"}]}<\/script>\n<!-- \/ Yoast SEO plugin. -->","yoast_head_json":{"title":"Ph\u00f2ng President Suite | Hoi An Historic Hotel","description":"Tr\u1ea3i nghi\u1ec7m President Suite duy nh\u1ea5t r\u1ed9ng 150m\u00b2 t\u1ea1i Hoi An Historic Hotel, v\u1edbi hai ph\u00f2ng ng\u1ee7, kh\u00f4ng gian s\u1ed1ng thanh l\u1ecbch c\u00f9ng t\u1ea7m nh\u00ecn tuy\u1ec7t \u0111\u1eb9p ra v\u01b0\u1eddn v\u00e0 h\u1ed3 b\u01a1i.","robots":{"index":"index","follow":"follow","max-snippet":"max-snippet:-1","max-image-preview":"max-image-preview:large","max-video-preview":"max-video-preview:-1"},"canonical":"https:\/\/www.hoianhistorichotel.com.vn\/vi\/rooms-suites\/president-suite\/","og_locale":"vi_VN","og_type":"article","og_title":"Ph\u00f2ng President Suite | Hoi An Historic Hotel","og_description":"Tr\u1ea3i nghi\u1ec7m President Suite duy nh\u1ea5t r\u1ed9ng 150m\u00b2 t\u1ea1i Hoi An Historic Hotel, v\u1edbi hai ph\u00f2ng ng\u1ee7, kh\u00f4ng gian s\u1ed1ng thanh l\u1ecbch c\u00f9ng t\u1ea7m nh\u00ecn tuy\u1ec7t \u0111\u1eb9p ra v\u01b0\u1eddn v\u00e0 h\u1ed3 b\u01a1i.","og_url":"https:\/\/www.hoianhistorichotel.com.vn\/vi\/rooms-suites\/president-suite\/","og_site_name":"Hoi An Historic Hotel","article_modified_time":"2026-01-20T07:54:34+00:00","twitter_card":"summary_large_image","twitter_misc":{"Est. reading time":"1 minute"},"schema":{"@context":"https:\/\/schema.org","@graph":[{"@type":"WebPage","@id":"https:\/\/www.hoianhistorichotel.com.vn\/vi\/rooms-suites\/president-suite\/","url":"https:\/\/www.hoianhistorichotel.com.vn\/vi\/rooms-suites\/president-suite\/","name":"Ph\u00f2ng President Suite | Hoi An Historic Hotel","isPartOf":{"@id":"https:\/\/www.hoianhistorichotel.com.vn\/vi\/#website"},"datePublished":"2026-01-19T05:48:10+00:00","dateModified":"2026-01-20T07:54:34+00:00","description":"Tr\u1ea3i nghi\u1ec7m President Suite duy nh\u1ea5t r\u1ed9ng 150m\u00b2 t\u1ea1i Hoi An Historic Hotel, v\u1edbi hai ph\u00f2ng ng\u1ee7, kh\u00f4ng gian s\u1ed1ng thanh l\u1ecbch c\u00f9ng t\u1ea7m nh\u00ecn tuy\u1ec7t \u0111\u1eb9p ra v\u01b0\u1eddn v\u00e0 h\u1ed3 b\u01a1i.","breadcrumb":{"@id":"https:\/\/www.hoianhistorichotel.com.vn\/vi\/rooms-suites\/president-suite\/#breadcrumb"},"inLanguage":"vi-VN","potentialAction":[{"@type":"ReadAction","target":["https:\/\/www.hoianhistorichotel.com.vn\/vi\/rooms-suites\/president-suite\/"]}]},{"@type":"BreadcrumbList","@id":"https:\/\/www.hoianhistorichotel.com.vn\/vi\/rooms-suites\/president-suite\/#breadcrumb","itemListElement":[{"@type":"ListItem","position":1,"name":"Home","item":"https:\/\/www.hoianhistorichotel.com.vn\/vi\/"},{"@type":"ListItem","position":2,"name":"Ph\u00f2ng Ngh\u1ec9 &#038; Suites","item":"https:\/\/www.hoianhistorichotel.com.vn\/vi\/rooms-suites\/"},{"@type":"ListItem","position":3,"name":"Ph\u00f2ng President Suite"}]},{"@type":"WebSite","@id":"https:\/\/www.hoianhistorichotel.com.vn\/vi\/#website","url":"https:\/\/www.hoianhistorichotel.com.vn\/vi\/","name":"Hoi An Historic Hotel","description":"","potentialAction":[{"@type":"SearchAction","target":{"@type":"EntryPoint","urlTemplate":"https:\/\/www.hoianhistorichotel.com.vn\/vi\/?s={search_term_string}"},"query-input":"required name=search_term_string"}],"inLanguage":"vi-VN"}]}},"acf":[],"_links":{"self":[{"href":"https:\/\/www.hoianhistorichotel.com.vn\/vi\/wp-json\/wp\/v2\/pages\/220"}],"collection":[{"href":"https:\/\/www.hoianhistorichotel.com.vn\/vi\/wp-json\/wp\/v2\/pages"}],"about":[{"href":"https:\/\/www.hoianhistorichotel.com.vn\/vi\/wp-json\/wp\/v2\/types\/page"}],"author":[{"embeddable":true,"href":"https:\/\/www.hoianhistorichotel.com.vn\/vi\/wp-json\/wp\/v2\/users\/8"}],"replies":[{"embeddable":true,"href":"https:\/\/www.hoianhistorichotel.com.vn\/vi\/wp-json\/wp\/v2\/comments?post=220"}],"version-history":[{"count":0,"href":"https:\/\/www.hoianhistorichotel.com.vn\/vi\/wp-json\/wp\/v2\/pages\/220\/revisions"}],"up":[{"embeddable":true,"href":"https:\/\/www.hoianhistorichotel.com.vn\/vi\/wp-json\/wp\/v2\/pages\/30"}],"wp:attachment":[{"href":"https:\/\/www.hoianhistorichotel.com.vn\/vi\/wp-json\/wp\/v2\/media?parent=220"}],"curies":[{"name":"wp","href":"https:\/\/api.w.org\/{rel}","templated":true}]}}