{"id":222,"date":"2026-01-07T02:49:20","date_gmt":"2026-01-07T02:49:20","guid":{"rendered":"https:\/\/hoian-historic-hotel.ms2.decms.asia\/home\/"},"modified":"2026-02-24T05:43:10","modified_gmt":"2026-02-24T05:43:10","slug":"home","status":"publish","type":"page","link":"https:\/\/www.hoianhistorichotel.com.vn\/vi\/","title":{"rendered":"Hoi An Historic Hotel"},"content":{"rendered":"<p>Kh\u00e1m ph\u00e1 ch\u1ed1n b\u00ecnh y\u00ean n\u01a1i di s\u1ea3n h\u00f2a quy\u1ec7n c\u00f9ng thi\u00ean nhi\u00ean xanh m\u00e1t t\u1ea1i Hoi An Historic Hotel. T\u1ecda l\u1ea1c t\u1ea1i v\u1ecb tr\u00ed l\u00fd t\u01b0\u1edfng, ch\u1ec9 c\u00e1ch nh\u1eefng con ph\u1ed1 r\u1ef1c r\u1ee1 \u0111\u00e8n l\u1ed3ng c\u1ee7a Ph\u1ed1 C\u1ed5 v\u00e0i b\u01b0\u1edbc ch\u00e2n v\u00e0 b\u00e3i bi\u1ec3n C\u1eeda \u0110\u1ea1i m\u1ed9t qu\u00e3ng \u0111\u01b0\u1eddng ng\u1eafn, kh\u00e1ch s\u1ea1n l\u00e0 s\u1ef1 k\u1ebft h\u1ee3p ho\u00e0n h\u1ea3o gi\u1eefa v\u1ecb tr\u00ed \u0111\u1eafc \u0111\u1ecba v\u00e0 kh\u00f4ng gian s\u00e2n v\u01b0\u1eddn t\u0129nh l\u1eb7ng, th\u01b0 th\u00e1i.<\/p>\n<p>Kh\u00f4ng ch\u1ec9 l\u00e0 n\u01a1i l\u01b0u tr\u00fa, kh\u00e1ch s\u1ea1n c\u00f2n l\u00e0 m\u1ed9t ch\u1ee9ng nh\u00e2n l\u1ecbch s\u1eed \u0111\u1eb7c bi\u1ec7t t\u1ecda l\u1ea1c tr\u00ean n\u1ec1n tr\u1ee5 s\u1edf h\u00e0nh ch\u00ednh c\u0169 th\u1eddi Ph\u00e1p thu\u1ed9c. Du kh\u00e1ch c\u00f3 th\u1ec3 ch\u1ea1m v\u00e0o qu\u00e1 kh\u1ee9 qua t\u1ea5m bia \u0111\u00e1 trong khu\u00f4n vi\u00ean, n\u01a1i ghi d\u1ea5u chi\u1ebfn th\u1eafng ng\u00e0y 28\/3\/1975 gi\u1ea3i ph\u00f3ng H\u1ed9i An. K\u1ebf th\u1eeba di s\u1ea3n \u0111\u00f3, t\u1eeb n\u0103m 1991, n\u01a1i n\u00e0y \u0111\u00e3 tr\u1edf th\u00e0nh Kh\u00e1ch s\u1ea1n H\u1ed9i An \u2013 m\u1ed9t trong nh\u1eefng kh\u00e1ch s\u1ea1n qu\u1ed1c t\u1ebf \u0111\u1ea7u ti\u00ean t\u1ea1i ph\u1ed1 c\u1ed5, mang \u0111\u1ebfn s\u1ef1 giao thoa tinh t\u1ebf gi\u1eefa ho\u00e0i ni\u1ec7m v\u00e0 ti\u1ec7n nghi hi\u1ec7n \u0111\u1ea1i.<\/p>\n","protected":false},"excerpt":{"rendered":"<p>Kh\u00e1m ph\u00e1 ch\u1ed1n b\u00ecnh y\u00ean n\u01a1i di s\u1ea3n h\u00f2a quy\u1ec7n c\u00f9ng thi\u00ean nhi\u00ean xanh m\u00e1t t\u1ea1i Hoi An Historic Hotel. T\u1ecda l\u1ea1c t\u1ea1i v\u1ecb tr\u00ed l\u00fd t\u01b0\u1edfng, ch\u1ec9 c\u00e1ch nh\u1eefng con ph\u1ed1 r\u1ef1c r\u1ee1 \u0111\u00e8n l\u1ed3ng c\u1ee7a Ph\u1ed1 C\u1ed5 v\u00e0i b\u01b0\u1edbc ch\u00e2n v\u00e0 b\u00e3i bi\u1ec3n C\u1eeda \u0110\u1ea1i m\u1ed9t qu\u00e3ng \u0111\u01b0\u1eddng ng\u1eafn, kh\u00e1ch s\u1ea1n l\u00e0 s\u1ef1 [&hellip;]<\/p>\n","protected":false},"author":5,"featured_media":0,"parent":0,"menu_order":0,"comment_status":"closed","ping_status":"closed","template":"","meta":{"footnotes":""},"yoast_head":"<!-- This site is optimized with the Yoast SEO plugin v22.3 - https:\/\/yoast.com\/wordpress\/plugins\/seo\/ -->\n<title>Gi\u1edbi Thi\u1ec7u Kh\u00e1ch S\u1ea1n | Hoi An Historic Hotel g\u1ea7n Ph\u1ed1 C\u1ed5<\/title>\n<meta name=\"description\" content=\"T\u1eadn h\u01b0\u1edfng k\u1ef3 ngh\u1ec9 y\u00ean b\u00ecnh g\u1ea7n Ph\u1ed1 c\u1ed5 H\u1ed9i An v\u1edbi khu v\u01b0\u1eddn xanh m\u00e1t, d\u1ecbch v\u1ee5 t\u1eadn t\u00e2m v\u00e0 ph\u00f2ng ti\u00eau chu\u1ea9n qu\u1ed1c t\u1ebf t\u1ea1i Hoi An Historic Hotel.\" \/>\n<meta name=\"robots\" content=\"index, follow, max-snippet:-1, max-image-preview:large, max-video-preview:-1\" \/>\n<link rel=\"canonical\" href=\"https:\/\/www.hoianhistorichotel.com.vn\/vi\/\" \/>\n<meta property=\"og:locale\" content=\"vi_VN\" \/>\n<meta property=\"og:type\" content=\"article\" \/>\n<meta property=\"og:title\" content=\"Gi\u1edbi Thi\u1ec7u Kh\u00e1ch S\u1ea1n | Hoi An Historic Hotel g\u1ea7n Ph\u1ed1 C\u1ed5\" \/>\n<meta property=\"og:description\" content=\"T\u1eadn h\u01b0\u1edfng k\u1ef3 ngh\u1ec9 y\u00ean b\u00ecnh g\u1ea7n Ph\u1ed1 c\u1ed5 H\u1ed9i An v\u1edbi khu v\u01b0\u1eddn xanh m\u00e1t, d\u1ecbch v\u1ee5 t\u1eadn t\u00e2m v\u00e0 ph\u00f2ng ti\u00eau chu\u1ea9n qu\u1ed1c t\u1ebf t\u1ea1i Hoi An Historic Hotel.\" \/>\n<meta property=\"og:url\" content=\"https:\/\/www.hoianhistorichotel.com.vn\/vi\/\" \/>\n<meta property=\"og:site_name\" content=\"Hoi An Historic Hotel\" \/>\n<meta property=\"article:modified_time\" content=\"2026-02-24T05:43:10+00:00\" \/>\n<meta name=\"twitter:card\" content=\"summary_large_image\" \/>\n<meta name=\"twitter:label1\" content=\"Est. reading time\" \/>\n\t<meta name=\"twitter:data1\" content=\"1 minute\" \/>\n<script type=\"application\/ld+json\" class=\"yoast-schema-graph\">{\"@context\":\"https:\/\/schema.org\",\"@graph\":[{\"@type\":\"WebPage\",\"@id\":\"https:\/\/www.hoianhistorichotel.com.vn\/vi\/\",\"url\":\"https:\/\/www.hoianhistorichotel.com.vn\/vi\/\",\"name\":\"Gi\u1edbi Thi\u1ec7u Kh\u00e1ch S\u1ea1n | Hoi An Historic Hotel g\u1ea7n Ph\u1ed1 C\u1ed5\",\"isPartOf\":{\"@id\":\"https:\/\/www.hoianhistorichotel.com.vn\/vi\/#website\"},\"datePublished\":\"2026-01-07T02:49:20+00:00\",\"dateModified\":\"2026-02-24T05:43:10+00:00\",\"description\":\"T\u1eadn h\u01b0\u1edfng k\u1ef3 ngh\u1ec9 y\u00ean b\u00ecnh g\u1ea7n Ph\u1ed1 c\u1ed5 H\u1ed9i An v\u1edbi khu v\u01b0\u1eddn xanh m\u00e1t, d\u1ecbch v\u1ee5 t\u1eadn t\u00e2m v\u00e0 ph\u00f2ng ti\u00eau chu\u1ea9n qu\u1ed1c t\u1ebf t\u1ea1i Hoi An Historic Hotel.\",\"breadcrumb\":{\"@id\":\"https:\/\/www.hoianhistorichotel.com.vn\/vi\/#breadcrumb\"},\"inLanguage\":\"vi-VN\",\"potentialAction\":[{\"@type\":\"ReadAction\",\"target\":[\"https:\/\/www.hoianhistorichotel.com.vn\/vi\/\"]}]},{\"@type\":\"BreadcrumbList\",\"@id\":\"https:\/\/www.hoianhistorichotel.com.vn\/vi\/#breadcrumb\",\"itemListElement\":[{\"@type\":\"ListItem\",\"position\":1,\"name\":\"Home\",\"item\":\"https:\/\/www.hoianhistorichotel.com.vn\/vi\/\"},{\"@type\":\"ListItem\",\"position\":2,\"name\":\"Hoi An Historic Hotel\"}]},{\"@type\":\"WebSite\",\"@id\":\"https:\/\/www.hoianhistorichotel.com.vn\/vi\/#website\",\"url\":\"https:\/\/www.hoianhistorichotel.com.vn\/vi\/\",\"name\":\"Hoi An Historic Hotel\",\"description\":\"\",\"potentialAction\":[{\"@type\":\"SearchAction\",\"target\":{\"@type\":\"EntryPoint\",\"urlTemplate\":\"https:\/\/www.hoianhistorichotel.com.vn\/vi\/?s={search_term_string}\"},\"query-input\":\"required name=search_term_string\"}],\"inLanguage\":\"vi-VN\"}]}<\/script>\n<!-- \/ Yoast SEO plugin. -->","yoast_head_json":{"title":"Gi\u1edbi Thi\u1ec7u Kh\u00e1ch S\u1ea1n | Hoi An Historic Hotel g\u1ea7n Ph\u1ed1 C\u1ed5","description":"T\u1eadn h\u01b0\u1edfng k\u1ef3 ngh\u1ec9 y\u00ean b\u00ecnh g\u1ea7n Ph\u1ed1 c\u1ed5 H\u1ed9i An v\u1edbi khu v\u01b0\u1eddn xanh m\u00e1t, d\u1ecbch v\u1ee5 t\u1eadn t\u00e2m v\u00e0 ph\u00f2ng ti\u00eau chu\u1ea9n qu\u1ed1c t\u1ebf t\u1ea1i Hoi An Historic Hotel.","robots":{"index":"index","follow":"follow","max-snippet":"max-snippet:-1","max-image-preview":"max-image-preview:large","max-video-preview":"max-video-preview:-1"},"canonical":"https:\/\/www.hoianhistorichotel.com.vn\/vi\/","og_locale":"vi_VN","og_type":"article","og_title":"Gi\u1edbi Thi\u1ec7u Kh\u00e1ch S\u1ea1n | Hoi An Historic Hotel g\u1ea7n Ph\u1ed1 C\u1ed5","og_description":"T\u1eadn h\u01b0\u1edfng k\u1ef3 ngh\u1ec9 y\u00ean b\u00ecnh g\u1ea7n Ph\u1ed1 c\u1ed5 H\u1ed9i An v\u1edbi khu v\u01b0\u1eddn xanh m\u00e1t, d\u1ecbch v\u1ee5 t\u1eadn t\u00e2m v\u00e0 ph\u00f2ng ti\u00eau chu\u1ea9n qu\u1ed1c t\u1ebf t\u1ea1i Hoi An Historic Hotel.","og_url":"https:\/\/www.hoianhistorichotel.com.vn\/vi\/","og_site_name":"Hoi An Historic Hotel","article_modified_time":"2026-02-24T05:43:10+00:00","twitter_card":"summary_large_image","twitter_misc":{"Est. reading time":"1 minute"},"schema":{"@context":"https:\/\/schema.org","@graph":[{"@type":"WebPage","@id":"https:\/\/www.hoianhistorichotel.com.vn\/vi\/","url":"https:\/\/www.hoianhistorichotel.com.vn\/vi\/","name":"Gi\u1edbi Thi\u1ec7u Kh\u00e1ch S\u1ea1n | Hoi An Historic Hotel g\u1ea7n Ph\u1ed1 C\u1ed5","isPartOf":{"@id":"https:\/\/www.hoianhistorichotel.com.vn\/vi\/#website"},"datePublished":"2026-01-07T02:49:20+00:00","dateModified":"2026-02-24T05:43:10+00:00","description":"T\u1eadn h\u01b0\u1edfng k\u1ef3 ngh\u1ec9 y\u00ean b\u00ecnh g\u1ea7n Ph\u1ed1 c\u1ed5 H\u1ed9i An v\u1edbi khu v\u01b0\u1eddn xanh m\u00e1t, d\u1ecbch v\u1ee5 t\u1eadn t\u00e2m v\u00e0 ph\u00f2ng ti\u00eau chu\u1ea9n qu\u1ed1c t\u1ebf t\u1ea1i Hoi An Historic Hotel.","breadcrumb":{"@id":"https:\/\/www.hoianhistorichotel.com.vn\/vi\/#breadcrumb"},"inLanguage":"vi-VN","potentialAction":[{"@type":"ReadAction","target":["https:\/\/www.hoianhistorichotel.com.vn\/vi\/"]}]},{"@type":"BreadcrumbList","@id":"https:\/\/www.hoianhistorichotel.com.vn\/vi\/#breadcrumb","itemListElement":[{"@type":"ListItem","position":1,"name":"Home","item":"https:\/\/www.hoianhistorichotel.com.vn\/vi\/"},{"@type":"ListItem","position":2,"name":"Hoi An Historic Hotel"}]},{"@type":"WebSite","@id":"https:\/\/www.hoianhistorichotel.com.vn\/vi\/#website","url":"https:\/\/www.hoianhistorichotel.com.vn\/vi\/","name":"Hoi An Historic Hotel","description":"","potentialAction":[{"@type":"SearchAction","target":{"@type":"EntryPoint","urlTemplate":"https:\/\/www.hoianhistorichotel.com.vn\/vi\/?s={search_term_string}"},"query-input":"required name=search_term_string"}],"inLanguage":"vi-VN"}]}},"acf":[],"_links":{"self":[{"href":"https:\/\/www.hoianhistorichotel.com.vn\/vi\/wp-json\/wp\/v2\/pages\/222"}],"collection":[{"href":"https:\/\/www.hoianhistorichotel.com.vn\/vi\/wp-json\/wp\/v2\/pages"}],"about":[{"href":"https:\/\/www.hoianhistorichotel.com.vn\/vi\/wp-json\/wp\/v2\/types\/page"}],"author":[{"embeddable":true,"href":"https:\/\/www.hoianhistorichotel.com.vn\/vi\/wp-json\/wp\/v2\/users\/5"}],"replies":[{"embeddable":true,"href":"https:\/\/www.hoianhistorichotel.com.vn\/vi\/wp-json\/wp\/v2\/comments?post=222"}],"version-history":[{"count":0,"href":"https:\/\/www.hoianhistorichotel.com.vn\/vi\/wp-json\/wp\/v2\/pages\/222\/revisions"}],"wp:attachment":[{"href":"https:\/\/www.hoianhistorichotel.com.vn\/vi\/wp-json\/wp\/v2\/media?parent=222"}],"curies":[{"name":"wp","href":"https:\/\/api.w.org\/{rel}","templated":true}]}}