{"id":30,"date":"2026-01-07T06:45:15","date_gmt":"2026-01-07T06:45:15","guid":{"rendered":"https:\/\/hoian-historic-hotel.ms2.decms.asia\/rooms-suites\/"},"modified":"2026-01-19T03:56:14","modified_gmt":"2026-01-19T03:56:14","slug":"rooms-suites","status":"publish","type":"page","link":"https:\/\/www.hoianhistorichotel.com.vn\/vi\/rooms-suites\/","title":{"rendered":"Ph\u00f2ng Ngh\u1ec9 &#038; Suites"},"content":{"rendered":"<p>Kh\u00e1ch s\u1ea1n H\u1ed9i An Historic mang \u0111\u1ebfn nhi\u1ec1u l\u1ef1a ch\u1ecdn ph\u00f2ng ngh\u1ec9 \u1ea5m c\u00fang v\u00e0 suite r\u1ed9ng r\u00e3i, \u0111\u01b0\u1ee3c thi\u1ebft k\u1ebf ph\u00f9 h\u1ee3p v\u1edbi m\u1ecdi phong c\u00e1ch l\u01b0u tr\u00fa. M\u1ed7i kh\u00f4ng gian \u0111\u1ec1u pha tr\u1ed9n phong c\u00e1ch trang tr\u00ed l\u1ea5y c\u1ea3m h\u1ee9ng t\u1eeb di s\u1ea3n v\u1edbi ti\u1ec7n nghi hi\u1ec7n \u0111\u1ea1i, t\u1ea1o n\u00ean m\u1ed9t b\u1ea7u kh\u00f4ng kh\u00ed v\u1eeba \u1ea5m c\u00fang v\u1eeba v\u01b0\u1ee3t th\u1eddi gian. \u0110\u01b0\u1ee3c thi\u1ebft k\u1ebf d\u00e0nh cho nh\u1eefng du kh\u00e1ch y\u00eau th\u00edch v\u0103n h\u00f3a v\u00e0 s\u1ef1 y\u00ean t\u0129nh, c\u00e1c ph\u00f2ng ngh\u1ec9 t\u1ea1i \u0111\u00e2y cung c\u1ea5p c\u00e1c ti\u1ec7n nghi thi\u1ebft y\u1ebfu, b\u00e0i tr\u00ed h\u1ea5p d\u1eabn v\u00e0 kh\u00f4ng gian y\u00ean b\u00ecnh, l\u00fd t\u01b0\u1edfng \u0111\u1ec3 th\u01b0 gi\u00e3n sau m\u1ed9t ng\u00e0y kh\u00e1m ph\u00e1 Ph\u1ed1 C\u1ed5.<\/p>\n","protected":false},"excerpt":{"rendered":"<p>Kh\u00e1ch s\u1ea1n H\u1ed9i An Historic mang \u0111\u1ebfn nhi\u1ec1u l\u1ef1a ch\u1ecdn ph\u00f2ng ngh\u1ec9 \u1ea5m c\u00fang v\u00e0 suite r\u1ed9ng r\u00e3i, \u0111\u01b0\u1ee3c thi\u1ebft k\u1ebf ph\u00f9 h\u1ee3p v\u1edbi m\u1ecdi phong c\u00e1ch l\u01b0u tr\u00fa. M\u1ed7i kh\u00f4ng gian \u0111\u1ec1u pha tr\u1ed9n phong c\u00e1ch trang tr\u00ed l\u1ea5y c\u1ea3m h\u1ee9ng t\u1eeb di s\u1ea3n v\u1edbi ti\u1ec7n nghi hi\u1ec7n \u0111\u1ea1i, t\u1ea1o n\u00ean m\u1ed9t b\u1ea7u kh\u00f4ng [&hellip;]<\/p>\n","protected":false},"author":5,"featured_media":0,"parent":0,"menu_order":0,"comment_status":"closed","ping_status":"closed","template":"template-rooms.php","meta":{"footnotes":""},"yoast_head":"<!-- This site is optimized with the Yoast SEO plugin v22.3 - https:\/\/yoast.com\/wordpress\/plugins\/seo\/ -->\n<title>Ph\u00f2ng Ngh\u1ec9 Kh\u00e1ch S\u1ea1n H\u1ed9i An | Hoi An Historic Hotel<\/title>\n<meta name=\"description\" content=\"Kh\u00e1m ph\u00e1 ph\u00f2ng ngh\u1ec9 kh\u00e1ch s\u1ea1n H\u1ed9i An v\u1edbi thi\u1ebft k\u1ebf ho\u00e0i c\u1ed5 v\u00e0 ti\u1ec7n nghi hi\u1ec7n \u0111\u1ea1i, kh\u00f4ng gian y\u00ean b\u00ecnh, l\u00fd t\u01b0\u1edfng cho du kh\u00e1ch t\u00ecm ch\u1ed7 \u1edf h\u00e0ng \u0111\u1ea7u t\u1ea1i H\u1ed9i An.\" \/>\n<meta name=\"robots\" content=\"index, follow, max-snippet:-1, max-image-preview:large, max-video-preview:-1\" \/>\n<link rel=\"canonical\" href=\"https:\/\/www.hoianhistorichotel.com.vn\/vi\/rooms-suites\/\" \/>\n<meta property=\"og:locale\" content=\"vi_VN\" \/>\n<meta property=\"og:type\" content=\"article\" \/>\n<meta property=\"og:title\" content=\"Ph\u00f2ng Ngh\u1ec9 Kh\u00e1ch S\u1ea1n H\u1ed9i An | Hoi An Historic Hotel\" \/>\n<meta property=\"og:description\" content=\"Kh\u00e1m ph\u00e1 ph\u00f2ng ngh\u1ec9 kh\u00e1ch s\u1ea1n H\u1ed9i An v\u1edbi thi\u1ebft k\u1ebf ho\u00e0i c\u1ed5 v\u00e0 ti\u1ec7n nghi hi\u1ec7n \u0111\u1ea1i, kh\u00f4ng gian y\u00ean b\u00ecnh, l\u00fd t\u01b0\u1edfng cho du kh\u00e1ch t\u00ecm ch\u1ed7 \u1edf h\u00e0ng \u0111\u1ea7u t\u1ea1i H\u1ed9i An.\" \/>\n<meta property=\"og:url\" content=\"https:\/\/www.hoianhistorichotel.com.vn\/vi\/rooms-suites\/\" \/>\n<meta property=\"og:site_name\" content=\"Hoi An Historic Hotel\" \/>\n<meta property=\"article:modified_time\" content=\"2026-01-19T03:56:14+00:00\" \/>\n<meta name=\"twitter:card\" content=\"summary_large_image\" \/>\n<meta name=\"twitter:label1\" content=\"Est. reading time\" \/>\n\t<meta name=\"twitter:data1\" content=\"1 minute\" \/>\n<script type=\"application\/ld+json\" class=\"yoast-schema-graph\">{\"@context\":\"https:\/\/schema.org\",\"@graph\":[{\"@type\":\"WebPage\",\"@id\":\"https:\/\/www.hoianhistorichotel.com.vn\/vi\/rooms-suites\/\",\"url\":\"https:\/\/www.hoianhistorichotel.com.vn\/vi\/rooms-suites\/\",\"name\":\"Ph\u00f2ng Ngh\u1ec9 Kh\u00e1ch S\u1ea1n H\u1ed9i An | Hoi An Historic Hotel\",\"isPartOf\":{\"@id\":\"https:\/\/www.hoianhistorichotel.com.vn\/vi\/#website\"},\"datePublished\":\"2026-01-07T06:45:15+00:00\",\"dateModified\":\"2026-01-19T03:56:14+00:00\",\"description\":\"Kh\u00e1m ph\u00e1 ph\u00f2ng ngh\u1ec9 kh\u00e1ch s\u1ea1n H\u1ed9i An v\u1edbi thi\u1ebft k\u1ebf ho\u00e0i c\u1ed5 v\u00e0 ti\u1ec7n nghi hi\u1ec7n \u0111\u1ea1i, kh\u00f4ng gian y\u00ean b\u00ecnh, l\u00fd t\u01b0\u1edfng cho du kh\u00e1ch t\u00ecm ch\u1ed7 \u1edf h\u00e0ng \u0111\u1ea7u t\u1ea1i H\u1ed9i An.\",\"breadcrumb\":{\"@id\":\"https:\/\/www.hoianhistorichotel.com.vn\/vi\/rooms-suites\/#breadcrumb\"},\"inLanguage\":\"vi-VN\",\"potentialAction\":[{\"@type\":\"ReadAction\",\"target\":[\"https:\/\/www.hoianhistorichotel.com.vn\/vi\/rooms-suites\/\"]}]},{\"@type\":\"BreadcrumbList\",\"@id\":\"https:\/\/www.hoianhistorichotel.com.vn\/vi\/rooms-suites\/#breadcrumb\",\"itemListElement\":[{\"@type\":\"ListItem\",\"position\":1,\"name\":\"Home\",\"item\":\"https:\/\/www.hoianhistorichotel.com.vn\/vi\/\"},{\"@type\":\"ListItem\",\"position\":2,\"name\":\"Ph\u00f2ng Ngh\u1ec9 &#038; Suites\"}]},{\"@type\":\"WebSite\",\"@id\":\"https:\/\/www.hoianhistorichotel.com.vn\/vi\/#website\",\"url\":\"https:\/\/www.hoianhistorichotel.com.vn\/vi\/\",\"name\":\"Hoi An Historic Hotel\",\"description\":\"\",\"potentialAction\":[{\"@type\":\"SearchAction\",\"target\":{\"@type\":\"EntryPoint\",\"urlTemplate\":\"https:\/\/www.hoianhistorichotel.com.vn\/vi\/?s={search_term_string}\"},\"query-input\":\"required name=search_term_string\"}],\"inLanguage\":\"vi-VN\"}]}<\/script>\n<!-- \/ Yoast SEO plugin. -->","yoast_head_json":{"title":"Ph\u00f2ng Ngh\u1ec9 Kh\u00e1ch S\u1ea1n H\u1ed9i An | Hoi An Historic Hotel","description":"Kh\u00e1m ph\u00e1 ph\u00f2ng ngh\u1ec9 kh\u00e1ch s\u1ea1n H\u1ed9i An v\u1edbi thi\u1ebft k\u1ebf ho\u00e0i c\u1ed5 v\u00e0 ti\u1ec7n nghi hi\u1ec7n \u0111\u1ea1i, kh\u00f4ng gian y\u00ean b\u00ecnh, l\u00fd t\u01b0\u1edfng cho du kh\u00e1ch t\u00ecm ch\u1ed7 \u1edf h\u00e0ng \u0111\u1ea7u t\u1ea1i H\u1ed9i An.","robots":{"index":"index","follow":"follow","max-snippet":"max-snippet:-1","max-image-preview":"max-image-preview:large","max-video-preview":"max-video-preview:-1"},"canonical":"https:\/\/www.hoianhistorichotel.com.vn\/vi\/rooms-suites\/","og_locale":"vi_VN","og_type":"article","og_title":"Ph\u00f2ng Ngh\u1ec9 Kh\u00e1ch S\u1ea1n H\u1ed9i An | Hoi An Historic Hotel","og_description":"Kh\u00e1m ph\u00e1 ph\u00f2ng ngh\u1ec9 kh\u00e1ch s\u1ea1n H\u1ed9i An v\u1edbi thi\u1ebft k\u1ebf ho\u00e0i c\u1ed5 v\u00e0 ti\u1ec7n nghi hi\u1ec7n \u0111\u1ea1i, kh\u00f4ng gian y\u00ean b\u00ecnh, l\u00fd t\u01b0\u1edfng cho du kh\u00e1ch t\u00ecm ch\u1ed7 \u1edf h\u00e0ng \u0111\u1ea7u t\u1ea1i H\u1ed9i An.","og_url":"https:\/\/www.hoianhistorichotel.com.vn\/vi\/rooms-suites\/","og_site_name":"Hoi An Historic Hotel","article_modified_time":"2026-01-19T03:56:14+00:00","twitter_card":"summary_large_image","twitter_misc":{"Est. reading time":"1 minute"},"schema":{"@context":"https:\/\/schema.org","@graph":[{"@type":"WebPage","@id":"https:\/\/www.hoianhistorichotel.com.vn\/vi\/rooms-suites\/","url":"https:\/\/www.hoianhistorichotel.com.vn\/vi\/rooms-suites\/","name":"Ph\u00f2ng Ngh\u1ec9 Kh\u00e1ch S\u1ea1n H\u1ed9i An | Hoi An Historic Hotel","isPartOf":{"@id":"https:\/\/www.hoianhistorichotel.com.vn\/vi\/#website"},"datePublished":"2026-01-07T06:45:15+00:00","dateModified":"2026-01-19T03:56:14+00:00","description":"Kh\u00e1m ph\u00e1 ph\u00f2ng ngh\u1ec9 kh\u00e1ch s\u1ea1n H\u1ed9i An v\u1edbi thi\u1ebft k\u1ebf ho\u00e0i c\u1ed5 v\u00e0 ti\u1ec7n nghi hi\u1ec7n \u0111\u1ea1i, kh\u00f4ng gian y\u00ean b\u00ecnh, l\u00fd t\u01b0\u1edfng cho du kh\u00e1ch t\u00ecm ch\u1ed7 \u1edf h\u00e0ng \u0111\u1ea7u t\u1ea1i H\u1ed9i An.","breadcrumb":{"@id":"https:\/\/www.hoianhistorichotel.com.vn\/vi\/rooms-suites\/#breadcrumb"},"inLanguage":"vi-VN","potentialAction":[{"@type":"ReadAction","target":["https:\/\/www.hoianhistorichotel.com.vn\/vi\/rooms-suites\/"]}]},{"@type":"BreadcrumbList","@id":"https:\/\/www.hoianhistorichotel.com.vn\/vi\/rooms-suites\/#breadcrumb","itemListElement":[{"@type":"ListItem","position":1,"name":"Home","item":"https:\/\/www.hoianhistorichotel.com.vn\/vi\/"},{"@type":"ListItem","position":2,"name":"Ph\u00f2ng Ngh\u1ec9 &#038; Suites"}]},{"@type":"WebSite","@id":"https:\/\/www.hoianhistorichotel.com.vn\/vi\/#website","url":"https:\/\/www.hoianhistorichotel.com.vn\/vi\/","name":"Hoi An Historic Hotel","description":"","potentialAction":[{"@type":"SearchAction","target":{"@type":"EntryPoint","urlTemplate":"https:\/\/www.hoianhistorichotel.com.vn\/vi\/?s={search_term_string}"},"query-input":"required name=search_term_string"}],"inLanguage":"vi-VN"}]}},"acf":[],"_links":{"self":[{"href":"https:\/\/www.hoianhistorichotel.com.vn\/vi\/wp-json\/wp\/v2\/pages\/30"}],"collection":[{"href":"https:\/\/www.hoianhistorichotel.com.vn\/vi\/wp-json\/wp\/v2\/pages"}],"about":[{"href":"https:\/\/www.hoianhistorichotel.com.vn\/vi\/wp-json\/wp\/v2\/types\/page"}],"author":[{"embeddable":true,"href":"https:\/\/www.hoianhistorichotel.com.vn\/vi\/wp-json\/wp\/v2\/users\/5"}],"replies":[{"embeddable":true,"href":"https:\/\/www.hoianhistorichotel.com.vn\/vi\/wp-json\/wp\/v2\/comments?post=30"}],"version-history":[{"count":0,"href":"https:\/\/www.hoianhistorichotel.com.vn\/vi\/wp-json\/wp\/v2\/pages\/30\/revisions"}],"wp:attachment":[{"href":"https:\/\/www.hoianhistorichotel.com.vn\/vi\/wp-json\/wp\/v2\/media?parent=30"}],"curies":[{"name":"wp","href":"https:\/\/api.w.org\/{rel}","templated":true}]}}