{"id":406,"date":"2026-03-21T14:08:48","date_gmt":"2026-03-21T14:08:48","guid":{"rendered":"https:\/\/www.hoianhistorichotel.com.vn\/?page_id=406"},"modified":"2026-04-10T04:25:16","modified_gmt":"2026-04-10T04:25:16","slug":"du-lich-ben-vung","status":"publish","type":"page","link":"https:\/\/www.hoianhistorichotel.com.vn\/vi\/home\/du-lich-ben-vung\/","title":{"rendered":"DU L\u1ecaCH B\u1ec0N V\u1eeeNG"},"content":{"rendered":"<p><span style=\"font-weight: 400\">T\u1ea1i Hoi An Historic Hotel, ch\u00fang t\u00f4i tin r\u1eb1ng s\u1ef1 sang tr\u1ecdng \u0111\u00edch th\u1ef1c lu\u00f4n song h\u00e0nh c\u00f9ng tr\u00e1ch nhi\u1ec7m v\u1edbi m\u00f4i tr\u01b0\u1eddng v\u00e0 x\u00e3 h\u1ed9i. \u1ea8n m\u00ecnh gi\u1eefa l\u00f2ng ph\u1ed1 c\u1ed5, cam k\u1ebft v\u1ec1 du l\u1ecbch b\u1ec1n v\u1eefng c\u1ee7a ch\u00fang t\u00f4i \u0111\u1ea3m b\u1ea3o v\u1ebb \u0111\u1eb9p v\u01b0\u1ee3t th\u1eddi gian v\u00e0 di s\u1ea3n phong ph\u00fa c\u1ee7a H\u1ed9i An \u0111\u01b0\u1ee3c g\u00ecn gi\u1eef tr\u1ecdn v\u1eb9n cho c\u00e1c th\u1ebf h\u1ec7 t\u01b0\u01a1ng lai. Kh\u00e1ch s\u1ea1n t\u00edch h\u1ee3p c\u00e1c th\u1ef1c h\u00e0nh th\u00e2n thi\u1ec7n v\u1edbi m\u00f4i tr\u01b0\u1eddng v\u00e0o m\u1ecdi kh\u00eda c\u1ea1nh v\u1eadn h\u00e0nh, t\u1eeb vi\u1ec7c gi\u1ea3m thi\u1ec3u r\u00e1c th\u1ea3i nh\u1ef1a, ch\u0103m s\u00f3c kh\u00f4ng gian xanh m\u00e1t, \u0111\u1ebfn vi\u1ec7c b\u1ea3o v\u1ec7 c\u1ed9ng \u0111\u1ed3ng v\u00e0 \u0111\u1ed9ng v\u1eadt hoang d\u00e3 \u0111\u1ecba ph\u01b0\u01a1ng. H\u00e3y \u0111\u1ed3ng h\u00e0nh c\u00f9ng ch\u00fang t\u00f4i tr\u00ean h\u00e0nh tr\u00ecnh h\u01b0\u1edbng t\u1edbi tr\u1ea3i nghi\u1ec7m du l\u1ecbch b\u1ec1n v\u1eefng v\u00e0 ch\u00e1nh ni\u1ec7m h\u01a1n, n\u01a1i k\u1ef3 ngh\u1ec9 tuy\u1ec7t v\u1eddi c\u1ee7a b\u1ea1n c\u0169ng g\u00f3p ph\u1ea7n t\u1ea1o n\u00ean m\u1ed9t h\u00e0nh tinh kh\u1ecfe m\u1ea1nh.<\/span><\/p>\n","protected":false},"excerpt":{"rendered":"<p>T\u1ea1i Hoi An Historic Hotel, ch\u00fang t\u00f4i tin r\u1eb1ng s\u1ef1 sang tr\u1ecdng \u0111\u00edch th\u1ef1c lu\u00f4n song h\u00e0nh c\u00f9ng tr\u00e1ch nhi\u1ec7m v\u1edbi m\u00f4i tr\u01b0\u1eddng v\u00e0 x\u00e3 h\u1ed9i. \u1ea8n m\u00ecnh gi\u1eefa l\u00f2ng ph\u1ed1 c\u1ed5, cam k\u1ebft v\u1ec1 du l\u1ecbch b\u1ec1n v\u1eefng c\u1ee7a ch\u00fang t\u00f4i \u0111\u1ea3m b\u1ea3o v\u1ebb \u0111\u1eb9p v\u01b0\u1ee3t th\u1eddi gian v\u00e0 di s\u1ea3n phong ph\u00fa c\u1ee7a [&hellip;]<\/p>\n","protected":false},"author":263,"featured_media":380,"parent":222,"menu_order":0,"comment_status":"closed","ping_status":"closed","template":"template-spa.php","meta":{"footnotes":""},"yoast_head":"<!-- This site is optimized with the Yoast SEO plugin v22.3 - https:\/\/yoast.com\/wordpress\/plugins\/seo\/ -->\n<title>Du L\u1ecbch B\u1ec1n V\u1eefng | | Hoi An Historic Hotel<\/title>\n<meta name=\"description\" content=\"Kh\u00e1m ph\u00e1 cam k\u1ebft du l\u1ecbch b\u1ec1n v\u1eefng t\u1ea1i Hoi An Historic Hotel: gi\u1ea3m r\u00e1c th\u1ea3i nh\u1ef1a, b\u1ea3o v\u1ec7 m\u00f4i tr\u01b0\u1eddng v\u00e0 c\u1ed9ng \u0111\u1ed3ng. T\u1eadn h\u01b0\u1edfng k\u1ef3 ngh\u1ec9 xanh tr\u1ecdn v\u1eb9n.\" \/>\n<meta name=\"robots\" content=\"index, follow, max-snippet:-1, max-image-preview:large, max-video-preview:-1\" \/>\n<link rel=\"canonical\" href=\"https:\/\/www.hoianhistorichotel.com.vn\/vi\/home\/du-lich-ben-vung\/\" \/>\n<meta property=\"og:locale\" content=\"vi_VN\" \/>\n<meta property=\"og:type\" content=\"article\" \/>\n<meta property=\"og:title\" content=\"Du L\u1ecbch B\u1ec1n V\u1eefng | | Hoi An Historic Hotel\" \/>\n<meta property=\"og:description\" content=\"Kh\u00e1m ph\u00e1 cam k\u1ebft du l\u1ecbch b\u1ec1n v\u1eefng t\u1ea1i Hoi An Historic Hotel: gi\u1ea3m r\u00e1c th\u1ea3i nh\u1ef1a, b\u1ea3o v\u1ec7 m\u00f4i tr\u01b0\u1eddng v\u00e0 c\u1ed9ng \u0111\u1ed3ng. T\u1eadn h\u01b0\u1edfng k\u1ef3 ngh\u1ec9 xanh tr\u1ecdn v\u1eb9n.\" \/>\n<meta property=\"og:url\" content=\"https:\/\/www.hoianhistorichotel.com.vn\/vi\/home\/du-lich-ben-vung\/\" \/>\n<meta property=\"og:site_name\" content=\"Hoi An Historic Hotel\" \/>\n<meta property=\"article:modified_time\" content=\"2026-04-10T04:25:16+00:00\" \/>\n<meta property=\"og:image\" content=\"https:\/\/www.hoianhistorichotel.com.vn\/wp-content\/uploads\/sites\/148\/2026\/03\/sustainability-3.jpg\" \/>\n\t<meta property=\"og:image:width\" content=\"2200\" \/>\n\t<meta property=\"og:image:height\" content=\"1467\" \/>\n\t<meta property=\"og:image:type\" content=\"image\/jpeg\" \/>\n<meta name=\"twitter:card\" content=\"summary_large_image\" \/>\n<meta name=\"twitter:label1\" content=\"Est. reading time\" \/>\n\t<meta name=\"twitter:data1\" content=\"1 minute\" \/>\n<script type=\"application\/ld+json\" class=\"yoast-schema-graph\">{\"@context\":\"https:\/\/schema.org\",\"@graph\":[{\"@type\":\"WebPage\",\"@id\":\"https:\/\/www.hoianhistorichotel.com.vn\/vi\/home\/du-lich-ben-vung\/\",\"url\":\"https:\/\/www.hoianhistorichotel.com.vn\/vi\/home\/du-lich-ben-vung\/\",\"name\":\"Du L\u1ecbch B\u1ec1n V\u1eefng | | Hoi An Historic Hotel\",\"isPartOf\":{\"@id\":\"https:\/\/www.hoianhistorichotel.com.vn\/vi\/#website\"},\"primaryImageOfPage\":{\"@id\":\"https:\/\/www.hoianhistorichotel.com.vn\/vi\/home\/du-lich-ben-vung\/#primaryimage\"},\"image\":{\"@id\":\"https:\/\/www.hoianhistorichotel.com.vn\/vi\/home\/du-lich-ben-vung\/#primaryimage\"},\"thumbnailUrl\":\"https:\/\/www.hoianhistorichotel.com.vn\/wp-content\/uploads\/sites\/148\/2026\/03\/sustainability-3.jpg\",\"datePublished\":\"2026-03-21T14:08:48+00:00\",\"dateModified\":\"2026-04-10T04:25:16+00:00\",\"description\":\"Kh\u00e1m ph\u00e1 cam k\u1ebft du l\u1ecbch b\u1ec1n v\u1eefng t\u1ea1i Hoi An Historic Hotel: gi\u1ea3m r\u00e1c th\u1ea3i nh\u1ef1a, b\u1ea3o v\u1ec7 m\u00f4i tr\u01b0\u1eddng v\u00e0 c\u1ed9ng \u0111\u1ed3ng. T\u1eadn h\u01b0\u1edfng k\u1ef3 ngh\u1ec9 xanh tr\u1ecdn v\u1eb9n.\",\"breadcrumb\":{\"@id\":\"https:\/\/www.hoianhistorichotel.com.vn\/vi\/home\/du-lich-ben-vung\/#breadcrumb\"},\"inLanguage\":\"vi-VN\",\"potentialAction\":[{\"@type\":\"ReadAction\",\"target\":[\"https:\/\/www.hoianhistorichotel.com.vn\/vi\/home\/du-lich-ben-vung\/\"]}]},{\"@type\":\"ImageObject\",\"inLanguage\":\"vi-VN\",\"@id\":\"https:\/\/www.hoianhistorichotel.com.vn\/vi\/home\/du-lich-ben-vung\/#primaryimage\",\"url\":\"https:\/\/www.hoianhistorichotel.com.vn\/wp-content\/uploads\/sites\/148\/2026\/03\/sustainability-3.jpg\",\"contentUrl\":\"https:\/\/www.hoianhistorichotel.com.vn\/wp-content\/uploads\/sites\/148\/2026\/03\/sustainability-3.jpg\",\"width\":2200,\"height\":1467},{\"@type\":\"BreadcrumbList\",\"@id\":\"https:\/\/www.hoianhistorichotel.com.vn\/vi\/home\/du-lich-ben-vung\/#breadcrumb\",\"itemListElement\":[{\"@type\":\"ListItem\",\"position\":1,\"name\":\"Home\",\"item\":\"https:\/\/www.hoianhistorichotel.com.vn\/vi\/\"},{\"@type\":\"ListItem\",\"position\":2,\"name\":\"Hoi An Historic Hotel\",\"item\":\"https:\/\/www.hoianhistorichotel.com.vn\/vi\/\"},{\"@type\":\"ListItem\",\"position\":3,\"name\":\"DU L\u1ecaCH B\u1ec0N V\u1eeeNG\"}]},{\"@type\":\"WebSite\",\"@id\":\"https:\/\/www.hoianhistorichotel.com.vn\/vi\/#website\",\"url\":\"https:\/\/www.hoianhistorichotel.com.vn\/vi\/\",\"name\":\"Hoi An Historic Hotel\",\"description\":\"\",\"potentialAction\":[{\"@type\":\"SearchAction\",\"target\":{\"@type\":\"EntryPoint\",\"urlTemplate\":\"https:\/\/www.hoianhistorichotel.com.vn\/vi\/?s={search_term_string}\"},\"query-input\":\"required name=search_term_string\"}],\"inLanguage\":\"vi-VN\"}]}<\/script>\n<!-- \/ Yoast SEO plugin. -->","yoast_head_json":{"title":"Du L\u1ecbch B\u1ec1n V\u1eefng | | Hoi An Historic Hotel","description":"Kh\u00e1m ph\u00e1 cam k\u1ebft du l\u1ecbch b\u1ec1n v\u1eefng t\u1ea1i Hoi An Historic Hotel: gi\u1ea3m r\u00e1c th\u1ea3i nh\u1ef1a, b\u1ea3o v\u1ec7 m\u00f4i tr\u01b0\u1eddng v\u00e0 c\u1ed9ng \u0111\u1ed3ng. T\u1eadn h\u01b0\u1edfng k\u1ef3 ngh\u1ec9 xanh tr\u1ecdn v\u1eb9n.","robots":{"index":"index","follow":"follow","max-snippet":"max-snippet:-1","max-image-preview":"max-image-preview:large","max-video-preview":"max-video-preview:-1"},"canonical":"https:\/\/www.hoianhistorichotel.com.vn\/vi\/home\/du-lich-ben-vung\/","og_locale":"vi_VN","og_type":"article","og_title":"Du L\u1ecbch B\u1ec1n V\u1eefng | | Hoi An Historic Hotel","og_description":"Kh\u00e1m ph\u00e1 cam k\u1ebft du l\u1ecbch b\u1ec1n v\u1eefng t\u1ea1i Hoi An Historic Hotel: gi\u1ea3m r\u00e1c th\u1ea3i nh\u1ef1a, b\u1ea3o v\u1ec7 m\u00f4i tr\u01b0\u1eddng v\u00e0 c\u1ed9ng \u0111\u1ed3ng. T\u1eadn h\u01b0\u1edfng k\u1ef3 ngh\u1ec9 xanh tr\u1ecdn v\u1eb9n.","og_url":"https:\/\/www.hoianhistorichotel.com.vn\/vi\/home\/du-lich-ben-vung\/","og_site_name":"Hoi An Historic Hotel","article_modified_time":"2026-04-10T04:25:16+00:00","og_image":[{"width":2200,"height":1467,"url":"https:\/\/www.hoianhistorichotel.com.vn\/wp-content\/uploads\/sites\/148\/2026\/03\/sustainability-3.jpg","type":"image\/jpeg"}],"twitter_card":"summary_large_image","twitter_misc":{"Est. reading time":"1 minute"},"schema":{"@context":"https:\/\/schema.org","@graph":[{"@type":"WebPage","@id":"https:\/\/www.hoianhistorichotel.com.vn\/vi\/home\/du-lich-ben-vung\/","url":"https:\/\/www.hoianhistorichotel.com.vn\/vi\/home\/du-lich-ben-vung\/","name":"Du L\u1ecbch B\u1ec1n V\u1eefng | | Hoi An Historic Hotel","isPartOf":{"@id":"https:\/\/www.hoianhistorichotel.com.vn\/vi\/#website"},"primaryImageOfPage":{"@id":"https:\/\/www.hoianhistorichotel.com.vn\/vi\/home\/du-lich-ben-vung\/#primaryimage"},"image":{"@id":"https:\/\/www.hoianhistorichotel.com.vn\/vi\/home\/du-lich-ben-vung\/#primaryimage"},"thumbnailUrl":"https:\/\/www.hoianhistorichotel.com.vn\/wp-content\/uploads\/sites\/148\/2026\/03\/sustainability-3.jpg","datePublished":"2026-03-21T14:08:48+00:00","dateModified":"2026-04-10T04:25:16+00:00","description":"Kh\u00e1m ph\u00e1 cam k\u1ebft du l\u1ecbch b\u1ec1n v\u1eefng t\u1ea1i Hoi An Historic Hotel: gi\u1ea3m r\u00e1c th\u1ea3i nh\u1ef1a, b\u1ea3o v\u1ec7 m\u00f4i tr\u01b0\u1eddng v\u00e0 c\u1ed9ng \u0111\u1ed3ng. T\u1eadn h\u01b0\u1edfng k\u1ef3 ngh\u1ec9 xanh tr\u1ecdn v\u1eb9n.","breadcrumb":{"@id":"https:\/\/www.hoianhistorichotel.com.vn\/vi\/home\/du-lich-ben-vung\/#breadcrumb"},"inLanguage":"vi-VN","potentialAction":[{"@type":"ReadAction","target":["https:\/\/www.hoianhistorichotel.com.vn\/vi\/home\/du-lich-ben-vung\/"]}]},{"@type":"ImageObject","inLanguage":"vi-VN","@id":"https:\/\/www.hoianhistorichotel.com.vn\/vi\/home\/du-lich-ben-vung\/#primaryimage","url":"https:\/\/www.hoianhistorichotel.com.vn\/wp-content\/uploads\/sites\/148\/2026\/03\/sustainability-3.jpg","contentUrl":"https:\/\/www.hoianhistorichotel.com.vn\/wp-content\/uploads\/sites\/148\/2026\/03\/sustainability-3.jpg","width":2200,"height":1467},{"@type":"BreadcrumbList","@id":"https:\/\/www.hoianhistorichotel.com.vn\/vi\/home\/du-lich-ben-vung\/#breadcrumb","itemListElement":[{"@type":"ListItem","position":1,"name":"Home","item":"https:\/\/www.hoianhistorichotel.com.vn\/vi\/"},{"@type":"ListItem","position":2,"name":"Hoi An Historic Hotel","item":"https:\/\/www.hoianhistorichotel.com.vn\/vi\/"},{"@type":"ListItem","position":3,"name":"DU L\u1ecaCH B\u1ec0N V\u1eeeNG"}]},{"@type":"WebSite","@id":"https:\/\/www.hoianhistorichotel.com.vn\/vi\/#website","url":"https:\/\/www.hoianhistorichotel.com.vn\/vi\/","name":"Hoi An Historic Hotel","description":"","potentialAction":[{"@type":"SearchAction","target":{"@type":"EntryPoint","urlTemplate":"https:\/\/www.hoianhistorichotel.com.vn\/vi\/?s={search_term_string}"},"query-input":"required name=search_term_string"}],"inLanguage":"vi-VN"}]}},"acf":[],"_links":{"self":[{"href":"https:\/\/www.hoianhistorichotel.com.vn\/vi\/wp-json\/wp\/v2\/pages\/406"}],"collection":[{"href":"https:\/\/www.hoianhistorichotel.com.vn\/vi\/wp-json\/wp\/v2\/pages"}],"about":[{"href":"https:\/\/www.hoianhistorichotel.com.vn\/vi\/wp-json\/wp\/v2\/types\/page"}],"author":[{"embeddable":true,"href":"https:\/\/www.hoianhistorichotel.com.vn\/vi\/wp-json\/wp\/v2\/users\/263"}],"replies":[{"embeddable":true,"href":"https:\/\/www.hoianhistorichotel.com.vn\/vi\/wp-json\/wp\/v2\/comments?post=406"}],"version-history":[{"count":0,"href":"https:\/\/www.hoianhistorichotel.com.vn\/vi\/wp-json\/wp\/v2\/pages\/406\/revisions"}],"up":[{"embeddable":true,"href":"https:\/\/www.hoianhistorichotel.com.vn\/vi\/wp-json\/wp\/v2\/pages\/222"}],"wp:featuredmedia":[{"embeddable":true,"href":"https:\/\/www.hoianhistorichotel.com.vn\/vi\/wp-json\/wp\/v2\/media\/380"}],"wp:attachment":[{"href":"https:\/\/www.hoianhistorichotel.com.vn\/vi\/wp-json\/wp\/v2\/media?parent=406"}],"curies":[{"name":"wp","href":"https:\/\/api.w.org\/{rel}","templated":true}]}}