{"id":48,"date":"2026-01-07T06:45:57","date_gmt":"2026-01-07T06:45:57","guid":{"rendered":"https:\/\/hoian-historic-hotel.ms2.decms.asia\/rooms-suites\/classic-room\/"},"modified":"2026-01-19T05:19:55","modified_gmt":"2026-01-19T05:19:55","slug":"classic-room","status":"publish","type":"page","link":"https:\/\/www.hoianhistorichotel.com.vn\/vi\/rooms-suites\/classic-room\/","title":{"rendered":"Ph\u00f2ng Classic"},"content":{"rendered":"<p>Ph\u00f2ng Classic l\u00e0 s\u1ef1 h\u00f2a quy\u1ec7n tinh t\u1ebf gi\u1eefa n\u00e9t duy\u00ean d\u00e1ng c\u1ed5 \u0111i\u1ec3n v\u00e0 ti\u1ec7n nghi ngh\u1ec9 d\u01b0\u1ee1ng tinh t\u1ebf, n\u1ed5i b\u1eadt v\u1edbi \u0111\u1ed3 n\u1ed9i th\u1ea5t g\u1ed7 s\u1eabm m\u00e0u c\u00f9ng b\u1ea3ng m\u00e0u s\u1eafc nh\u1eb9 nh\u00e0ng, \u00eam d\u1ecbu. C\u1eeda s\u1ed5 v\u1edbi t\u1ea7m nh\u00ecn ra quang c\u1ea3nh th\u00e0nh ph\u1ed1 mang \u00e1nh s\u00e1ng t\u1ef1 nhi\u00ean tr\u00e0n v\u00e0o kh\u00f4ng gian, t\u1ea1o n\u00ean m\u1ed9t b\u1ea7u kh\u00f4ng kh\u00ed m\u1eddi g\u1ecdi, l\u00fd t\u01b0\u1edfng \u0111\u1ec3 th\u01b0 gi\u00e3n. Kh\u00e1ch l\u01b0u tr\u00fa c\u00f3 th\u1ec3 t\u1eadn h\u01b0\u1edfng nh\u1eefng ti\u1ec7n \u00edch sang tr\u1ecdng, bao g\u1ed3m ph\u00f2ng t\u1eafm r\u1ed9ng r\u00e3i v\u1edbi v\u00f2i sen l\u1edbn ho\u1eb7c b\u1ed3n t\u1eafm, truy c\u1eadp internet \u1ed5n \u0111\u1ecbnh v\u00e0 TV m\u00e0n h\u00ecnh ph\u1eb3ng, \u0111\u1ea3m b\u1ea3o m\u1ecdi k\u1ef3 ngh\u1ec9 \u0111\u1ec1u tho\u1ea3i m\u00e1i v\u00e0 tr\u1ecdn v\u1eb9n.<\/p>\n","protected":false},"excerpt":{"rendered":"<p>Ph\u00f2ng Classic l\u00e0 s\u1ef1 h\u00f2a quy\u1ec7n tinh t\u1ebf gi\u1eefa n\u00e9t duy\u00ean d\u00e1ng c\u1ed5 \u0111i\u1ec3n v\u00e0 ti\u1ec7n nghi ngh\u1ec9 d\u01b0\u1ee1ng tinh t\u1ebf, n\u1ed5i b\u1eadt v\u1edbi \u0111\u1ed3 n\u1ed9i th\u1ea5t g\u1ed7 s\u1eabm m\u00e0u c\u00f9ng b\u1ea3ng m\u00e0u s\u1eafc nh\u1eb9 nh\u00e0ng, \u00eam d\u1ecbu. C\u1eeda s\u1ed5 v\u1edbi t\u1ea7m nh\u00ecn ra quang c\u1ea3nh th\u00e0nh ph\u1ed1 mang \u00e1nh s\u00e1ng t\u1ef1 nhi\u00ean tr\u00e0n v\u00e0o [&hellip;]<\/p>\n","protected":false},"author":5,"featured_media":0,"parent":30,"menu_order":0,"comment_status":"closed","ping_status":"closed","template":"template-single-room.php","meta":{"footnotes":""},"yoast_head":"<!-- This site is optimized with the Yoast SEO plugin v22.3 - https:\/\/yoast.com\/wordpress\/plugins\/seo\/ -->\n<title>Ph\u00f2ng Classic | Hoi An Historic Hotel<\/title>\n<meta name=\"description\" content=\"Kh\u00e1m ph\u00e1 ph\u00f2ng Classic: n\u1ed9i th\u1ea5t trang nh\u00e3, t\u1ea7m nh\u00ecn ra th\u00e0nh ph\u1ed1 v\u00e0 \u0111\u1ea7y \u0111\u1ee7 ti\u1ec7n nghi, \u0111\u1ea3m b\u1ea3o m\u1ed9t k\u1ef3 ngh\u1ec9 th\u01b0 gi\u00e3n v\u00e0 tho\u1ea3i m\u00e1i t\u1ea1i kh\u00e1ch s\u1ea1n \u1edf ph\u1ed1 c\u1ed5 H\u1ed9i An.\" \/>\n<meta name=\"robots\" content=\"index, follow, max-snippet:-1, max-image-preview:large, max-video-preview:-1\" \/>\n<link rel=\"canonical\" href=\"https:\/\/www.hoianhistorichotel.com.vn\/vi\/rooms-suites\/classic-room\/\" \/>\n<meta property=\"og:locale\" content=\"vi_VN\" \/>\n<meta property=\"og:type\" content=\"article\" \/>\n<meta property=\"og:title\" content=\"Ph\u00f2ng Classic | Hoi An Historic Hotel\" \/>\n<meta property=\"og:description\" content=\"Kh\u00e1m ph\u00e1 ph\u00f2ng Classic: n\u1ed9i th\u1ea5t trang nh\u00e3, t\u1ea7m nh\u00ecn ra th\u00e0nh ph\u1ed1 v\u00e0 \u0111\u1ea7y \u0111\u1ee7 ti\u1ec7n nghi, \u0111\u1ea3m b\u1ea3o m\u1ed9t k\u1ef3 ngh\u1ec9 th\u01b0 gi\u00e3n v\u00e0 tho\u1ea3i m\u00e1i t\u1ea1i kh\u00e1ch s\u1ea1n \u1edf ph\u1ed1 c\u1ed5 H\u1ed9i An.\" \/>\n<meta property=\"og:url\" content=\"https:\/\/www.hoianhistorichotel.com.vn\/vi\/rooms-suites\/classic-room\/\" \/>\n<meta property=\"og:site_name\" content=\"Hoi An Historic Hotel\" \/>\n<meta property=\"article:modified_time\" content=\"2026-01-19T05:19:55+00:00\" \/>\n<meta name=\"twitter:card\" content=\"summary_large_image\" \/>\n<meta name=\"twitter:label1\" content=\"Est. reading time\" \/>\n\t<meta name=\"twitter:data1\" content=\"1 minute\" \/>\n<script type=\"application\/ld+json\" class=\"yoast-schema-graph\">{\"@context\":\"https:\/\/schema.org\",\"@graph\":[{\"@type\":\"WebPage\",\"@id\":\"https:\/\/www.hoianhistorichotel.com.vn\/vi\/rooms-suites\/classic-room\/\",\"url\":\"https:\/\/www.hoianhistorichotel.com.vn\/vi\/rooms-suites\/classic-room\/\",\"name\":\"Ph\u00f2ng Classic | Hoi An Historic Hotel\",\"isPartOf\":{\"@id\":\"https:\/\/www.hoianhistorichotel.com.vn\/vi\/#website\"},\"datePublished\":\"2026-01-07T06:45:57+00:00\",\"dateModified\":\"2026-01-19T05:19:55+00:00\",\"description\":\"Kh\u00e1m ph\u00e1 ph\u00f2ng Classic: n\u1ed9i th\u1ea5t trang nh\u00e3, t\u1ea7m nh\u00ecn ra th\u00e0nh ph\u1ed1 v\u00e0 \u0111\u1ea7y \u0111\u1ee7 ti\u1ec7n nghi, \u0111\u1ea3m b\u1ea3o m\u1ed9t k\u1ef3 ngh\u1ec9 th\u01b0 gi\u00e3n v\u00e0 tho\u1ea3i m\u00e1i t\u1ea1i kh\u00e1ch s\u1ea1n \u1edf ph\u1ed1 c\u1ed5 H\u1ed9i An.\",\"breadcrumb\":{\"@id\":\"https:\/\/www.hoianhistorichotel.com.vn\/vi\/rooms-suites\/classic-room\/#breadcrumb\"},\"inLanguage\":\"vi-VN\",\"potentialAction\":[{\"@type\":\"ReadAction\",\"target\":[\"https:\/\/www.hoianhistorichotel.com.vn\/vi\/rooms-suites\/classic-room\/\"]}]},{\"@type\":\"BreadcrumbList\",\"@id\":\"https:\/\/www.hoianhistorichotel.com.vn\/vi\/rooms-suites\/classic-room\/#breadcrumb\",\"itemListElement\":[{\"@type\":\"ListItem\",\"position\":1,\"name\":\"Home\",\"item\":\"https:\/\/www.hoianhistorichotel.com.vn\/vi\/\"},{\"@type\":\"ListItem\",\"position\":2,\"name\":\"Ph\u00f2ng Ngh\u1ec9 &#038; Suites\",\"item\":\"https:\/\/www.hoianhistorichotel.com.vn\/vi\/rooms-suites\/\"},{\"@type\":\"ListItem\",\"position\":3,\"name\":\"Ph\u00f2ng Classic\"}]},{\"@type\":\"WebSite\",\"@id\":\"https:\/\/www.hoianhistorichotel.com.vn\/vi\/#website\",\"url\":\"https:\/\/www.hoianhistorichotel.com.vn\/vi\/\",\"name\":\"Hoi An Historic Hotel\",\"description\":\"\",\"potentialAction\":[{\"@type\":\"SearchAction\",\"target\":{\"@type\":\"EntryPoint\",\"urlTemplate\":\"https:\/\/www.hoianhistorichotel.com.vn\/vi\/?s={search_term_string}\"},\"query-input\":\"required name=search_term_string\"}],\"inLanguage\":\"vi-VN\"}]}<\/script>\n<!-- \/ Yoast SEO plugin. -->","yoast_head_json":{"title":"Ph\u00f2ng Classic | Hoi An Historic Hotel","description":"Kh\u00e1m ph\u00e1 ph\u00f2ng Classic: n\u1ed9i th\u1ea5t trang nh\u00e3, t\u1ea7m nh\u00ecn ra th\u00e0nh ph\u1ed1 v\u00e0 \u0111\u1ea7y \u0111\u1ee7 ti\u1ec7n nghi, \u0111\u1ea3m b\u1ea3o m\u1ed9t k\u1ef3 ngh\u1ec9 th\u01b0 gi\u00e3n v\u00e0 tho\u1ea3i m\u00e1i t\u1ea1i kh\u00e1ch s\u1ea1n \u1edf ph\u1ed1 c\u1ed5 H\u1ed9i An.","robots":{"index":"index","follow":"follow","max-snippet":"max-snippet:-1","max-image-preview":"max-image-preview:large","max-video-preview":"max-video-preview:-1"},"canonical":"https:\/\/www.hoianhistorichotel.com.vn\/vi\/rooms-suites\/classic-room\/","og_locale":"vi_VN","og_type":"article","og_title":"Ph\u00f2ng Classic | Hoi An Historic Hotel","og_description":"Kh\u00e1m ph\u00e1 ph\u00f2ng Classic: n\u1ed9i th\u1ea5t trang nh\u00e3, t\u1ea7m nh\u00ecn ra th\u00e0nh ph\u1ed1 v\u00e0 \u0111\u1ea7y \u0111\u1ee7 ti\u1ec7n nghi, \u0111\u1ea3m b\u1ea3o m\u1ed9t k\u1ef3 ngh\u1ec9 th\u01b0 gi\u00e3n v\u00e0 tho\u1ea3i m\u00e1i t\u1ea1i kh\u00e1ch s\u1ea1n \u1edf ph\u1ed1 c\u1ed5 H\u1ed9i An.","og_url":"https:\/\/www.hoianhistorichotel.com.vn\/vi\/rooms-suites\/classic-room\/","og_site_name":"Hoi An Historic Hotel","article_modified_time":"2026-01-19T05:19:55+00:00","twitter_card":"summary_large_image","twitter_misc":{"Est. reading time":"1 minute"},"schema":{"@context":"https:\/\/schema.org","@graph":[{"@type":"WebPage","@id":"https:\/\/www.hoianhistorichotel.com.vn\/vi\/rooms-suites\/classic-room\/","url":"https:\/\/www.hoianhistorichotel.com.vn\/vi\/rooms-suites\/classic-room\/","name":"Ph\u00f2ng Classic | Hoi An Historic Hotel","isPartOf":{"@id":"https:\/\/www.hoianhistorichotel.com.vn\/vi\/#website"},"datePublished":"2026-01-07T06:45:57+00:00","dateModified":"2026-01-19T05:19:55+00:00","description":"Kh\u00e1m ph\u00e1 ph\u00f2ng Classic: n\u1ed9i th\u1ea5t trang nh\u00e3, t\u1ea7m nh\u00ecn ra th\u00e0nh ph\u1ed1 v\u00e0 \u0111\u1ea7y \u0111\u1ee7 ti\u1ec7n nghi, \u0111\u1ea3m b\u1ea3o m\u1ed9t k\u1ef3 ngh\u1ec9 th\u01b0 gi\u00e3n v\u00e0 tho\u1ea3i m\u00e1i t\u1ea1i kh\u00e1ch s\u1ea1n \u1edf ph\u1ed1 c\u1ed5 H\u1ed9i An.","breadcrumb":{"@id":"https:\/\/www.hoianhistorichotel.com.vn\/vi\/rooms-suites\/classic-room\/#breadcrumb"},"inLanguage":"vi-VN","potentialAction":[{"@type":"ReadAction","target":["https:\/\/www.hoianhistorichotel.com.vn\/vi\/rooms-suites\/classic-room\/"]}]},{"@type":"BreadcrumbList","@id":"https:\/\/www.hoianhistorichotel.com.vn\/vi\/rooms-suites\/classic-room\/#breadcrumb","itemListElement":[{"@type":"ListItem","position":1,"name":"Home","item":"https:\/\/www.hoianhistorichotel.com.vn\/vi\/"},{"@type":"ListItem","position":2,"name":"Ph\u00f2ng Ngh\u1ec9 &#038; Suites","item":"https:\/\/www.hoianhistorichotel.com.vn\/vi\/rooms-suites\/"},{"@type":"ListItem","position":3,"name":"Ph\u00f2ng Classic"}]},{"@type":"WebSite","@id":"https:\/\/www.hoianhistorichotel.com.vn\/vi\/#website","url":"https:\/\/www.hoianhistorichotel.com.vn\/vi\/","name":"Hoi An Historic Hotel","description":"","potentialAction":[{"@type":"SearchAction","target":{"@type":"EntryPoint","urlTemplate":"https:\/\/www.hoianhistorichotel.com.vn\/vi\/?s={search_term_string}"},"query-input":"required name=search_term_string"}],"inLanguage":"vi-VN"}]}},"acf":[],"_links":{"self":[{"href":"https:\/\/www.hoianhistorichotel.com.vn\/vi\/wp-json\/wp\/v2\/pages\/48"}],"collection":[{"href":"https:\/\/www.hoianhistorichotel.com.vn\/vi\/wp-json\/wp\/v2\/pages"}],"about":[{"href":"https:\/\/www.hoianhistorichotel.com.vn\/vi\/wp-json\/wp\/v2\/types\/page"}],"author":[{"embeddable":true,"href":"https:\/\/www.hoianhistorichotel.com.vn\/vi\/wp-json\/wp\/v2\/users\/5"}],"replies":[{"embeddable":true,"href":"https:\/\/www.hoianhistorichotel.com.vn\/vi\/wp-json\/wp\/v2\/comments?post=48"}],"version-history":[{"count":0,"href":"https:\/\/www.hoianhistorichotel.com.vn\/vi\/wp-json\/wp\/v2\/pages\/48\/revisions"}],"up":[{"embeddable":true,"href":"https:\/\/www.hoianhistorichotel.com.vn\/vi\/wp-json\/wp\/v2\/pages\/30"}],"wp:attachment":[{"href":"https:\/\/www.hoianhistorichotel.com.vn\/vi\/wp-json\/wp\/v2\/media?parent=48"}],"curies":[{"name":"wp","href":"https:\/\/api.w.org\/{rel}","templated":true}]}}