{"id":89,"date":"2026-01-07T07:01:18","date_gmt":"2026-01-07T07:01:18","guid":{"rendered":"https:\/\/hoian-historic-hotel.ms2.decms.asia\/dining\/"},"modified":"2026-01-19T06:01:29","modified_gmt":"2026-01-19T06:01:29","slug":"dining","status":"publish","type":"page","link":"https:\/\/www.hoianhistorichotel.com.vn\/vi\/dining\/","title":{"rendered":"\u1ea8m Th\u1ef1c &#038; Qu\u1ea7y Bar"},"content":{"rendered":"<p>V\u1edbi hai nh\u00e0 h\u00e0ng v\u00e0 hai qu\u1ea7y bar, Kh\u00e1ch s\u1ea1n H\u1ed9i An Historic mang \u0111\u1ebfn tr\u1ea3i nghi\u1ec7m \u1ea9m th\u1ef1c \u0111a d\u1ea1ng, k\u1ebft h\u1ee3p c\u00f9ng nh\u1eefng kho\u1ea3nh kh\u1eafc th\u01b0 gi\u00e3n tuy\u1ec7t \u0111\u1ed1i. Qu\u00fd kh\u00e1ch c\u00f3 th\u1ec3 th\u01b0\u1edfng th\u1ee9c c\u00e1c m\u00f3n \u0103n phong c\u00e1ch Ph\u01b0\u01a1ng T\u00e2y t\u1ea1i The Oaks Terrace ho\u1eb7c kh\u00e1m ph\u00e1 h\u01b0\u01a1ng v\u1ecb Vi\u1ec7t Nam v\u00e0 ch\u00e2u \u00c1 t\u1ea1i Indochine Corner. B\u00ean h\u1ed3 b\u01a1i, Western Bar ph\u1ee5c v\u1ee5 \u0111\u1ed3 u\u1ed1ng gi\u1ea3i kh\u00e1t v\u00e0 c\u00e1c m\u00f3n \u0103n \u00dd, trong khi Garden Bar cung c\u1ea5p nhi\u1ec1u lo\u1ea1i \u0111\u1ed3 u\u1ed1ng ho\u00e0n h\u1ea3o \u0111\u1ec3 th\u01b0 gi\u00e3n. T\u1eeb cocktail b\u00ean h\u1ed3 b\u01a1i \u0111\u1ebfn \u1ea9m th\u1ef1c truy\u1ec1n th\u1ed1ng, m\u1ecdi kh\u1ea9u v\u1ecb \u0111\u1ec1u \u0111\u01b0\u1ee3c ch\u0103m ch\u00fat chu \u0111\u00e1o.<\/p>\n","protected":false},"excerpt":{"rendered":"<p>V\u1edbi hai nh\u00e0 h\u00e0ng v\u00e0 hai qu\u1ea7y bar, Kh\u00e1ch s\u1ea1n H\u1ed9i An Historic mang \u0111\u1ebfn tr\u1ea3i nghi\u1ec7m \u1ea9m th\u1ef1c \u0111a d\u1ea1ng, k\u1ebft h\u1ee3p c\u00f9ng nh\u1eefng kho\u1ea3nh kh\u1eafc th\u01b0 gi\u00e3n tuy\u1ec7t \u0111\u1ed1i. Qu\u00fd kh\u00e1ch c\u00f3 th\u1ec3 th\u01b0\u1edfng th\u1ee9c c\u00e1c m\u00f3n \u0103n phong c\u00e1ch Ph\u01b0\u01a1ng T\u00e2y t\u1ea1i The Oaks Terrace ho\u1eb7c kh\u00e1m ph\u00e1 h\u01b0\u01a1ng v\u1ecb Vi\u1ec7t Nam [&hellip;]<\/p>\n","protected":false},"author":5,"featured_media":0,"parent":0,"menu_order":0,"comment_status":"closed","ping_status":"closed","template":"template-restaurants.php","meta":{"footnotes":""},"yoast_head":"<!-- This site is optimized with the Yoast SEO plugin v22.3 - https:\/\/yoast.com\/wordpress\/plugins\/seo\/ -->\n<title>\u1ea8m Th\u1ef1c &amp; Qu\u1ea7y Bar t\u1ea1i Hoi An Historic Hotel | H\u01b0\u01a1ng V\u1ecb \u0110\u1eb7c Tr\u01b0ng<\/title>\n<meta name=\"description\" content=\"Kh\u00e1m ph\u00e1 tr\u1ea3i nghi\u1ec7m \u1ea9m th\u1ef1c \u0111a d\u1ea1ng t\u1ea1i Hoi An Historic Hotel v\u1edbi m\u00f3n Vi\u1ec7t, \u00c1, \u00c2u v\u00e0 cocktail b\u00ean h\u1ed3 b\u01a1i trong kh\u00f4ng gian xanh m\u00e1t th\u01b0 gi\u00e3n.\" \/>\n<meta name=\"robots\" content=\"index, follow, max-snippet:-1, max-image-preview:large, max-video-preview:-1\" \/>\n<link rel=\"canonical\" href=\"https:\/\/www.hoianhistorichotel.com.vn\/vi\/dining\/\" \/>\n<meta property=\"og:locale\" content=\"vi_VN\" \/>\n<meta property=\"og:type\" content=\"article\" \/>\n<meta property=\"og:title\" content=\"\u1ea8m Th\u1ef1c &amp; Qu\u1ea7y Bar t\u1ea1i Hoi An Historic Hotel | H\u01b0\u01a1ng V\u1ecb \u0110\u1eb7c Tr\u01b0ng\" \/>\n<meta property=\"og:description\" content=\"Kh\u00e1m ph\u00e1 tr\u1ea3i nghi\u1ec7m \u1ea9m th\u1ef1c \u0111a d\u1ea1ng t\u1ea1i Hoi An Historic Hotel v\u1edbi m\u00f3n Vi\u1ec7t, \u00c1, \u00c2u v\u00e0 cocktail b\u00ean h\u1ed3 b\u01a1i trong kh\u00f4ng gian xanh m\u00e1t th\u01b0 gi\u00e3n.\" \/>\n<meta property=\"og:url\" content=\"https:\/\/www.hoianhistorichotel.com.vn\/vi\/dining\/\" \/>\n<meta property=\"og:site_name\" content=\"Hoi An Historic Hotel\" \/>\n<meta property=\"article:modified_time\" content=\"2026-01-19T06:01:29+00:00\" \/>\n<meta name=\"twitter:card\" content=\"summary_large_image\" \/>\n<meta name=\"twitter:label1\" content=\"Est. reading time\" \/>\n\t<meta name=\"twitter:data1\" content=\"1 minute\" \/>\n<script type=\"application\/ld+json\" class=\"yoast-schema-graph\">{\"@context\":\"https:\/\/schema.org\",\"@graph\":[{\"@type\":\"WebPage\",\"@id\":\"https:\/\/www.hoianhistorichotel.com.vn\/vi\/dining\/\",\"url\":\"https:\/\/www.hoianhistorichotel.com.vn\/vi\/dining\/\",\"name\":\"\u1ea8m Th\u1ef1c & Qu\u1ea7y Bar t\u1ea1i Hoi An Historic Hotel | H\u01b0\u01a1ng V\u1ecb \u0110\u1eb7c Tr\u01b0ng\",\"isPartOf\":{\"@id\":\"https:\/\/www.hoianhistorichotel.com.vn\/vi\/#website\"},\"datePublished\":\"2026-01-07T07:01:18+00:00\",\"dateModified\":\"2026-01-19T06:01:29+00:00\",\"description\":\"Kh\u00e1m ph\u00e1 tr\u1ea3i nghi\u1ec7m \u1ea9m th\u1ef1c \u0111a d\u1ea1ng t\u1ea1i Hoi An Historic Hotel v\u1edbi m\u00f3n Vi\u1ec7t, \u00c1, \u00c2u v\u00e0 cocktail b\u00ean h\u1ed3 b\u01a1i trong kh\u00f4ng gian xanh m\u00e1t th\u01b0 gi\u00e3n.\",\"breadcrumb\":{\"@id\":\"https:\/\/www.hoianhistorichotel.com.vn\/vi\/dining\/#breadcrumb\"},\"inLanguage\":\"vi-VN\",\"potentialAction\":[{\"@type\":\"ReadAction\",\"target\":[\"https:\/\/www.hoianhistorichotel.com.vn\/vi\/dining\/\"]}]},{\"@type\":\"BreadcrumbList\",\"@id\":\"https:\/\/www.hoianhistorichotel.com.vn\/vi\/dining\/#breadcrumb\",\"itemListElement\":[{\"@type\":\"ListItem\",\"position\":1,\"name\":\"Home\",\"item\":\"https:\/\/www.hoianhistorichotel.com.vn\/vi\/\"},{\"@type\":\"ListItem\",\"position\":2,\"name\":\"\u1ea8m Th\u1ef1c &#038; Qu\u1ea7y Bar\"}]},{\"@type\":\"WebSite\",\"@id\":\"https:\/\/www.hoianhistorichotel.com.vn\/vi\/#website\",\"url\":\"https:\/\/www.hoianhistorichotel.com.vn\/vi\/\",\"name\":\"Hoi An Historic Hotel\",\"description\":\"\",\"potentialAction\":[{\"@type\":\"SearchAction\",\"target\":{\"@type\":\"EntryPoint\",\"urlTemplate\":\"https:\/\/www.hoianhistorichotel.com.vn\/vi\/?s={search_term_string}\"},\"query-input\":\"required name=search_term_string\"}],\"inLanguage\":\"vi-VN\"}]}<\/script>\n<!-- \/ Yoast SEO plugin. -->","yoast_head_json":{"title":"\u1ea8m Th\u1ef1c & Qu\u1ea7y Bar t\u1ea1i Hoi An Historic Hotel | H\u01b0\u01a1ng V\u1ecb \u0110\u1eb7c Tr\u01b0ng","description":"Kh\u00e1m ph\u00e1 tr\u1ea3i nghi\u1ec7m \u1ea9m th\u1ef1c \u0111a d\u1ea1ng t\u1ea1i Hoi An Historic Hotel v\u1edbi m\u00f3n Vi\u1ec7t, \u00c1, \u00c2u v\u00e0 cocktail b\u00ean h\u1ed3 b\u01a1i trong kh\u00f4ng gian xanh m\u00e1t th\u01b0 gi\u00e3n.","robots":{"index":"index","follow":"follow","max-snippet":"max-snippet:-1","max-image-preview":"max-image-preview:large","max-video-preview":"max-video-preview:-1"},"canonical":"https:\/\/www.hoianhistorichotel.com.vn\/vi\/dining\/","og_locale":"vi_VN","og_type":"article","og_title":"\u1ea8m Th\u1ef1c & Qu\u1ea7y Bar t\u1ea1i Hoi An Historic Hotel | H\u01b0\u01a1ng V\u1ecb \u0110\u1eb7c Tr\u01b0ng","og_description":"Kh\u00e1m ph\u00e1 tr\u1ea3i nghi\u1ec7m \u1ea9m th\u1ef1c \u0111a d\u1ea1ng t\u1ea1i Hoi An Historic Hotel v\u1edbi m\u00f3n Vi\u1ec7t, \u00c1, \u00c2u v\u00e0 cocktail b\u00ean h\u1ed3 b\u01a1i trong kh\u00f4ng gian xanh m\u00e1t th\u01b0 gi\u00e3n.","og_url":"https:\/\/www.hoianhistorichotel.com.vn\/vi\/dining\/","og_site_name":"Hoi An Historic Hotel","article_modified_time":"2026-01-19T06:01:29+00:00","twitter_card":"summary_large_image","twitter_misc":{"Est. reading time":"1 minute"},"schema":{"@context":"https:\/\/schema.org","@graph":[{"@type":"WebPage","@id":"https:\/\/www.hoianhistorichotel.com.vn\/vi\/dining\/","url":"https:\/\/www.hoianhistorichotel.com.vn\/vi\/dining\/","name":"\u1ea8m Th\u1ef1c & Qu\u1ea7y Bar t\u1ea1i Hoi An Historic Hotel | H\u01b0\u01a1ng V\u1ecb \u0110\u1eb7c Tr\u01b0ng","isPartOf":{"@id":"https:\/\/www.hoianhistorichotel.com.vn\/vi\/#website"},"datePublished":"2026-01-07T07:01:18+00:00","dateModified":"2026-01-19T06:01:29+00:00","description":"Kh\u00e1m ph\u00e1 tr\u1ea3i nghi\u1ec7m \u1ea9m th\u1ef1c \u0111a d\u1ea1ng t\u1ea1i Hoi An Historic Hotel v\u1edbi m\u00f3n Vi\u1ec7t, \u00c1, \u00c2u v\u00e0 cocktail b\u00ean h\u1ed3 b\u01a1i trong kh\u00f4ng gian xanh m\u00e1t th\u01b0 gi\u00e3n.","breadcrumb":{"@id":"https:\/\/www.hoianhistorichotel.com.vn\/vi\/dining\/#breadcrumb"},"inLanguage":"vi-VN","potentialAction":[{"@type":"ReadAction","target":["https:\/\/www.hoianhistorichotel.com.vn\/vi\/dining\/"]}]},{"@type":"BreadcrumbList","@id":"https:\/\/www.hoianhistorichotel.com.vn\/vi\/dining\/#breadcrumb","itemListElement":[{"@type":"ListItem","position":1,"name":"Home","item":"https:\/\/www.hoianhistorichotel.com.vn\/vi\/"},{"@type":"ListItem","position":2,"name":"\u1ea8m Th\u1ef1c &#038; Qu\u1ea7y Bar"}]},{"@type":"WebSite","@id":"https:\/\/www.hoianhistorichotel.com.vn\/vi\/#website","url":"https:\/\/www.hoianhistorichotel.com.vn\/vi\/","name":"Hoi An Historic Hotel","description":"","potentialAction":[{"@type":"SearchAction","target":{"@type":"EntryPoint","urlTemplate":"https:\/\/www.hoianhistorichotel.com.vn\/vi\/?s={search_term_string}"},"query-input":"required name=search_term_string"}],"inLanguage":"vi-VN"}]}},"acf":[],"_links":{"self":[{"href":"https:\/\/www.hoianhistorichotel.com.vn\/vi\/wp-json\/wp\/v2\/pages\/89"}],"collection":[{"href":"https:\/\/www.hoianhistorichotel.com.vn\/vi\/wp-json\/wp\/v2\/pages"}],"about":[{"href":"https:\/\/www.hoianhistorichotel.com.vn\/vi\/wp-json\/wp\/v2\/types\/page"}],"author":[{"embeddable":true,"href":"https:\/\/www.hoianhistorichotel.com.vn\/vi\/wp-json\/wp\/v2\/users\/5"}],"replies":[{"embeddable":true,"href":"https:\/\/www.hoianhistorichotel.com.vn\/vi\/wp-json\/wp\/v2\/comments?post=89"}],"version-history":[{"count":0,"href":"https:\/\/www.hoianhistorichotel.com.vn\/vi\/wp-json\/wp\/v2\/pages\/89\/revisions"}],"wp:attachment":[{"href":"https:\/\/www.hoianhistorichotel.com.vn\/vi\/wp-json\/wp\/v2\/media?parent=89"}],"curies":[{"name":"wp","href":"https:\/\/api.w.org\/{rel}","templated":true}]}}